{"id":4257,"date":"2023-10-09T18:45:38","date_gmt":"2023-10-09T21:45:38","guid":{"rendered":"https:\/\/www.tacticasoft.com\/?page_id=4257"},"modified":"2025-08-26T10:58:37","modified_gmt":"2025-08-26T13:58:37","slug":"tsplus-para-tacticasoft","status":"publish","type":"page","link":"https:\/\/www.tacticasoft.com\/en\/tsplus-para-tacticasoft\/","title":{"rendered":"TSPLUS para TACTICASOFT"},"content":{"rendered":"<div data-elementor-type=\"wp-page\" data-elementor-id=\"4257\" class=\"elementor elementor-4257\" data-elementor-post-type=\"page\">\n\t\t\t\t\t\t<section class=\"elementor-section elementor-top-section elementor-element elementor-element-19981cfb elementor-section-stretched elementor-section-boxed elementor-section-height-default elementor-section-height-default\" data-id=\"19981cfb\" data-element_type=\"section\" data-settings=\"{&quot;stretch_section&quot;:&quot;section-stretched&quot;,&quot;background_background&quot;:&quot;classic&quot;}\">\n\t\t\t\t\t\t<div class=\"elementor-container elementor-column-gap-default\">\n\t\t\t\t\t<div class=\"elementor-column elementor-col-100 elementor-top-column elementor-element elementor-element-31cfd4ee\" data-id=\"31cfd4ee\" data-element_type=\"column\">\n\t\t\t<div class=\"elementor-widget-wrap elementor-element-populated\">\n\t\t\t\t\t\t<div class=\"elementor-element elementor-element-6ec9d111 elementor-widget elementor-widget-heading\" data-id=\"6ec9d111\" data-element_type=\"widget\" data-widget_type=\"heading.default\">\n\t\t\t\t<div class=\"elementor-widget-container\">\n\t\t\t\t\t<h1 class=\"elementor-heading-title elementor-size-default\">TSPlus para TACTICASOFT: Llev\u00e1 TACTICA con vos<\/h1>\t\t\t\t<\/div>\n\t\t\t\t<\/div>\n\t\t\t\t<div class=\"elementor-element elementor-element-66c890ee elementor-widget-divider--separator-type-pattern elementor-widget-divider--view-line elementor-widget elementor-widget-divider\" data-id=\"66c890ee\" data-element_type=\"widget\" data-widget_type=\"divider.default\">\n\t\t\t\t<div class=\"elementor-widget-container\">\n\t\t\t\t\t\t\t<div class=\"elementor-divider\" style=\"--divider-pattern-url: url(&quot;data:image\/svg+xml,%3Csvg xmlns=&#039;http:\/\/www.w3.org\/2000\/svg&#039; preserveAspectRatio=&#039;none&#039; overflow=&#039;visible&#039; height=&#039;100%&#039; viewBox=&#039;0 0 24 24&#039; fill=&#039;black&#039; stroke=&#039;none&#039;%3E%3Cpolygon points=&#039;9.4,2 24,2 14.6,21.6 0,21.6&#039;\/%3E%3C\/svg%3E&quot;);\">\n\t\t\t<span class=\"elementor-divider-separator\">\n\t\t\t\t\t\t<\/span>\n\t\t<\/div>\n\t\t\t\t\t\t<\/div>\n\t\t\t\t<\/div>\n\t\t\t\t\t<\/div>\n\t\t<\/div>\n\t\t\t\t\t<\/div>\n\t\t<\/section>\n\t\t\t\t<section class=\"elementor-section elementor-top-section elementor-element elementor-element-c2e1ac7 elementor-section-boxed elementor-section-height-default elementor-section-height-default\" data-id=\"c2e1ac7\" data-element_type=\"section\">\n\t\t\t\t\t\t<div class=\"elementor-container elementor-column-gap-default\">\n\t\t\t\t\t<div class=\"elementor-column elementor-col-100 elementor-top-column elementor-element elementor-element-29cb90e\" data-id=\"29cb90e\" data-element_type=\"column\">\n\t\t\t<div class=\"elementor-widget-wrap elementor-element-populated\">\n\t\t\t\t\t\t<section class=\"elementor-section elementor-inner-section elementor-element elementor-element-3ea36d4 elementor-section-boxed elementor-section-height-default elementor-section-height-default\" data-id=\"3ea36d4\" data-element_type=\"section\">\n\t\t\t\t\t\t<div class=\"elementor-container elementor-column-gap-default\">\n\t\t\t\t\t<div class=\"elementor-column elementor-col-50 elementor-inner-column elementor-element elementor-element-77656e4\" data-id=\"77656e4\" data-element_type=\"column\">\n\t\t\t<div class=\"elementor-widget-wrap elementor-element-populated\">\n\t\t\t\t\t\t<div class=\"elementor-element elementor-element-eafdb1b elementor-widget elementor-widget-text-editor\" data-id=\"eafdb1b\" data-element_type=\"widget\" data-widget_type=\"text-editor.default\">\n\t\t\t\t<div class=\"elementor-widget-container\">\n\t\t\t\t\t\t\t\t\t<p><span style=\"font-weight: 400;\">Imag\u00ednate tener acceso a <span style=\"color: #ff0000;\"><strong>TACTICA<\/strong><\/span> en cualquier momento y desde cualquier lugar. Con <span style=\"color: #ff0000;\"><strong>TSPlus<\/strong><\/span>, esa posibilidad se hace realidad. Ahora podes utilizar los m\u00f3dulos de <span style=\"color: #ff0000;\"><strong>TACTICA<\/strong><\/span> como si estuvieras en tu propia oficina, ya sea en tu casa, en un caf\u00e9 o en otro pa\u00eds. <span style=\"color: #ff0000;\"><strong>TSPlus<\/strong><\/span> te ofrece todas las ventajas para que aproveches al m\u00e1ximo esta libertad.<\/span><\/p>\t\t\t\t\t\t\t\t<\/div>\n\t\t\t\t<\/div>\n\t\t\t\t\t<\/div>\n\t\t<\/div>\n\t\t\t\t<div class=\"elementor-column elementor-col-50 elementor-inner-column elementor-element elementor-element-6979860\" data-id=\"6979860\" data-element_type=\"column\">\n\t\t\t<div class=\"elementor-widget-wrap elementor-element-populated\">\n\t\t\t\t\t\t<div class=\"elementor-element elementor-element-b9d4754 elementor-widget elementor-widget-video\" data-id=\"b9d4754\" data-element_type=\"widget\" data-settings=\"{&quot;youtube_url&quot;:&quot;https:\\\/\\\/www.youtube.com\\\/watch?v=mC1WhhhS-gA&amp;ab_channel=tacticasoft&quot;,&quot;video_type&quot;:&quot;youtube&quot;,&quot;controls&quot;:&quot;yes&quot;}\" data-widget_type=\"video.default\">\n\t\t\t\t<div class=\"elementor-widget-container\">\n\t\t\t\t\t\t\t<div class=\"elementor-wrapper elementor-open-inline\">\n\t\t\t<div class=\"elementor-video\"><\/div>\t\t<\/div>\n\t\t\t\t\t\t<\/div>\n\t\t\t\t<\/div>\n\t\t\t\t\t<\/div>\n\t\t<\/div>\n\t\t\t\t\t<\/div>\n\t\t<\/section>\n\t\t\t\t\t<\/div>\n\t\t<\/div>\n\t\t\t\t\t<\/div>\n\t\t<\/section>\n\t\t\t\t<section class=\"elementor-section elementor-top-section elementor-element elementor-element-1c6f2815 elementor-section-stretched elementor-section-boxed elementor-section-height-default elementor-section-height-default\" data-id=\"1c6f2815\" data-element_type=\"section\" data-settings=\"{&quot;stretch_section&quot;:&quot;section-stretched&quot;,&quot;background_background&quot;:&quot;gradient&quot;,&quot;shape_divider_top&quot;:&quot;split&quot;}\">\n\t\t\t\t\t\t\t<div class=\"elementor-background-overlay\"><\/div>\n\t\t\t\t\t\t<div class=\"elementor-shape elementor-shape-top\" aria-hidden=\"true\" data-negative=\"false\">\n\t\t\t<svg xmlns=\"http:\/\/www.w3.org\/2000\/svg\" viewbox=\"0 0 1000 20\" preserveaspectratio=\"none\">\n\t<path class=\"elementor-shape-fill\" d=\"M0,0v3c0,0,393.8,0,483.4,0c9.2,0,16.6,7.4,16.6,16.6c0-9.1,7.4-16.6,16.6-16.6C606.2,3,1000,3,1000,3V0H0z\"\/>\n<\/svg>\t\t<\/div>\n\t\t\t\t\t<div class=\"elementor-container elementor-column-gap-default\">\n\t\t\t\t\t<div class=\"elementor-column elementor-col-50 elementor-top-column elementor-element elementor-element-3ed282e0\" data-id=\"3ed282e0\" data-element_type=\"column\">\n\t\t\t<div class=\"elementor-widget-wrap elementor-element-populated\">\n\t\t\t\t\t\t<div class=\"elementor-element elementor-element-6b259d8c elementor-position-left elementor-vertical-align-top elementor-invisible elementor-widget elementor-widget-image-box\" data-id=\"6b259d8c\" data-element_type=\"widget\" data-settings=\"{&quot;_animation&quot;:&quot;fadeInLeft&quot;}\" data-widget_type=\"image-box.default\">\n\t\t\t\t<div class=\"elementor-widget-container\">\n\t\t\t\t\t<div class=\"elementor-image-box-wrapper\"><figure class=\"elementor-image-box-img\"><img decoding=\"async\" width=\"48\" height=\"48\" src=\"https:\/\/www.tacticasoft.com\/wp-content\/uploads\/2023\/05\/contactos48-1.png\" class=\"attachment-full size-full wp-image-4033\" alt=\"\" \/><\/figure><div class=\"elementor-image-box-content\"><h3 class=\"elementor-image-box-title\">Acceso Remoto Seguro<\/h3><p class=\"elementor-image-box-description\">La seguridad de tus datos es primordial. Con TSPlus, no ten\u00e9s que preocuparte por eso. El acceso remoto se realiza de forma cifrada, manteniendo tu informaci\u00f3n confidencial protegida de cualquier amenaza. Adem\u00e1s, pod\u00e9s establecer pol\u00edticas de seguridad y autenticaci\u00f3n para tener el control total sobre qui\u00e9n puede acceder y qu\u00e9 acciones pueden realizar.<\/p><\/div><\/div>\t\t\t\t<\/div>\n\t\t\t\t<\/div>\n\t\t\t\t<div class=\"elementor-element elementor-element-39d4038a elementor-position-left elementor-vertical-align-top elementor-invisible elementor-widget elementor-widget-image-box\" data-id=\"39d4038a\" data-element_type=\"widget\" data-settings=\"{&quot;_animation&quot;:&quot;fadeInLeft&quot;}\" data-widget_type=\"image-box.default\">\n\t\t\t\t<div class=\"elementor-widget-container\">\n\t\t\t\t\t<div class=\"elementor-image-box-wrapper\"><figure class=\"elementor-image-box-img\"><img decoding=\"async\" width=\"48\" height=\"48\" src=\"https:\/\/www.tacticasoft.com\/wp-content\/uploads\/2023\/05\/Calendario_Calendario_48.png\" class=\"attachment-full size-full wp-image-4034\" alt=\"\" \/><\/figure><div class=\"elementor-image-box-content\"><h3 class=\"elementor-image-box-title\">Colaboraci\u00f3n Eficiente<\/h3><p class=\"elementor-image-box-description\">Si vos trabaj\u00e1s en equipo y necesitas colaborar en proyectos, TSPlus es tu aliado ideal. Varios usuarios pueden acceder a TACTICA y a documentos al mismo tiempo. Esto facilita la cooperaci\u00f3n sin importar d\u00f3nde est\u00e9n f\u00edsicamente. La distancia ya no ser\u00e1 un obst\u00e1culo para colaborar y trabajar en conjunto.<\/p><\/div><\/div>\t\t\t\t<\/div>\n\t\t\t\t<\/div>\n\t\t\t\t<div class=\"elementor-element elementor-element-60eb62d7 elementor-position-left elementor-vertical-align-top elementor-invisible elementor-widget elementor-widget-image-box\" data-id=\"60eb62d7\" data-element_type=\"widget\" data-settings=\"{&quot;_animation&quot;:&quot;fadeInLeft&quot;}\" data-widget_type=\"image-box.default\">\n\t\t\t\t<div class=\"elementor-widget-container\">\n\t\t\t\t\t<div class=\"elementor-image-box-wrapper\"><figure class=\"elementor-image-box-img\"><img decoding=\"async\" width=\"48\" height=\"48\" src=\"https:\/\/www.tacticasoft.com\/wp-content\/uploads\/2023\/05\/Campanas_Modulo-General_1_48.png\" class=\"attachment-full size-full wp-image-4035\" alt=\"\" \/><\/figure><div class=\"elementor-image-box-content\"><h3 class=\"elementor-image-box-title\">Escalabilidad<\/h3><p class=\"elementor-image-box-description\">A medida que tu empresa crece, TSPlus crece junto a vos. No importa cu\u00e1ntos usuarios o recursos necesites, TSPlus es altamente escalable y se adapta a tus requerimientos. Evita inversiones adicionales en infraestructura y asegura que tu soluci\u00f3n crezca en sinton\u00eda con tu negocio.<\/p><\/div><\/div>\t\t\t\t<\/div>\n\t\t\t\t<\/div>\n\t\t\t\t\t<\/div>\n\t\t<\/div>\n\t\t\t\t<div class=\"elementor-column elementor-col-50 elementor-top-column elementor-element elementor-element-2aed92f7\" data-id=\"2aed92f7\" data-element_type=\"column\">\n\t\t\t<div class=\"elementor-widget-wrap elementor-element-populated\">\n\t\t\t\t\t\t<div class=\"elementor-element elementor-element-758d58e5 elementor-position-left elementor-vertical-align-top elementor-invisible elementor-widget elementor-widget-image-box\" data-id=\"758d58e5\" data-element_type=\"widget\" data-settings=\"{&quot;_animation&quot;:&quot;fadeInRight&quot;}\" data-widget_type=\"image-box.default\">\n\t\t\t\t<div class=\"elementor-widget-container\">\n\t\t\t\t\t<div class=\"elementor-image-box-wrapper\"><figure class=\"elementor-image-box-img\"><img loading=\"lazy\" decoding=\"async\" width=\"48\" height=\"48\" src=\"https:\/\/www.tacticasoft.com\/wp-content\/uploads\/2023\/05\/presupuestos48.png\" class=\"attachment-full size-full wp-image-4038\" alt=\"\" \/><\/figure><div class=\"elementor-image-box-content\"><h3 class=\"elementor-image-box-title\">Flexibilidad y Movilidad<\/h3><p class=\"elementor-image-box-description\">La vida moderna exige flexibilidad, y TSPlus lo entiende perfectamente. Ahora vos pod\u00e9s acceder a TACTICA y otras aplicaciones desde cualquier dispositivo con conexi\u00f3n a Internet. Ya sea una computadora, laptop, tablet o tel\u00e9fono m\u00f3vil, todo est\u00e1 al alcance de tu mano. Trabajar desde cualquier lugar nunca fue tan sencillo y conveniente.<\/p><\/div><\/div>\t\t\t\t<\/div>\n\t\t\t\t<\/div>\n\t\t\t\t<div class=\"elementor-element elementor-element-f2babd9 elementor-position-left elementor-vertical-align-top elementor-invisible elementor-widget elementor-widget-image-box\" data-id=\"f2babd9\" data-element_type=\"widget\" data-settings=\"{&quot;_animation&quot;:&quot;fadeInRight&quot;}\" data-widget_type=\"image-box.default\">\n\t\t\t\t<div class=\"elementor-widget-container\">\n\t\t\t\t\t<div class=\"elementor-image-box-wrapper\"><figure class=\"elementor-image-box-img\"><img loading=\"lazy\" decoding=\"async\" width=\"48\" height=\"48\" src=\"https:\/\/www.tacticasoft.com\/wp-content\/uploads\/2023\/05\/tabla-dinamica48.png\" class=\"attachment-full size-full wp-image-4039\" alt=\"\" \/><\/figure><div class=\"elementor-image-box-content\"><h3 class=\"elementor-image-box-title\">Ahorro de Costos<\/h3><p class=\"elementor-image-box-description\">TSPlus no solo es conveniente, sino tambi\u00e9n econ\u00f3mico. Al permitir el acceso remoto, reduc\u00eds los costos asociados con la infraestructura f\u00edsica. Todos los usuarios pueden usar sus propios dispositivos para acceder a TACTICA, y las actualizaciones y mejoras se vuelven m\u00e1s simples, generando ahorros inmediatos.<\/p><\/div><\/div>\t\t\t\t<\/div>\n\t\t\t\t<\/div>\n\t\t\t\t\t<\/div>\n\t\t<\/div>\n\t\t\t\t\t<\/div>\n\t\t<\/section>\n\t\t\t\t<\/div>","protected":false},"excerpt":{"rendered":"<p>Es la soluci\u00f3n creada por\u00a0TACTICASOFT\u00a0para que las peque\u00f1as y medianas empresas lleven adelante de manera \u00e1gil y organizada, la informaci\u00f3n referida al sector contable y administrativo.<\/p>","protected":false},"author":1,"featured_media":0,"parent":0,"menu_order":0,"comment_status":"closed","ping_status":"closed","template":"","meta":{"_acf_changed":false,"footnotes":""},"class_list":["post-4257","page","type-page","status-publish","hentry"],"acf":[],"yoast_head":"<!-- This site is optimized with the Yoast SEO plugin v27.3 - https:\/\/yoast.com\/product\/yoast-seo-wordpress\/ -->\n<title>TSPLUS para TACTICASOFT - TACTICASOFT<\/title>\n<meta name=\"description\" content=\"Descubr\u00ed TSPLUS para TACTICASOFT y acced\u00e9 v\u00eda remoto desde cualquier lugar del mundo con acceso a internet.\" \/>\n<meta name=\"robots\" content=\"index, follow, max-snippet:-1, max-image-preview:large, max-video-preview:-1\" \/>\n<link rel=\"canonical\" href=\"https:\/\/www.tacticasoft.com\/en\/tsplus-para-tacticasoft\/\" \/>\n<meta property=\"og:locale\" content=\"en_US\" \/>\n<meta property=\"og:type\" content=\"article\" \/>\n<meta property=\"og:title\" content=\"TSPLUS para TACTICASOFT - TACTICASOFT\" \/>\n<meta property=\"og:description\" content=\"Descubr\u00ed TSPLUS para TACTICASOFT y acced\u00e9 v\u00eda remoto desde cualquier lugar del mundo con acceso a internet.\" \/>\n<meta property=\"og:url\" content=\"https:\/\/www.tacticasoft.com\/en\/tsplus-para-tacticasoft\/\" \/>\n<meta property=\"og:site_name\" content=\"TACTICASOFT\" \/>\n<meta property=\"article:modified_time\" content=\"2025-08-26T13:58:37+00:00\" \/>\n<meta property=\"og:image\" content=\"https:\/\/www.tacticasoft.com\/wp-content\/uploads\/2023\/05\/contactos48-1.png\" \/>\n\t<meta property=\"og:image:width\" content=\"48\" \/>\n\t<meta property=\"og:image:height\" content=\"48\" \/>\n\t<meta property=\"og:image:type\" content=\"image\/png\" \/>\n<meta name=\"twitter:card\" content=\"summary_large_image\" \/>\n<meta name=\"twitter:label1\" content=\"Est. reading time\" \/>\n\t<meta name=\"twitter:data1\" content=\"3 minutes\" \/>\n<script type=\"application\/ld+json\" class=\"yoast-schema-graph\">{\"@context\":\"https:\\\/\\\/schema.org\",\"@graph\":[{\"@type\":\"WebPage\",\"@id\":\"https:\\\/\\\/www.tacticasoft.com\\\/tsplus-para-tacticasoft\\\/\",\"url\":\"https:\\\/\\\/www.tacticasoft.com\\\/tsplus-para-tacticasoft\\\/\",\"name\":\"TSPLUS para TACTICASOFT - TACTICASOFT\",\"isPartOf\":{\"@id\":\"https:\\\/\\\/www.tacticasoft.com\\\/#website\"},\"primaryImageOfPage\":{\"@id\":\"https:\\\/\\\/www.tacticasoft.com\\\/tsplus-para-tacticasoft\\\/#primaryimage\"},\"image\":{\"@id\":\"https:\\\/\\\/www.tacticasoft.com\\\/tsplus-para-tacticasoft\\\/#primaryimage\"},\"thumbnailUrl\":\"https:\\\/\\\/www.tacticasoft.com\\\/wp-content\\\/uploads\\\/2023\\\/05\\\/contactos48-1.png\",\"datePublished\":\"2023-10-09T21:45:38+00:00\",\"dateModified\":\"2025-08-26T13:58:37+00:00\",\"description\":\"Descubr\u00ed TSPLUS para TACTICASOFT y acced\u00e9 v\u00eda remoto desde cualquier lugar del mundo con acceso a internet.\",\"breadcrumb\":{\"@id\":\"https:\\\/\\\/www.tacticasoft.com\\\/tsplus-para-tacticasoft\\\/#breadcrumb\"},\"inLanguage\":\"en-US\",\"potentialAction\":[{\"@type\":\"ReadAction\",\"target\":[\"https:\\\/\\\/www.tacticasoft.com\\\/tsplus-para-tacticasoft\\\/\"]}]},{\"@type\":\"ImageObject\",\"inLanguage\":\"en-US\",\"@id\":\"https:\\\/\\\/www.tacticasoft.com\\\/tsplus-para-tacticasoft\\\/#primaryimage\",\"url\":\"https:\\\/\\\/www.tacticasoft.com\\\/wp-content\\\/uploads\\\/2023\\\/05\\\/contactos48-1.png\",\"contentUrl\":\"https:\\\/\\\/www.tacticasoft.com\\\/wp-content\\\/uploads\\\/2023\\\/05\\\/contactos48-1.png\"},{\"@type\":\"BreadcrumbList\",\"@id\":\"https:\\\/\\\/www.tacticasoft.com\\\/tsplus-para-tacticasoft\\\/#breadcrumb\",\"itemListElement\":[{\"@type\":\"ListItem\",\"position\":1,\"name\":\"Inicio\",\"item\":\"https:\\\/\\\/www.tacticasoft.com\\\/\"},{\"@type\":\"ListItem\",\"position\":2,\"name\":\"TSPLUS para TACTICASOFT\"}]},{\"@type\":\"WebSite\",\"@id\":\"https:\\\/\\\/www.tacticasoft.com\\\/#website\",\"url\":\"https:\\\/\\\/www.tacticasoft.com\\\/\",\"name\":\"TACTICASOFT\",\"description\":\"Software de CRM y ERP\",\"publisher\":{\"@id\":\"https:\\\/\\\/www.tacticasoft.com\\\/#organization\"},\"potentialAction\":[{\"@type\":\"SearchAction\",\"target\":{\"@type\":\"EntryPoint\",\"urlTemplate\":\"https:\\\/\\\/www.tacticasoft.com\\\/?s={search_term_string}\"},\"query-input\":{\"@type\":\"PropertyValueSpecification\",\"valueRequired\":true,\"valueName\":\"search_term_string\"}}],\"inLanguage\":\"en-US\"},{\"@type\":\"Organization\",\"@id\":\"https:\\\/\\\/www.tacticasoft.com\\\/#organization\",\"name\":\"TACTICASOFT\",\"url\":\"https:\\\/\\\/www.tacticasoft.com\\\/\",\"logo\":{\"@type\":\"ImageObject\",\"inLanguage\":\"en-US\",\"@id\":\"https:\\\/\\\/www.tacticasoft.com\\\/#\\\/schema\\\/logo\\\/image\\\/\",\"url\":\"https:\\\/\\\/www.tacticasoft.com\\\/wp-content\\\/uploads\\\/2023\\\/01\\\/cropped-logo.png\",\"contentUrl\":\"https:\\\/\\\/www.tacticasoft.com\\\/wp-content\\\/uploads\\\/2023\\\/01\\\/cropped-logo.png\",\"width\":141,\"height\":135,\"caption\":\"TACTICASOFT\"},\"image\":{\"@id\":\"https:\\\/\\\/www.tacticasoft.com\\\/#\\\/schema\\\/logo\\\/image\\\/\"}}]}<\/script>\n<!-- \/ Yoast SEO plugin. -->","yoast_head_json":{"title":"TSPLUS para TACTICASOFT - TACTICASOFT","description":"Descubr\u00ed TSPLUS para TACTICASOFT y acced\u00e9 v\u00eda remoto desde cualquier lugar del mundo con acceso a internet.","robots":{"index":"index","follow":"follow","max-snippet":"max-snippet:-1","max-image-preview":"max-image-preview:large","max-video-preview":"max-video-preview:-1"},"canonical":"https:\/\/www.tacticasoft.com\/en\/tsplus-para-tacticasoft\/","og_locale":"en_US","og_type":"article","og_title":"TSPLUS para TACTICASOFT - TACTICASOFT","og_description":"Descubr\u00ed TSPLUS para TACTICASOFT y acced\u00e9 v\u00eda remoto desde cualquier lugar del mundo con acceso a internet.","og_url":"https:\/\/www.tacticasoft.com\/en\/tsplus-para-tacticasoft\/","og_site_name":"TACTICASOFT","article_modified_time":"2025-08-26T13:58:37+00:00","og_image":[{"width":48,"height":48,"url":"https:\/\/www.tacticasoft.com\/wp-content\/uploads\/2023\/05\/contactos48-1.png","type":"image\/png"}],"twitter_card":"summary_large_image","twitter_misc":{"Est. reading time":"3 minutes"},"schema":{"@context":"https:\/\/schema.org","@graph":[{"@type":"WebPage","@id":"https:\/\/www.tacticasoft.com\/tsplus-para-tacticasoft\/","url":"https:\/\/www.tacticasoft.com\/tsplus-para-tacticasoft\/","name":"TSPLUS para TACTICASOFT - TACTICASOFT","isPartOf":{"@id":"https:\/\/www.tacticasoft.com\/#website"},"primaryImageOfPage":{"@id":"https:\/\/www.tacticasoft.com\/tsplus-para-tacticasoft\/#primaryimage"},"image":{"@id":"https:\/\/www.tacticasoft.com\/tsplus-para-tacticasoft\/#primaryimage"},"thumbnailUrl":"https:\/\/www.tacticasoft.com\/wp-content\/uploads\/2023\/05\/contactos48-1.png","datePublished":"2023-10-09T21:45:38+00:00","dateModified":"2025-08-26T13:58:37+00:00","description":"Descubr\u00ed TSPLUS para TACTICASOFT y acced\u00e9 v\u00eda remoto desde cualquier lugar del mundo con acceso a internet.","breadcrumb":{"@id":"https:\/\/www.tacticasoft.com\/tsplus-para-tacticasoft\/#breadcrumb"},"inLanguage":"en-US","potentialAction":[{"@type":"ReadAction","target":["https:\/\/www.tacticasoft.com\/tsplus-para-tacticasoft\/"]}]},{"@type":"ImageObject","inLanguage":"en-US","@id":"https:\/\/www.tacticasoft.com\/tsplus-para-tacticasoft\/#primaryimage","url":"https:\/\/www.tacticasoft.com\/wp-content\/uploads\/2023\/05\/contactos48-1.png","contentUrl":"https:\/\/www.tacticasoft.com\/wp-content\/uploads\/2023\/05\/contactos48-1.png"},{"@type":"BreadcrumbList","@id":"https:\/\/www.tacticasoft.com\/tsplus-para-tacticasoft\/#breadcrumb","itemListElement":[{"@type":"ListItem","position":1,"name":"Inicio","item":"https:\/\/www.tacticasoft.com\/"},{"@type":"ListItem","position":2,"name":"TSPLUS para TACTICASOFT"}]},{"@type":"WebSite","@id":"https:\/\/www.tacticasoft.com\/#website","url":"https:\/\/www.tacticasoft.com\/","name":"TACTICASOFT","description":"Software de CRM y ERP","publisher":{"@id":"https:\/\/www.tacticasoft.com\/#organization"},"potentialAction":[{"@type":"SearchAction","target":{"@type":"EntryPoint","urlTemplate":"https:\/\/www.tacticasoft.com\/?s={search_term_string}"},"query-input":{"@type":"PropertyValueSpecification","valueRequired":true,"valueName":"search_term_string"}}],"inLanguage":"en-US"},{"@type":"Organization","@id":"https:\/\/www.tacticasoft.com\/#organization","name":"TACTICASOFT","url":"https:\/\/www.tacticasoft.com\/","logo":{"@type":"ImageObject","inLanguage":"en-US","@id":"https:\/\/www.tacticasoft.com\/#\/schema\/logo\/image\/","url":"https:\/\/www.tacticasoft.com\/wp-content\/uploads\/2023\/01\/cropped-logo.png","contentUrl":"https:\/\/www.tacticasoft.com\/wp-content\/uploads\/2023\/01\/cropped-logo.png","width":141,"height":135,"caption":"TACTICASOFT"},"image":{"@id":"https:\/\/www.tacticasoft.com\/#\/schema\/logo\/image\/"}}]}},"_links":{"self":[{"href":"https:\/\/www.tacticasoft.com\/en\/wp-json\/wp\/v2\/pages\/4257","targetHints":{"allow":["GET"]}}],"collection":[{"href":"https:\/\/www.tacticasoft.com\/en\/wp-json\/wp\/v2\/pages"}],"about":[{"href":"https:\/\/www.tacticasoft.com\/en\/wp-json\/wp\/v2\/types\/page"}],"author":[{"embeddable":true,"href":"https:\/\/www.tacticasoft.com\/en\/wp-json\/wp\/v2\/users\/1"}],"replies":[{"embeddable":true,"href":"https:\/\/www.tacticasoft.com\/en\/wp-json\/wp\/v2\/comments?post=4257"}],"version-history":[{"count":10,"href":"https:\/\/www.tacticasoft.com\/en\/wp-json\/wp\/v2\/pages\/4257\/revisions"}],"predecessor-version":[{"id":373934,"href":"https:\/\/www.tacticasoft.com\/en\/wp-json\/wp\/v2\/pages\/4257\/revisions\/373934"}],"wp:attachment":[{"href":"https:\/\/www.tacticasoft.com\/en\/wp-json\/wp\/v2\/media?parent=4257"}],"curies":[{"name":"wp","href":"https:\/\/api.w.org\/{rel}","templated":true}]}}