{"id":4252,"date":"2023-10-09T18:40:38","date_gmt":"2023-10-09T21:40:38","guid":{"rendered":"https:\/\/www.tacticasoft.com\/?page_id=4252"},"modified":"2025-08-26T11:02:14","modified_gmt":"2025-08-26T14:02:14","slug":"mercadolibre-sync","status":"publish","type":"page","link":"https:\/\/www.tacticasoft.com\/en\/mercadolibre-sync\/","title":{"rendered":"MERCADOLIBRE SYNC"},"content":{"rendered":"\t\t<div data-elementor-type=\"wp-page\" data-elementor-id=\"4252\" class=\"elementor elementor-4252\" data-elementor-post-type=\"page\">\n\t\t\t\t\t\t<section class=\"elementor-section elementor-top-section elementor-element elementor-element-5ca2081 elementor-section-stretched elementor-section-boxed elementor-section-height-default elementor-section-height-default\" data-id=\"5ca2081\" data-element_type=\"section\" data-settings=\"{&quot;stretch_section&quot;:&quot;section-stretched&quot;,&quot;background_background&quot;:&quot;classic&quot;}\">\n\t\t\t\t\t\t<div class=\"elementor-container elementor-column-gap-default\">\n\t\t\t\t\t<div class=\"elementor-column elementor-col-100 elementor-top-column elementor-element elementor-element-098bef8\" data-id=\"098bef8\" data-element_type=\"column\">\n\t\t\t<div class=\"elementor-widget-wrap elementor-element-populated\">\n\t\t\t\t\t\t<div class=\"elementor-element elementor-element-9cd3ef9 elementor-widget elementor-widget-heading\" data-id=\"9cd3ef9\" data-element_type=\"widget\" data-widget_type=\"heading.default\">\n\t\t\t\t<div class=\"elementor-widget-container\">\n\t\t\t\t\t<h1 class=\"elementor-heading-title elementor-size-default\">MercadoLibre Sync:<\/h1>\t\t\t\t<\/div>\n\t\t\t\t<\/div>\n\t\t\t\t<div class=\"elementor-element elementor-element-5829b7c elementor-widget elementor-widget-heading\" data-id=\"5829b7c\" data-element_type=\"widget\" data-widget_type=\"heading.default\">\n\t\t\t\t<div class=\"elementor-widget-container\">\n\t\t\t\t\t<h2 class=\"elementor-heading-title elementor-size-default\">MercadoLibre Sync: Eleva tus ventas en MercadoLibre.<\/h2>\t\t\t\t<\/div>\n\t\t\t\t<\/div>\n\t\t\t\t<div class=\"elementor-element elementor-element-5442115 elementor-widget-divider--separator-type-pattern elementor-widget-divider--view-line elementor-widget elementor-widget-divider\" data-id=\"5442115\" data-element_type=\"widget\" data-widget_type=\"divider.default\">\n\t\t\t\t<div class=\"elementor-widget-container\">\n\t\t\t\t\t\t\t<div class=\"elementor-divider\" style=\"--divider-pattern-url: url(&quot;data:image\/svg+xml,%3Csvg xmlns=&#039;http:\/\/www.w3.org\/2000\/svg&#039; preserveAspectRatio=&#039;none&#039; overflow=&#039;visible&#039; height=&#039;100%&#039; viewBox=&#039;0 0 24 24&#039; fill=&#039;black&#039; stroke=&#039;none&#039;%3E%3Cpolygon points=&#039;9.4,2 24,2 14.6,21.6 0,21.6&#039;\/%3E%3C\/svg%3E&quot;);\">\n\t\t\t<span class=\"elementor-divider-separator\">\n\t\t\t\t\t\t<\/span>\n\t\t<\/div>\n\t\t\t\t\t\t<\/div>\n\t\t\t\t<\/div>\n\t\t\t\t\t<\/div>\n\t\t<\/div>\n\t\t\t\t\t<\/div>\n\t\t<\/section>\n\t\t\t\t<section class=\"elementor-section elementor-top-section elementor-element elementor-element-331e60b elementor-section-stretched elementor-section-boxed elementor-section-height-default elementor-section-height-default\" data-id=\"331e60b\" data-element_type=\"section\" data-settings=\"{&quot;stretch_section&quot;:&quot;section-stretched&quot;}\">\n\t\t\t\t\t\t<div class=\"elementor-container elementor-column-gap-default\">\n\t\t\t\t\t<div class=\"elementor-column elementor-col-50 elementor-top-column elementor-element elementor-element-a02452e\" data-id=\"a02452e\" data-element_type=\"column\">\n\t\t\t<div class=\"elementor-widget-wrap elementor-element-populated\">\n\t\t\t\t\t\t<div class=\"elementor-element elementor-element-5205783 elementor-widget elementor-widget-text-editor\" data-id=\"5205783\" data-element_type=\"widget\" data-widget_type=\"text-editor.default\">\n\t\t\t\t<div class=\"elementor-widget-container\">\n\t\t\t\t\t\t\t\t\t<p>Si est\u00e1s gestionando operaciones de ventas a trav\u00e9s de la plataforma de comercio electr\u00f3nico <strong>MercadoLibre<\/strong>, est\u00e1s en el lugar adecuado. <strong>MercadoLibre Sync<\/strong> es el compa\u00f1ero perfecto para potenciar tus operaciones en l\u00ednea. Nosotros entendemos lo importante que es mantener el control total sobre tu negocio, y es por eso que hemos creado esta poderosa herramienta para ayudarte en cada paso del camino.<\/p><p>Imagina tener la capacidad de rastrear todos los pedidos que se realizan en <strong>MercadoLibre<\/strong> de manera detallada. Con <strong>MercadoLibre Sync<\/strong>, eso es exactamente lo que obtienes. Cada pedido queda registrado y organizado, permiti\u00e9ndote tener un control efectivo sobre tus transacciones. Ya no tendr\u00e1s que preocuparte por perder de vista ning\u00fan pedido importante o detalles cruciales.<\/p><p>Pero eso no es todo. Sabemos que la facturaci\u00f3n es una parte crucial de cualquier negocio. Con <strong>MercadoLibre Sync<\/strong>, la automatizaci\u00f3n de la facturaci\u00f3n es una caracter\u00edstica destacada. Esto significa que el proceso de generar facturas se vuelve m\u00e1s \u00e1gil y preciso, lo que se traduce en clientes satisfechos que reciben sus facturas de manera oportuna.<\/p><p>Y no podemos olvidarnos del inventario. Mantener un stock actualizado es fundamental para evitar problemas de sobreventa o falta de productos. Con la sincronizaci\u00f3n de stock de <strong>MercadoLibre Sync<\/strong>, puedes estar seguro de que siempre sabr\u00e1s exactamente cu\u00e1ntos productos tienes disponibles en tu inventario. Esto no solo te ahorra preocupaciones, sino que tambi\u00e9n mejora la confiabilidad y la satisfacci\u00f3n del cliente.<\/p><p>En resumen, <strong>MercadoLibre Sync<\/strong> es mucho m\u00e1s que un complemento dentro de <strong>TACTICA<\/strong>. Es tu aliado confiable para optimizar tus operaciones en l\u00ednea. No pierdas m\u00e1s tiempo tratando de mantener todo bajo control manualmente. Deja que <strong>MercadoLibre Sync<\/strong> haga el trabajo pesado por vos, para que puedas concentrarte en hacer crecer tu negocio y brindar la mejor experiencia posible a tus clientes. \u00a1Empieza a aprovechar todas estas ventajas hoy mismo!<\/p>\t\t\t\t\t\t\t\t<\/div>\n\t\t\t\t<\/div>\n\t\t\t\t\t<\/div>\n\t\t<\/div>\n\t\t\t\t<div class=\"elementor-column elementor-col-50 elementor-top-column elementor-element elementor-element-23ad219\" data-id=\"23ad219\" data-element_type=\"column\" data-settings=\"{&quot;background_background&quot;:&quot;classic&quot;}\">\n\t\t\t<div class=\"elementor-widget-wrap elementor-element-populated\">\n\t\t\t\t\t\t<div class=\"elementor-element elementor-element-b7824bf elementor-widget elementor-widget-video\" data-id=\"b7824bf\" data-element_type=\"widget\" data-settings=\"{&quot;youtube_url&quot;:&quot;https:\\\/\\\/www.youtube.com\\\/watch?v=mC1WhhhS-gA&amp;ab_channel=tacticasoft&quot;,&quot;video_type&quot;:&quot;youtube&quot;,&quot;controls&quot;:&quot;yes&quot;}\" data-widget_type=\"video.default\">\n\t\t\t\t<div class=\"elementor-widget-container\">\n\t\t\t\t\t\t\t<div class=\"elementor-wrapper elementor-open-inline\">\n\t\t\t<div class=\"elementor-video\"><\/div>\t\t<\/div>\n\t\t\t\t\t\t<\/div>\n\t\t\t\t<\/div>\n\t\t\t\t\t<\/div>\n\t\t<\/div>\n\t\t\t\t\t<\/div>\n\t\t<\/section>\n\t\t\t\t<section class=\"elementor-section elementor-top-section elementor-element elementor-element-2086a40 elementor-section-boxed elementor-section-height-default elementor-section-height-default\" data-id=\"2086a40\" data-element_type=\"section\">\n\t\t\t\t\t\t<div class=\"elementor-container elementor-column-gap-default\">\n\t\t\t\t\t<div class=\"elementor-column elementor-col-100 elementor-top-column elementor-element elementor-element-d5e051e\" data-id=\"d5e051e\" data-element_type=\"column\">\n\t\t\t<div class=\"elementor-widget-wrap elementor-element-populated\">\n\t\t\t\t\t\t<div class=\"elementor-element elementor-element-b7fe280 elementor-widget__width-initial elementor-fixed elementor-hidden-tablet elementor-hidden-mobile elementor-button-align-stretch elementor-invisible elementor-widget elementor-widget-global elementor-global-372660 elementor-widget-form\" data-id=\"b7fe280\" data-element_type=\"widget\" data-settings=\"{&quot;step_next_label&quot;:&quot;Siguiente&quot;,&quot;step_previous_label&quot;:&quot;Anterior&quot;,&quot;_position&quot;:&quot;fixed&quot;,&quot;sticky&quot;:&quot;top&quot;,&quot;_animation&quot;:&quot;fadeInUp&quot;,&quot;_animation_delay&quot;:5000,&quot;button_width&quot;:&quot;100&quot;,&quot;step_type&quot;:&quot;number_text&quot;,&quot;step_icon_shape&quot;:&quot;circle&quot;,&quot;sticky_on&quot;:[&quot;desktop&quot;,&quot;tablet&quot;,&quot;mobile&quot;],&quot;sticky_offset&quot;:0,&quot;sticky_effects_offset&quot;:0}\" data-widget_type=\"form.default\">\n\t\t\t\t<div class=\"elementor-widget-container\">\n\t\t\t\t\t\t\t<form class=\"elementor-form\" method=\"post\" name=\"Mini formulario\">\n\t\t\t<input type=\"hidden\" name=\"post_id\" value=\"4252\"\/>\n\t\t\t<input type=\"hidden\" name=\"form_id\" value=\"b7fe280\"\/>\n\t\t\t<input type=\"hidden\" name=\"referer_title\" value=\"TACTICASOFT\" \/>\n\n\t\t\t\n\t\t\t<div class=\"elementor-form-fields-wrapper elementor-labels-\">\n\t\t\t\t\t\t\t\t<div class=\"elementor-field-type-text elementor-field-group elementor-column elementor-field-group-name elementor-col-50 elementor-field-required\">\n\t\t\t\t\t\t\t\t\t\t\t\t<label for=\"form-field-name\" class=\"elementor-field-label elementor-screen-only\">\n\t\t\t\t\t\t\t\tNombre\t\t\t\t\t\t\t<\/label>\n\t\t\t\t\t\t\t\t\t\t\t\t\t\t<input size=\"1\" type=\"text\" name=\"form_fields[name]\" id=\"form-field-name\" class=\"elementor-field elementor-size-xs  elementor-field-textual\" placeholder=\"Nombre\" required=\"required\" aria-required=\"true\">\n\t\t\t\t\t\t\t\t\t\t\t<\/div>\n\t\t\t\t\t\t\t\t<div class=\"elementor-field-type-text elementor-field-group elementor-column elementor-field-group-field_f549ebb elementor-col-50 elementor-field-required\">\n\t\t\t\t\t\t\t\t\t\t\t\t<label for=\"form-field-field_f549ebb\" class=\"elementor-field-label elementor-screen-only\">\n\t\t\t\t\t\t\t\tApellido\t\t\t\t\t\t\t<\/label>\n\t\t\t\t\t\t\t\t\t\t\t\t\t\t<input size=\"1\" type=\"text\" name=\"form_fields[field_f549ebb]\" id=\"form-field-field_f549ebb\" class=\"elementor-field elementor-size-xs  elementor-field-textual\" placeholder=\"Apellido\" required=\"required\" aria-required=\"true\">\n\t\t\t\t\t\t\t\t\t\t\t<\/div>\n\t\t\t\t\t\t\t\t<div class=\"elementor-field-type-email elementor-field-group elementor-column elementor-field-group-email elementor-col-50 elementor-field-required\">\n\t\t\t\t\t\t\t\t\t\t\t\t<label for=\"form-field-email\" class=\"elementor-field-label elementor-screen-only\">\n\t\t\t\t\t\t\t\tCorreo electr\u00f3nico\t\t\t\t\t\t\t<\/label>\n\t\t\t\t\t\t\t\t\t\t\t\t\t\t<input size=\"1\" type=\"email\" name=\"form_fields[email]\" id=\"form-field-email\" class=\"elementor-field elementor-size-xs  elementor-field-textual\" placeholder=\"Correo electr\u00f3nico\" required=\"required\" aria-required=\"true\">\n\t\t\t\t\t\t\t\t\t\t\t<\/div>\n\t\t\t\t\t\t\t\t<div class=\"elementor-field-type-text elementor-field-group elementor-column elementor-field-group-field_132689b elementor-col-50 elementor-field-required\">\n\t\t\t\t\t\t\t\t\t\t\t\t<label for=\"form-field-field_132689b\" class=\"elementor-field-label elementor-screen-only\">\n\t\t\t\t\t\t\t\tWhatsApp\t\t\t\t\t\t\t<\/label>\n\t\t\t\t\t\t\t\t\t\t\t\t\t\t<input size=\"1\" type=\"text\" name=\"form_fields[field_132689b]\" id=\"form-field-field_132689b\" class=\"elementor-field elementor-size-xs  elementor-field-textual\" placeholder=\"WhatsApp\" required=\"required\" aria-required=\"true\">\n\t\t\t\t\t\t\t\t\t\t\t<\/div>\n\t\t\t\t\t\t\t\t<div class=\"elementor-field-type-text elementor-field-group elementor-column elementor-field-group-field_8855b17 elementor-col-50 elementor-field-required\">\n\t\t\t\t\t\t\t\t\t\t\t\t<label for=\"form-field-field_8855b17\" class=\"elementor-field-label elementor-screen-only\">\n\t\t\t\t\t\t\t\tEmpresa\t\t\t\t\t\t\t<\/label>\n\t\t\t\t\t\t\t\t\t\t\t\t\t\t<input size=\"1\" type=\"text\" name=\"form_fields[field_8855b17]\" id=\"form-field-field_8855b17\" class=\"elementor-field elementor-size-xs  elementor-field-textual\" placeholder=\"Empresa\" required=\"required\" aria-required=\"true\">\n\t\t\t\t\t\t\t\t\t\t\t<\/div>\n\t\t\t\t\t\t\t\t<div class=\"elementor-field-type-text elementor-field-group elementor-column elementor-field-group-field_512ffa2 elementor-col-50 elementor-field-required\">\n\t\t\t\t\t\t\t\t\t\t\t\t<label for=\"form-field-field_512ffa2\" class=\"elementor-field-label elementor-screen-only\">\n\t\t\t\t\t\t\t\tCargo\t\t\t\t\t\t\t<\/label>\n\t\t\t\t\t\t\t\t\t\t\t\t\t\t<input size=\"1\" type=\"text\" name=\"form_fields[field_512ffa2]\" id=\"form-field-field_512ffa2\" class=\"elementor-field elementor-size-xs  elementor-field-textual\" placeholder=\"Cargo\" required=\"required\" aria-required=\"true\">\n\t\t\t\t\t\t\t\t\t\t\t<\/div>\n\t\t\t\t\t\t\t\t<div class=\"elementor-field-group elementor-column elementor-field-type-submit elementor-col-100 e-form__buttons\">\n\t\t\t\t\t<button class=\"elementor-button elementor-size-xs\" type=\"submit\">\n\t\t\t\t\t\t<span class=\"elementor-button-content-wrapper\">\n\t\t\t\t\t\t\t\t\t\t\t\t\t\t\t<span class=\"elementor-button-icon\">\n\t\t\t\t\t\t\t\t\t<i aria-hidden=\"true\" class=\"fas fa-envelope\"><\/i>\t\t\t\t\t\t\t\t\t\t\t\t\t\t\t\t\t<\/span>\n\t\t\t\t\t\t\t\t\t\t\t\t\t\t\t\t\t\t\t\t\t\t<span class=\"elementor-button-text\">Enviar<\/span>\n\t\t\t\t\t\t\t\t\t\t\t\t\t<\/span>\n\t\t\t\t\t<\/button>\n\t\t\t\t<\/div>\n\t\t\t<\/div>\n\t\t<\/form>\n\t\t\t\t\t\t<\/div>\n\t\t\t\t<\/div>\n\t\t\t\t\t<\/div>\n\t\t<\/div>\n\t\t\t\t\t<\/div>\n\t\t<\/section>\n\t\t\t\t<\/div>\n\t\t","protected":false},"excerpt":{"rendered":"<p>Es la soluci\u00f3n creada por\u00a0TACTICASOFT\u00a0para que las peque\u00f1as y medianas empresas lleven adelante de manera \u00e1gil y organizada, la informaci\u00f3n referida al sector contable y administrativo.<\/p>","protected":false},"author":1,"featured_media":0,"parent":0,"menu_order":0,"comment_status":"closed","ping_status":"closed","template":"","meta":{"_acf_changed":false,"footnotes":""},"class_list":["post-4252","page","type-page","status-publish","hentry"],"acf":[],"yoast_head":"<!-- This site is optimized with the Yoast SEO plugin v27.3 - https:\/\/yoast.com\/product\/yoast-seo-wordpress\/ -->\n<title>MERCADOLIBRE SYNC - TACTICASOFT<\/title>\n<meta name=\"description\" content=\"Descubr\u00ed MercadoLibre Sync y gestion\u00e1 negocios en la plataforma f\u00e1cilmente. Mejor\u00e1 tus ventas y gesti\u00f3n con nuestra soluci\u00f3n innovadora.\" \/>\n<meta name=\"robots\" content=\"index, follow, max-snippet:-1, max-image-preview:large, max-video-preview:-1\" \/>\n<link rel=\"canonical\" href=\"https:\/\/www.tacticasoft.com\/en\/mercadolibre-sync\/\" \/>\n<meta property=\"og:locale\" content=\"en_US\" \/>\n<meta property=\"og:type\" content=\"article\" \/>\n<meta property=\"og:title\" content=\"MERCADOLIBRE SYNC - TACTICASOFT\" \/>\n<meta property=\"og:description\" content=\"Descubr\u00ed MercadoLibre Sync y gestion\u00e1 negocios en la plataforma f\u00e1cilmente. Mejor\u00e1 tus ventas y gesti\u00f3n con nuestra soluci\u00f3n innovadora.\" \/>\n<meta property=\"og:url\" content=\"https:\/\/www.tacticasoft.com\/en\/mercadolibre-sync\/\" \/>\n<meta property=\"og:site_name\" content=\"TACTICASOFT\" \/>\n<meta property=\"article:modified_time\" content=\"2025-08-26T14:02:14+00:00\" \/>\n<meta name=\"twitter:card\" content=\"summary_large_image\" \/>\n<meta name=\"twitter:label1\" content=\"Est. reading time\" \/>\n\t<meta name=\"twitter:data1\" content=\"2 minutes\" \/>\n<script type=\"application\/ld+json\" class=\"yoast-schema-graph\">{\"@context\":\"https:\\\/\\\/schema.org\",\"@graph\":[{\"@type\":\"WebPage\",\"@id\":\"https:\\\/\\\/www.tacticasoft.com\\\/mercadolibre-sync\\\/\",\"url\":\"https:\\\/\\\/www.tacticasoft.com\\\/mercadolibre-sync\\\/\",\"name\":\"MERCADOLIBRE SYNC - TACTICASOFT\",\"isPartOf\":{\"@id\":\"https:\\\/\\\/www.tacticasoft.com\\\/#website\"},\"datePublished\":\"2023-10-09T21:40:38+00:00\",\"dateModified\":\"2025-08-26T14:02:14+00:00\",\"description\":\"Descubr\u00ed MercadoLibre Sync y gestion\u00e1 negocios en la plataforma f\u00e1cilmente. Mejor\u00e1 tus ventas y gesti\u00f3n con nuestra soluci\u00f3n innovadora.\",\"breadcrumb\":{\"@id\":\"https:\\\/\\\/www.tacticasoft.com\\\/mercadolibre-sync\\\/#breadcrumb\"},\"inLanguage\":\"en-US\",\"potentialAction\":[{\"@type\":\"ReadAction\",\"target\":[\"https:\\\/\\\/www.tacticasoft.com\\\/mercadolibre-sync\\\/\"]}]},{\"@type\":\"BreadcrumbList\",\"@id\":\"https:\\\/\\\/www.tacticasoft.com\\\/mercadolibre-sync\\\/#breadcrumb\",\"itemListElement\":[{\"@type\":\"ListItem\",\"position\":1,\"name\":\"Inicio\",\"item\":\"https:\\\/\\\/www.tacticasoft.com\\\/\"},{\"@type\":\"ListItem\",\"position\":2,\"name\":\"MERCADOLIBRE SYNC\"}]},{\"@type\":\"WebSite\",\"@id\":\"https:\\\/\\\/www.tacticasoft.com\\\/#website\",\"url\":\"https:\\\/\\\/www.tacticasoft.com\\\/\",\"name\":\"TACTICASOFT\",\"description\":\"Software de CRM y ERP\",\"publisher\":{\"@id\":\"https:\\\/\\\/www.tacticasoft.com\\\/#organization\"},\"potentialAction\":[{\"@type\":\"SearchAction\",\"target\":{\"@type\":\"EntryPoint\",\"urlTemplate\":\"https:\\\/\\\/www.tacticasoft.com\\\/?s={search_term_string}\"},\"query-input\":{\"@type\":\"PropertyValueSpecification\",\"valueRequired\":true,\"valueName\":\"search_term_string\"}}],\"inLanguage\":\"en-US\"},{\"@type\":\"Organization\",\"@id\":\"https:\\\/\\\/www.tacticasoft.com\\\/#organization\",\"name\":\"TACTICASOFT\",\"url\":\"https:\\\/\\\/www.tacticasoft.com\\\/\",\"logo\":{\"@type\":\"ImageObject\",\"inLanguage\":\"en-US\",\"@id\":\"https:\\\/\\\/www.tacticasoft.com\\\/#\\\/schema\\\/logo\\\/image\\\/\",\"url\":\"https:\\\/\\\/www.tacticasoft.com\\\/wp-content\\\/uploads\\\/2023\\\/01\\\/cropped-logo.png\",\"contentUrl\":\"https:\\\/\\\/www.tacticasoft.com\\\/wp-content\\\/uploads\\\/2023\\\/01\\\/cropped-logo.png\",\"width\":141,\"height\":135,\"caption\":\"TACTICASOFT\"},\"image\":{\"@id\":\"https:\\\/\\\/www.tacticasoft.com\\\/#\\\/schema\\\/logo\\\/image\\\/\"}}]}<\/script>\n<!-- \/ Yoast SEO plugin. -->","yoast_head_json":{"title":"MERCADOLIBRE SYNC - TACTICASOFT","description":"Descubr\u00ed MercadoLibre Sync y gestion\u00e1 negocios en la plataforma f\u00e1cilmente. Mejor\u00e1 tus ventas y gesti\u00f3n con nuestra soluci\u00f3n innovadora.","robots":{"index":"index","follow":"follow","max-snippet":"max-snippet:-1","max-image-preview":"max-image-preview:large","max-video-preview":"max-video-preview:-1"},"canonical":"https:\/\/www.tacticasoft.com\/en\/mercadolibre-sync\/","og_locale":"en_US","og_type":"article","og_title":"MERCADOLIBRE SYNC - TACTICASOFT","og_description":"Descubr\u00ed MercadoLibre Sync y gestion\u00e1 negocios en la plataforma f\u00e1cilmente. Mejor\u00e1 tus ventas y gesti\u00f3n con nuestra soluci\u00f3n innovadora.","og_url":"https:\/\/www.tacticasoft.com\/en\/mercadolibre-sync\/","og_site_name":"TACTICASOFT","article_modified_time":"2025-08-26T14:02:14+00:00","twitter_card":"summary_large_image","twitter_misc":{"Est. reading time":"2 minutes"},"schema":{"@context":"https:\/\/schema.org","@graph":[{"@type":"WebPage","@id":"https:\/\/www.tacticasoft.com\/mercadolibre-sync\/","url":"https:\/\/www.tacticasoft.com\/mercadolibre-sync\/","name":"MERCADOLIBRE SYNC - TACTICASOFT","isPartOf":{"@id":"https:\/\/www.tacticasoft.com\/#website"},"datePublished":"2023-10-09T21:40:38+00:00","dateModified":"2025-08-26T14:02:14+00:00","description":"Descubr\u00ed MercadoLibre Sync y gestion\u00e1 negocios en la plataforma f\u00e1cilmente. Mejor\u00e1 tus ventas y gesti\u00f3n con nuestra soluci\u00f3n innovadora.","breadcrumb":{"@id":"https:\/\/www.tacticasoft.com\/mercadolibre-sync\/#breadcrumb"},"inLanguage":"en-US","potentialAction":[{"@type":"ReadAction","target":["https:\/\/www.tacticasoft.com\/mercadolibre-sync\/"]}]},{"@type":"BreadcrumbList","@id":"https:\/\/www.tacticasoft.com\/mercadolibre-sync\/#breadcrumb","itemListElement":[{"@type":"ListItem","position":1,"name":"Inicio","item":"https:\/\/www.tacticasoft.com\/"},{"@type":"ListItem","position":2,"name":"MERCADOLIBRE SYNC"}]},{"@type":"WebSite","@id":"https:\/\/www.tacticasoft.com\/#website","url":"https:\/\/www.tacticasoft.com\/","name":"TACTICASOFT","description":"Software de CRM y ERP","publisher":{"@id":"https:\/\/www.tacticasoft.com\/#organization"},"potentialAction":[{"@type":"SearchAction","target":{"@type":"EntryPoint","urlTemplate":"https:\/\/www.tacticasoft.com\/?s={search_term_string}"},"query-input":{"@type":"PropertyValueSpecification","valueRequired":true,"valueName":"search_term_string"}}],"inLanguage":"en-US"},{"@type":"Organization","@id":"https:\/\/www.tacticasoft.com\/#organization","name":"TACTICASOFT","url":"https:\/\/www.tacticasoft.com\/","logo":{"@type":"ImageObject","inLanguage":"en-US","@id":"https:\/\/www.tacticasoft.com\/#\/schema\/logo\/image\/","url":"https:\/\/www.tacticasoft.com\/wp-content\/uploads\/2023\/01\/cropped-logo.png","contentUrl":"https:\/\/www.tacticasoft.com\/wp-content\/uploads\/2023\/01\/cropped-logo.png","width":141,"height":135,"caption":"TACTICASOFT"},"image":{"@id":"https:\/\/www.tacticasoft.com\/#\/schema\/logo\/image\/"}}]}},"_links":{"self":[{"href":"https:\/\/www.tacticasoft.com\/en\/wp-json\/wp\/v2\/pages\/4252","targetHints":{"allow":["GET"]}}],"collection":[{"href":"https:\/\/www.tacticasoft.com\/en\/wp-json\/wp\/v2\/pages"}],"about":[{"href":"https:\/\/www.tacticasoft.com\/en\/wp-json\/wp\/v2\/types\/page"}],"author":[{"embeddable":true,"href":"https:\/\/www.tacticasoft.com\/en\/wp-json\/wp\/v2\/users\/1"}],"replies":[{"embeddable":true,"href":"https:\/\/www.tacticasoft.com\/en\/wp-json\/wp\/v2\/comments?post=4252"}],"version-history":[{"count":10,"href":"https:\/\/www.tacticasoft.com\/en\/wp-json\/wp\/v2\/pages\/4252\/revisions"}],"predecessor-version":[{"id":373940,"href":"https:\/\/www.tacticasoft.com\/en\/wp-json\/wp\/v2\/pages\/4252\/revisions\/373940"}],"wp:attachment":[{"href":"https:\/\/www.tacticasoft.com\/en\/wp-json\/wp\/v2\/media?parent=4252"}],"curies":[{"name":"wp","href":"https:\/\/api.w.org\/{rel}","templated":true}]}}