{"id":4244,"date":"2023-10-09T18:34:16","date_gmt":"2023-10-09T21:34:16","guid":{"rendered":"https:\/\/www.tacticasoft.com\/?page_id=4244"},"modified":"2025-08-26T11:01:04","modified_gmt":"2025-08-26T14:01:04","slug":"whatsapp-sync","status":"publish","type":"page","link":"https:\/\/www.tacticasoft.com\/en\/whatsapp-sync\/","title":{"rendered":"WHATSAPP SYNC"},"content":{"rendered":"\t\t<div data-elementor-type=\"wp-page\" data-elementor-id=\"4244\" class=\"elementor elementor-4244\" data-elementor-post-type=\"page\">\n\t\t\t\t\t\t<section class=\"elementor-section elementor-top-section elementor-element elementor-element-eaf7183 elementor-section-stretched elementor-section-boxed elementor-section-height-default elementor-section-height-default\" data-id=\"eaf7183\" data-element_type=\"section\" data-settings=\"{&quot;stretch_section&quot;:&quot;section-stretched&quot;,&quot;background_background&quot;:&quot;classic&quot;}\">\n\t\t\t\t\t\t<div class=\"elementor-container elementor-column-gap-default\">\n\t\t\t\t\t<div class=\"elementor-column elementor-col-100 elementor-top-column elementor-element elementor-element-1b14a6cd\" data-id=\"1b14a6cd\" data-element_type=\"column\">\n\t\t\t<div class=\"elementor-widget-wrap elementor-element-populated\">\n\t\t\t\t\t\t<div class=\"elementor-element elementor-element-1ec24cd0 elementor-widget elementor-widget-heading\" data-id=\"1ec24cd0\" data-element_type=\"widget\" data-widget_type=\"heading.default\">\n\t\t\t\t<div class=\"elementor-widget-container\">\n\t\t\t\t\t<h1 class=\"elementor-heading-title elementor-size-default\">WhatsApp Embebido:<\/h1>\t\t\t\t<\/div>\n\t\t\t\t<\/div>\n\t\t\t\t<div class=\"elementor-element elementor-element-b13e44d elementor-widget elementor-widget-heading\" data-id=\"b13e44d\" data-element_type=\"widget\" data-widget_type=\"heading.default\">\n\t\t\t\t<div class=\"elementor-widget-container\">\n\t\t\t\t\t<h2 class=\"elementor-heading-title elementor-size-default\">Potencia tus ventas, agiliza la comunicaci\u00f3n con tus clientes y optimiza tu operaci\u00f3n de manera eficiente.<\/h2>\t\t\t\t<\/div>\n\t\t\t\t<\/div>\n\t\t\t\t<div class=\"elementor-element elementor-element-2fdb3c13 elementor-widget-divider--separator-type-pattern elementor-widget-divider--view-line elementor-widget elementor-widget-divider\" data-id=\"2fdb3c13\" data-element_type=\"widget\" data-widget_type=\"divider.default\">\n\t\t\t\t<div class=\"elementor-widget-container\">\n\t\t\t\t\t\t\t<div class=\"elementor-divider\" style=\"--divider-pattern-url: url(&quot;data:image\/svg+xml,%3Csvg xmlns=&#039;http:\/\/www.w3.org\/2000\/svg&#039; preserveAspectRatio=&#039;none&#039; overflow=&#039;visible&#039; height=&#039;100%&#039; viewBox=&#039;0 0 24 24&#039; fill=&#039;black&#039; stroke=&#039;none&#039;%3E%3Cpolygon points=&#039;9.4,2 24,2 14.6,21.6 0,21.6&#039;\/%3E%3C\/svg%3E&quot;);\">\n\t\t\t<span class=\"elementor-divider-separator\">\n\t\t\t\t\t\t<\/span>\n\t\t<\/div>\n\t\t\t\t\t\t<\/div>\n\t\t\t\t<\/div>\n\t\t\t\t\t<\/div>\n\t\t<\/div>\n\t\t\t\t\t<\/div>\n\t\t<\/section>\n\t\t\t\t<section class=\"elementor-section elementor-top-section elementor-element elementor-element-61d4cdbd elementor-section-stretched elementor-section-boxed elementor-section-height-default elementor-section-height-default\" data-id=\"61d4cdbd\" data-element_type=\"section\" data-settings=\"{&quot;stretch_section&quot;:&quot;section-stretched&quot;}\">\n\t\t\t\t\t\t<div class=\"elementor-container elementor-column-gap-default\">\n\t\t\t\t\t<div class=\"elementor-column elementor-col-50 elementor-top-column elementor-element elementor-element-4d784260\" data-id=\"4d784260\" data-element_type=\"column\">\n\t\t\t<div class=\"elementor-widget-wrap elementor-element-populated\">\n\t\t\t\t\t\t<div class=\"elementor-element elementor-element-959c01a elementor-widget elementor-widget-text-editor\" data-id=\"959c01a\" data-element_type=\"widget\" data-widget_type=\"text-editor.default\">\n\t\t\t\t<div class=\"elementor-widget-container\">\n\t\t\t\t\t\t\t\t\t<p><strong>WhatsApp Integrado<\/strong>: Potencia tus ventas, agiliza la comunicaci\u00f3n con tus clientes y optimiza tu operaci\u00f3n de manera eficiente.<\/p><p>Con nuestro m\u00f3dulo de <strong>WhatsApp<\/strong> integrado, ten\u00e9s la capacidad de llevar tus interacciones comerciales a un nuevo nivel. Ahora, pod\u00e9s enviar documentos directamente desde <strong>TACTICA<\/strong> a trav\u00e9s de <strong>WhatsApp<\/strong>, como cotizaciones, facturas y mensajes promocionales. Imag\u00ednate la conveniencia de poder realizar todas estas acciones desde una sola plataforma.<\/p><p>Adem\u00e1s, lo que hace que este m\u00f3dulo sea a\u00fan m\u00e1s poderoso es su capacidad para mantener un registro completo de tus conversaciones. Cada intercambio de mensajes, ya sea que incluyan documentos o mensajes de voz, quedar\u00e1 registrado en el sistema. Esto significa que ten\u00e9s un control total y una visi\u00f3n clara de todas las gestiones realizadas por tu empresa.<\/p><p>Pero eso no es todo. Tambi\u00e9n pod\u00e9s reasignar conversaciones a diferentes usuarios para una atenci\u00f3n continua y eficiente. \u00bfNecesitas generar una cotizaci\u00f3n o un incidente de soporte en relaci\u00f3n con una conversaci\u00f3n? \u00a1Tambi\u00e9n pod\u00e9s hacerlo directamente desde el m\u00f3dulo de WhatsApp integrado!<\/p><p>Imag\u00ednate la mejora en la productividad y en la organizaci\u00f3n de tus comunicaciones comerciales. Con este m\u00f3dulo, TACTICA te ofrece una soluci\u00f3n completa y efectiva para gestionar tus interacciones a trav\u00e9s de WhatsApp. Aprovecha esta herramienta para agilizar tus procesos y tomar el control total de tus comunicaciones empresariales.<\/p>\t\t\t\t\t\t\t\t<\/div>\n\t\t\t\t<\/div>\n\t\t\t\t\t<\/div>\n\t\t<\/div>\n\t\t\t\t<div class=\"elementor-column elementor-col-50 elementor-top-column elementor-element elementor-element-523be5c9\" data-id=\"523be5c9\" data-element_type=\"column\" data-settings=\"{&quot;background_background&quot;:&quot;classic&quot;}\">\n\t\t\t<div class=\"elementor-widget-wrap elementor-element-populated\">\n\t\t\t\t\t\t<div class=\"elementor-element elementor-element-332bc534 elementor-widget elementor-widget-video\" data-id=\"332bc534\" data-element_type=\"widget\" data-settings=\"{&quot;youtube_url&quot;:&quot;https:\\\/\\\/www.youtube.com\\\/watch?v=iaxpd2Gdl7g&quot;,&quot;video_type&quot;:&quot;youtube&quot;,&quot;controls&quot;:&quot;yes&quot;}\" data-widget_type=\"video.default\">\n\t\t\t\t<div class=\"elementor-widget-container\">\n\t\t\t\t\t\t\t<div class=\"elementor-wrapper elementor-open-inline\">\n\t\t\t<div class=\"elementor-video\"><\/div>\t\t<\/div>\n\t\t\t\t\t\t<\/div>\n\t\t\t\t<\/div>\n\t\t\t\t\t<\/div>\n\t\t<\/div>\n\t\t\t\t\t<\/div>\n\t\t<\/section>\n\t\t\t\t<section class=\"elementor-section elementor-top-section elementor-element elementor-element-1257264 elementor-section-boxed elementor-section-height-default elementor-section-height-default\" data-id=\"1257264\" data-element_type=\"section\">\n\t\t\t\t\t\t<div class=\"elementor-container elementor-column-gap-default\">\n\t\t\t\t\t<div class=\"elementor-column elementor-col-100 elementor-top-column elementor-element elementor-element-9aa6e6a\" data-id=\"9aa6e6a\" data-element_type=\"column\">\n\t\t\t<div class=\"elementor-widget-wrap elementor-element-populated\">\n\t\t\t\t\t\t<section class=\"elementor-section elementor-inner-section elementor-element elementor-element-9517698 elementor-section-boxed elementor-section-height-default elementor-section-height-default\" data-id=\"9517698\" data-element_type=\"section\">\n\t\t\t\t\t\t<div class=\"elementor-container elementor-column-gap-default\">\n\t\t\t\t\t<div class=\"elementor-column elementor-col-50 elementor-inner-column elementor-element elementor-element-3beb3af\" data-id=\"3beb3af\" data-element_type=\"column\">\n\t\t\t<div class=\"elementor-widget-wrap\">\n\t\t\t\t\t\t\t<\/div>\n\t\t<\/div>\n\t\t\t\t<div class=\"elementor-column elementor-col-50 elementor-inner-column elementor-element elementor-element-997438e\" data-id=\"997438e\" data-element_type=\"column\">\n\t\t\t<div class=\"elementor-widget-wrap\">\n\t\t\t\t\t\t\t<\/div>\n\t\t<\/div>\n\t\t\t\t\t<\/div>\n\t\t<\/section>\n\t\t\t\t\t<\/div>\n\t\t<\/div>\n\t\t\t\t\t<\/div>\n\t\t<\/section>\n\t\t\t\t<section class=\"elementor-section elementor-top-section elementor-element elementor-element-ba3ec2a elementor-section-boxed elementor-section-height-default elementor-section-height-default\" data-id=\"ba3ec2a\" data-element_type=\"section\">\n\t\t\t\t\t\t<div class=\"elementor-container elementor-column-gap-default\">\n\t\t\t\t\t<div class=\"elementor-column elementor-col-100 elementor-top-column elementor-element elementor-element-5b8b1f5\" data-id=\"5b8b1f5\" data-element_type=\"column\">\n\t\t\t<div class=\"elementor-widget-wrap elementor-element-populated\">\n\t\t\t\t\t\t<div class=\"elementor-element elementor-element-7819d53 elementor-widget__width-initial elementor-fixed elementor-hidden-tablet elementor-hidden-mobile elementor-button-align-stretch elementor-invisible elementor-widget elementor-widget-global elementor-global-372660 elementor-widget-form\" data-id=\"7819d53\" data-element_type=\"widget\" data-settings=\"{&quot;step_next_label&quot;:&quot;Siguiente&quot;,&quot;step_previous_label&quot;:&quot;Anterior&quot;,&quot;_position&quot;:&quot;fixed&quot;,&quot;sticky&quot;:&quot;top&quot;,&quot;_animation&quot;:&quot;fadeInUp&quot;,&quot;_animation_delay&quot;:5000,&quot;button_width&quot;:&quot;100&quot;,&quot;step_type&quot;:&quot;number_text&quot;,&quot;step_icon_shape&quot;:&quot;circle&quot;,&quot;sticky_on&quot;:[&quot;desktop&quot;,&quot;tablet&quot;,&quot;mobile&quot;],&quot;sticky_offset&quot;:0,&quot;sticky_effects_offset&quot;:0}\" data-widget_type=\"form.default\">\n\t\t\t\t<div class=\"elementor-widget-container\">\n\t\t\t\t\t\t\t<form class=\"elementor-form\" method=\"post\" name=\"Mini formulario\">\n\t\t\t<input type=\"hidden\" name=\"post_id\" value=\"4244\"\/>\n\t\t\t<input type=\"hidden\" name=\"form_id\" value=\"7819d53\"\/>\n\t\t\t<input type=\"hidden\" name=\"referer_title\" value=\"TACTICASOFT\" \/>\n\n\t\t\t\n\t\t\t<div class=\"elementor-form-fields-wrapper elementor-labels-\">\n\t\t\t\t\t\t\t\t<div class=\"elementor-field-type-text elementor-field-group elementor-column elementor-field-group-name elementor-col-50 elementor-field-required\">\n\t\t\t\t\t\t\t\t\t\t\t\t<label for=\"form-field-name\" class=\"elementor-field-label elementor-screen-only\">\n\t\t\t\t\t\t\t\tNombre\t\t\t\t\t\t\t<\/label>\n\t\t\t\t\t\t\t\t\t\t\t\t\t\t<input size=\"1\" type=\"text\" name=\"form_fields[name]\" id=\"form-field-name\" class=\"elementor-field elementor-size-xs  elementor-field-textual\" placeholder=\"Nombre\" required=\"required\" aria-required=\"true\">\n\t\t\t\t\t\t\t\t\t\t\t<\/div>\n\t\t\t\t\t\t\t\t<div class=\"elementor-field-type-text elementor-field-group elementor-column elementor-field-group-field_f549ebb elementor-col-50 elementor-field-required\">\n\t\t\t\t\t\t\t\t\t\t\t\t<label for=\"form-field-field_f549ebb\" class=\"elementor-field-label elementor-screen-only\">\n\t\t\t\t\t\t\t\tApellido\t\t\t\t\t\t\t<\/label>\n\t\t\t\t\t\t\t\t\t\t\t\t\t\t<input size=\"1\" type=\"text\" name=\"form_fields[field_f549ebb]\" id=\"form-field-field_f549ebb\" class=\"elementor-field elementor-size-xs  elementor-field-textual\" placeholder=\"Apellido\" required=\"required\" aria-required=\"true\">\n\t\t\t\t\t\t\t\t\t\t\t<\/div>\n\t\t\t\t\t\t\t\t<div class=\"elementor-field-type-email elementor-field-group elementor-column elementor-field-group-email elementor-col-50 elementor-field-required\">\n\t\t\t\t\t\t\t\t\t\t\t\t<label for=\"form-field-email\" class=\"elementor-field-label elementor-screen-only\">\n\t\t\t\t\t\t\t\tCorreo electr\u00f3nico\t\t\t\t\t\t\t<\/label>\n\t\t\t\t\t\t\t\t\t\t\t\t\t\t<input size=\"1\" type=\"email\" name=\"form_fields[email]\" id=\"form-field-email\" class=\"elementor-field elementor-size-xs  elementor-field-textual\" placeholder=\"Correo electr\u00f3nico\" required=\"required\" aria-required=\"true\">\n\t\t\t\t\t\t\t\t\t\t\t<\/div>\n\t\t\t\t\t\t\t\t<div class=\"elementor-field-type-text elementor-field-group elementor-column elementor-field-group-field_132689b elementor-col-50 elementor-field-required\">\n\t\t\t\t\t\t\t\t\t\t\t\t<label for=\"form-field-field_132689b\" class=\"elementor-field-label elementor-screen-only\">\n\t\t\t\t\t\t\t\tWhatsApp\t\t\t\t\t\t\t<\/label>\n\t\t\t\t\t\t\t\t\t\t\t\t\t\t<input size=\"1\" type=\"text\" name=\"form_fields[field_132689b]\" id=\"form-field-field_132689b\" class=\"elementor-field elementor-size-xs  elementor-field-textual\" placeholder=\"WhatsApp\" required=\"required\" aria-required=\"true\">\n\t\t\t\t\t\t\t\t\t\t\t<\/div>\n\t\t\t\t\t\t\t\t<div class=\"elementor-field-type-text elementor-field-group elementor-column elementor-field-group-field_8855b17 elementor-col-50 elementor-field-required\">\n\t\t\t\t\t\t\t\t\t\t\t\t<label for=\"form-field-field_8855b17\" class=\"elementor-field-label elementor-screen-only\">\n\t\t\t\t\t\t\t\tEmpresa\t\t\t\t\t\t\t<\/label>\n\t\t\t\t\t\t\t\t\t\t\t\t\t\t<input size=\"1\" type=\"text\" name=\"form_fields[field_8855b17]\" id=\"form-field-field_8855b17\" class=\"elementor-field elementor-size-xs  elementor-field-textual\" placeholder=\"Empresa\" required=\"required\" aria-required=\"true\">\n\t\t\t\t\t\t\t\t\t\t\t<\/div>\n\t\t\t\t\t\t\t\t<div class=\"elementor-field-type-text elementor-field-group elementor-column elementor-field-group-field_512ffa2 elementor-col-50 elementor-field-required\">\n\t\t\t\t\t\t\t\t\t\t\t\t<label for=\"form-field-field_512ffa2\" class=\"elementor-field-label elementor-screen-only\">\n\t\t\t\t\t\t\t\tCargo\t\t\t\t\t\t\t<\/label>\n\t\t\t\t\t\t\t\t\t\t\t\t\t\t<input size=\"1\" type=\"text\" name=\"form_fields[field_512ffa2]\" id=\"form-field-field_512ffa2\" class=\"elementor-field elementor-size-xs  elementor-field-textual\" placeholder=\"Cargo\" required=\"required\" aria-required=\"true\">\n\t\t\t\t\t\t\t\t\t\t\t<\/div>\n\t\t\t\t\t\t\t\t<div class=\"elementor-field-group elementor-column elementor-field-type-submit elementor-col-100 e-form__buttons\">\n\t\t\t\t\t<button class=\"elementor-button elementor-size-xs\" type=\"submit\">\n\t\t\t\t\t\t<span class=\"elementor-button-content-wrapper\">\n\t\t\t\t\t\t\t\t\t\t\t\t\t\t\t<span class=\"elementor-button-icon\">\n\t\t\t\t\t\t\t\t\t<i aria-hidden=\"true\" class=\"fas fa-envelope\"><\/i>\t\t\t\t\t\t\t\t\t\t\t\t\t\t\t\t\t<\/span>\n\t\t\t\t\t\t\t\t\t\t\t\t\t\t\t\t\t\t\t\t\t\t<span class=\"elementor-button-text\">Enviar<\/span>\n\t\t\t\t\t\t\t\t\t\t\t\t\t<\/span>\n\t\t\t\t\t<\/button>\n\t\t\t\t<\/div>\n\t\t\t<\/div>\n\t\t<\/form>\n\t\t\t\t\t\t<\/div>\n\t\t\t\t<\/div>\n\t\t\t\t\t<\/div>\n\t\t<\/div>\n\t\t\t\t\t<\/div>\n\t\t<\/section>\n\t\t\t\t<\/div>\n\t\t","protected":false},"excerpt":{"rendered":"<p>Es la soluci\u00f3n creada por\u00a0TACTICASOFT\u00a0para que las peque\u00f1as y medianas empresas lleven adelante de manera \u00e1gil y organizada, la informaci\u00f3n referida al sector contable y administrativo.<\/p>","protected":false},"author":1,"featured_media":0,"parent":0,"menu_order":0,"comment_status":"closed","ping_status":"closed","template":"","meta":{"_acf_changed":false,"footnotes":""},"class_list":["post-4244","page","type-page","status-publish","hentry"],"acf":[],"yoast_head":"<!-- This site is optimized with the Yoast SEO plugin v27.3 - https:\/\/yoast.com\/product\/yoast-seo-wordpress\/ -->\n<title>WHATSAPP SYNC - TACTICASOFT<\/title>\n<meta name=\"description\" content=\"Descubr\u00ed WhatsApp Sync y mejor\u00e1 la comunicaci\u00f3n con tus clientes. \u00a1Conoc\u00e9 m\u00e1s y optimiz\u00e1 tus interacciones!\" \/>\n<meta name=\"robots\" content=\"index, follow, max-snippet:-1, max-image-preview:large, max-video-preview:-1\" \/>\n<link rel=\"canonical\" href=\"https:\/\/www.tacticasoft.com\/en\/whatsapp-sync\/\" \/>\n<meta property=\"og:locale\" content=\"en_US\" \/>\n<meta property=\"og:type\" content=\"article\" \/>\n<meta property=\"og:title\" content=\"WHATSAPP SYNC - TACTICASOFT\" \/>\n<meta property=\"og:description\" content=\"Descubr\u00ed WhatsApp Sync y mejor\u00e1 la comunicaci\u00f3n con tus clientes. \u00a1Conoc\u00e9 m\u00e1s y optimiz\u00e1 tus interacciones!\" \/>\n<meta property=\"og:url\" content=\"https:\/\/www.tacticasoft.com\/en\/whatsapp-sync\/\" \/>\n<meta property=\"og:site_name\" content=\"TACTICASOFT\" \/>\n<meta property=\"article:modified_time\" content=\"2025-08-26T14:01:04+00:00\" \/>\n<meta name=\"twitter:card\" content=\"summary_large_image\" \/>\n<meta name=\"twitter:label1\" content=\"Est. reading time\" \/>\n\t<meta name=\"twitter:data1\" content=\"2 minutes\" \/>\n<script type=\"application\/ld+json\" class=\"yoast-schema-graph\">{\"@context\":\"https:\\\/\\\/schema.org\",\"@graph\":[{\"@type\":\"WebPage\",\"@id\":\"https:\\\/\\\/www.tacticasoft.com\\\/whatsapp-sync\\\/\",\"url\":\"https:\\\/\\\/www.tacticasoft.com\\\/whatsapp-sync\\\/\",\"name\":\"WHATSAPP SYNC - TACTICASOFT\",\"isPartOf\":{\"@id\":\"https:\\\/\\\/www.tacticasoft.com\\\/#website\"},\"datePublished\":\"2023-10-09T21:34:16+00:00\",\"dateModified\":\"2025-08-26T14:01:04+00:00\",\"description\":\"Descubr\u00ed WhatsApp Sync y mejor\u00e1 la comunicaci\u00f3n con tus clientes. \u00a1Conoc\u00e9 m\u00e1s y optimiz\u00e1 tus interacciones!\",\"breadcrumb\":{\"@id\":\"https:\\\/\\\/www.tacticasoft.com\\\/whatsapp-sync\\\/#breadcrumb\"},\"inLanguage\":\"en-US\",\"potentialAction\":[{\"@type\":\"ReadAction\",\"target\":[\"https:\\\/\\\/www.tacticasoft.com\\\/whatsapp-sync\\\/\"]}]},{\"@type\":\"BreadcrumbList\",\"@id\":\"https:\\\/\\\/www.tacticasoft.com\\\/whatsapp-sync\\\/#breadcrumb\",\"itemListElement\":[{\"@type\":\"ListItem\",\"position\":1,\"name\":\"Inicio\",\"item\":\"https:\\\/\\\/www.tacticasoft.com\\\/\"},{\"@type\":\"ListItem\",\"position\":2,\"name\":\"WHATSAPP SYNC\"}]},{\"@type\":\"WebSite\",\"@id\":\"https:\\\/\\\/www.tacticasoft.com\\\/#website\",\"url\":\"https:\\\/\\\/www.tacticasoft.com\\\/\",\"name\":\"TACTICASOFT\",\"description\":\"Software de CRM y ERP\",\"publisher\":{\"@id\":\"https:\\\/\\\/www.tacticasoft.com\\\/#organization\"},\"potentialAction\":[{\"@type\":\"SearchAction\",\"target\":{\"@type\":\"EntryPoint\",\"urlTemplate\":\"https:\\\/\\\/www.tacticasoft.com\\\/?s={search_term_string}\"},\"query-input\":{\"@type\":\"PropertyValueSpecification\",\"valueRequired\":true,\"valueName\":\"search_term_string\"}}],\"inLanguage\":\"en-US\"},{\"@type\":\"Organization\",\"@id\":\"https:\\\/\\\/www.tacticasoft.com\\\/#organization\",\"name\":\"TACTICASOFT\",\"url\":\"https:\\\/\\\/www.tacticasoft.com\\\/\",\"logo\":{\"@type\":\"ImageObject\",\"inLanguage\":\"en-US\",\"@id\":\"https:\\\/\\\/www.tacticasoft.com\\\/#\\\/schema\\\/logo\\\/image\\\/\",\"url\":\"https:\\\/\\\/www.tacticasoft.com\\\/wp-content\\\/uploads\\\/2023\\\/01\\\/cropped-logo.png\",\"contentUrl\":\"https:\\\/\\\/www.tacticasoft.com\\\/wp-content\\\/uploads\\\/2023\\\/01\\\/cropped-logo.png\",\"width\":141,\"height\":135,\"caption\":\"TACTICASOFT\"},\"image\":{\"@id\":\"https:\\\/\\\/www.tacticasoft.com\\\/#\\\/schema\\\/logo\\\/image\\\/\"}}]}<\/script>\n<!-- \/ Yoast SEO plugin. -->","yoast_head_json":{"title":"WHATSAPP SYNC - TACTICASOFT","description":"Descubr\u00ed WhatsApp Sync y mejor\u00e1 la comunicaci\u00f3n con tus clientes. \u00a1Conoc\u00e9 m\u00e1s y optimiz\u00e1 tus interacciones!","robots":{"index":"index","follow":"follow","max-snippet":"max-snippet:-1","max-image-preview":"max-image-preview:large","max-video-preview":"max-video-preview:-1"},"canonical":"https:\/\/www.tacticasoft.com\/en\/whatsapp-sync\/","og_locale":"en_US","og_type":"article","og_title":"WHATSAPP SYNC - TACTICASOFT","og_description":"Descubr\u00ed WhatsApp Sync y mejor\u00e1 la comunicaci\u00f3n con tus clientes. \u00a1Conoc\u00e9 m\u00e1s y optimiz\u00e1 tus interacciones!","og_url":"https:\/\/www.tacticasoft.com\/en\/whatsapp-sync\/","og_site_name":"TACTICASOFT","article_modified_time":"2025-08-26T14:01:04+00:00","twitter_card":"summary_large_image","twitter_misc":{"Est. reading time":"2 minutes"},"schema":{"@context":"https:\/\/schema.org","@graph":[{"@type":"WebPage","@id":"https:\/\/www.tacticasoft.com\/whatsapp-sync\/","url":"https:\/\/www.tacticasoft.com\/whatsapp-sync\/","name":"WHATSAPP SYNC - TACTICASOFT","isPartOf":{"@id":"https:\/\/www.tacticasoft.com\/#website"},"datePublished":"2023-10-09T21:34:16+00:00","dateModified":"2025-08-26T14:01:04+00:00","description":"Descubr\u00ed WhatsApp Sync y mejor\u00e1 la comunicaci\u00f3n con tus clientes. \u00a1Conoc\u00e9 m\u00e1s y optimiz\u00e1 tus interacciones!","breadcrumb":{"@id":"https:\/\/www.tacticasoft.com\/whatsapp-sync\/#breadcrumb"},"inLanguage":"en-US","potentialAction":[{"@type":"ReadAction","target":["https:\/\/www.tacticasoft.com\/whatsapp-sync\/"]}]},{"@type":"BreadcrumbList","@id":"https:\/\/www.tacticasoft.com\/whatsapp-sync\/#breadcrumb","itemListElement":[{"@type":"ListItem","position":1,"name":"Inicio","item":"https:\/\/www.tacticasoft.com\/"},{"@type":"ListItem","position":2,"name":"WHATSAPP SYNC"}]},{"@type":"WebSite","@id":"https:\/\/www.tacticasoft.com\/#website","url":"https:\/\/www.tacticasoft.com\/","name":"TACTICASOFT","description":"Software de CRM y ERP","publisher":{"@id":"https:\/\/www.tacticasoft.com\/#organization"},"potentialAction":[{"@type":"SearchAction","target":{"@type":"EntryPoint","urlTemplate":"https:\/\/www.tacticasoft.com\/?s={search_term_string}"},"query-input":{"@type":"PropertyValueSpecification","valueRequired":true,"valueName":"search_term_string"}}],"inLanguage":"en-US"},{"@type":"Organization","@id":"https:\/\/www.tacticasoft.com\/#organization","name":"TACTICASOFT","url":"https:\/\/www.tacticasoft.com\/","logo":{"@type":"ImageObject","inLanguage":"en-US","@id":"https:\/\/www.tacticasoft.com\/#\/schema\/logo\/image\/","url":"https:\/\/www.tacticasoft.com\/wp-content\/uploads\/2023\/01\/cropped-logo.png","contentUrl":"https:\/\/www.tacticasoft.com\/wp-content\/uploads\/2023\/01\/cropped-logo.png","width":141,"height":135,"caption":"TACTICASOFT"},"image":{"@id":"https:\/\/www.tacticasoft.com\/#\/schema\/logo\/image\/"}}]}},"_links":{"self":[{"href":"https:\/\/www.tacticasoft.com\/en\/wp-json\/wp\/v2\/pages\/4244","targetHints":{"allow":["GET"]}}],"collection":[{"href":"https:\/\/www.tacticasoft.com\/en\/wp-json\/wp\/v2\/pages"}],"about":[{"href":"https:\/\/www.tacticasoft.com\/en\/wp-json\/wp\/v2\/types\/page"}],"author":[{"embeddable":true,"href":"https:\/\/www.tacticasoft.com\/en\/wp-json\/wp\/v2\/users\/1"}],"replies":[{"embeddable":true,"href":"https:\/\/www.tacticasoft.com\/en\/wp-json\/wp\/v2\/comments?post=4244"}],"version-history":[{"count":10,"href":"https:\/\/www.tacticasoft.com\/en\/wp-json\/wp\/v2\/pages\/4244\/revisions"}],"predecessor-version":[{"id":373937,"href":"https:\/\/www.tacticasoft.com\/en\/wp-json\/wp\/v2\/pages\/4244\/revisions\/373937"}],"wp:attachment":[{"href":"https:\/\/www.tacticasoft.com\/en\/wp-json\/wp\/v2\/media?parent=4244"}],"curies":[{"name":"wp","href":"https:\/\/api.w.org\/{rel}","templated":true}]}}