{"id":372824,"date":"2024-07-24T16:20:53","date_gmt":"2024-07-24T19:20:53","guid":{"rendered":"https:\/\/www.tacticasoft.com\/?page_id=372824"},"modified":"2025-05-08T17:28:06","modified_gmt":"2025-05-08T20:28:06","slug":"politica-de-privacidad-g-api","status":"publish","type":"page","link":"https:\/\/www.tacticasoft.com\/en\/politica-de-privacidad-g-api\/","title":{"rendered":"Politica de privacidad de g-api"},"content":{"rendered":"\t\t<div data-elementor-type=\"wp-page\" data-elementor-id=\"372824\" class=\"elementor elementor-372824\" data-elementor-post-type=\"page\">\n\t\t\t\t\t\t<section class=\"elementor-section elementor-top-section elementor-element elementor-element-51cb10d elementor-section-boxed elementor-section-height-default elementor-section-height-default\" data-id=\"51cb10d\" data-element_type=\"section\">\n\t\t\t\t\t\t<div class=\"elementor-container elementor-column-gap-default\">\n\t\t\t\t\t<div class=\"elementor-column elementor-col-100 elementor-top-column elementor-element elementor-element-7d1c165\" data-id=\"7d1c165\" data-element_type=\"column\">\n\t\t\t<div class=\"elementor-widget-wrap elementor-element-populated\">\n\t\t\t\t\t\t<div class=\"elementor-element elementor-element-127280c elementor-widget elementor-widget-text-editor\" data-id=\"127280c\" data-element_type=\"widget\" data-widget_type=\"text-editor.default\">\n\t\t\t\t<div class=\"elementor-widget-container\">\n\t\t\t\t\t\t\t\t\t<p><span lang=\"ES\">TACTICA CRM &amp;\nERP permite utilizar la API de Servicios de Google para acceder y procesar\ndatos personales del usuario de Google \u00fanicamente con su consentimiento\nexpl\u00edcito, otorgado mediante la configuraci\u00f3n de acceso a los servicios de\nGoogle y el flujo de autorizaci\u00f3n correspondiente.<o:p><\/o:p><\/span><\/p><p>Los datos a los que se tendr\u00e1n acceso pueden incluir:<o:p><\/o:p><\/p><p style=\"text-indent:-18.0pt;mso-list:l0 level1 lfo1\"><!--[if !supportLists]-->&#8211;<span style=\"font:7.0pt &quot;Times New Roman&quot;\">&nbsp;&nbsp;&nbsp;&nbsp;&nbsp;&nbsp;&nbsp;&nbsp;&nbsp;\n<\/span><!--[endif]-->Direcci\u00f3n de correo electr\u00f3nico del usuario. <o:p><\/o:p><\/p><p style=\"text-indent:-18.0pt;mso-list:l0 level1 lfo1\"><!--[if !supportLists]-->&#8211;<span style=\"font:7.0pt &quot;Times New Roman&quot;\">&nbsp;&nbsp;&nbsp;&nbsp;&nbsp;&nbsp;&nbsp;&nbsp;&nbsp;\n<\/span><!--[endif]-->Informaci\u00f3n personal, incluidos los datos\npersonales que haya hecho p\u00fablicos. <o:p><\/o:p><\/p><p style=\"text-indent:-18.0pt;mso-list:l0 level1 lfo1\"><!--[if !supportLists]-->&#8211;<span style=\"font:7.0pt &quot;Times New Roman&quot;\">&nbsp;&nbsp;&nbsp;&nbsp;&nbsp;&nbsp;&nbsp;&nbsp;&nbsp;\n<\/span><!--[endif]-->Correos electr\u00f3nicos y su contenido (lectura,\nredacci\u00f3n, env\u00edo y eliminaci\u00f3n). <o:p><\/o:p><\/p><p style=\"text-indent:-18.0pt;mso-list:l0 level1 lfo1\"><!--[if !supportLists]-->&#8211;<span style=\"font:7.0pt &quot;Times New Roman&quot;\">&nbsp;&nbsp;&nbsp;&nbsp;&nbsp;&nbsp;&nbsp;&nbsp;&nbsp;\n<\/span><!--[endif]-->Metadatos de correos electr\u00f3nicos como\nremitente, destinatario, asunto, fecha. <o:p><\/o:p><\/p><p style=\"text-indent:-18.0pt;mso-list:l0 level1 lfo1\"><!--[if !supportLists]-->&#8211;<span style=\"font:7.0pt &quot;Times New Roman&quot;\">&nbsp;&nbsp;&nbsp;&nbsp;&nbsp;&nbsp;&nbsp;&nbsp;&nbsp;\n<\/span><!--[endif]-->Informaci\u00f3n sobre eventos o contactos derivados\nde interacciones por correo electr\u00f3nico.<o:p><\/o:p><\/p><p>Nuestra empresa no\ncomparte, divulga, vende ni transfiere datos a terceros. El acceso a los\ndatos est\u00e1 limitado al entorno del cliente y se rige por los permisos y accesos\ndefinidos por el mismo.<o:p><\/o:p><\/p><p>Los datos se utilizan exclusivamente para proporcionar,\noperar y mejorar las funcionalidades de la aplicaci\u00f3n tales como: <o:p><\/o:p><\/p><p style=\"text-indent:-18.0pt;mso-list:l0 level1 lfo1\"><!--[if !supportLists]-->&#8211;<span style=\"font:7.0pt &quot;Times New Roman&quot;\">&nbsp;&nbsp;&nbsp;&nbsp;&nbsp;&nbsp;&nbsp;&nbsp;&nbsp;\n<\/span><!--[endif]-->Integraci\u00f3n de correos electr\u00f3nicos con personas\ny\/o empresas. <o:p><\/o:p><\/p><p style=\"text-indent:-18.0pt;mso-list:l0 level1 lfo1\"><!--[if !supportLists]-->&#8211;<span style=\"font:7.0pt &quot;Times New Roman&quot;\">&nbsp;&nbsp;&nbsp;&nbsp;&nbsp;&nbsp;&nbsp;&nbsp;&nbsp;\n<\/span><!--[endif]-->Gesti\u00f3n de comunicaciones con personas y\/o\nempresas.<o:p><\/o:p><\/p><p style=\"text-indent:-18.0pt;mso-list:l0 level1 lfo1\"><!--[if !supportLists]-->&#8211;<span style=\"font:7.0pt &quot;Times New Roman&quot;\">&nbsp;&nbsp;&nbsp;&nbsp;&nbsp;&nbsp;&nbsp;&nbsp;&nbsp;\n<\/span><!--[endif]-->Automatizaci\u00f3n de tareas vinculadas a\ninteracciones por correo electr\u00f3nico.<o:p><\/o:p><\/p><p><span lang=\"ES\">En ning\u00fan caso se\nutilizar\u00e1n los datos con fines no relacionados con el funcionamiento de la\naplicaci\u00f3n.<\/span><o:p><\/o:p><\/p><p>Se implementan medidas t\u00e9cnicas y organizativas adecuadas\npara proteger los datos personales tales como: <o:p><\/o:p><\/p><p style=\"text-indent:-18.0pt;mso-list:l0 level1 lfo1\"><!--[if !supportLists]-->&#8211;<span style=\"font:7.0pt &quot;Times New Roman&quot;\">&nbsp;&nbsp;&nbsp;&nbsp;&nbsp;&nbsp;&nbsp;&nbsp;&nbsp;\n<\/span><!--[endif]-->Cifrado de datos en tr\u00e1nsito. <o:p><\/o:p><\/p><p style=\"text-indent:-18.0pt;mso-list:l0 level1 lfo1\"><!--[if !supportLists]-->&#8211;<span style=\"font:7.0pt &quot;Times New Roman&quot;\">&nbsp;&nbsp;&nbsp;&nbsp;&nbsp;&nbsp;&nbsp;&nbsp;&nbsp;\n<\/span><!--[endif]-->Autenticaci\u00f3n basada en OAuth 2.0 para los\nservicios que lo requieren. <o:p><\/o:p><\/p><p style=\"text-indent:-18.0pt;mso-list:l0 level1 lfo1\"><!--[if !supportLists]-->&#8211;<span style=\"font:7.0pt &quot;Times New Roman&quot;\">&nbsp;&nbsp;&nbsp;&nbsp;&nbsp;&nbsp;&nbsp;&nbsp;&nbsp;\n<\/span><!--[endif]-->Control de acceso por roles. <o:p><\/o:p><\/p><p style=\"text-indent:-18.0pt;mso-list:l0 level1 lfo1\"><!--[if !supportLists]-->&#8211;<span style=\"font:7.0pt &quot;Times New Roman&quot;\">&nbsp;&nbsp;&nbsp;&nbsp;&nbsp;&nbsp;&nbsp;&nbsp;&nbsp;\n<\/span><!--[endif]-->Bases de datos seguras con mecanismos de\nseguridad y control de acceso.<o:p><\/o:p><\/p><p>Los datos a los que accede la aplicaci\u00f3n a trav\u00e9s de los\nservicios de Google se almacenan en la infraestructura designada por el cliente,\ny se conservan durante el tiempo que sean necesarios para cumplir con su\nfinalidad. <o:p><\/o:p><\/p><p>El cliente puede eliminar los datos en cualquier momento, ya\nsea desde la propia aplicaci\u00f3n o mediante la eliminaci\u00f3n completamente del\nsistema.<o:p><\/o:p><\/p><p>\n\n\n\n\n\n\n\n\n\n\n\n\n\n\n\n\n\n\n\n\n\n\n\n\n\n\n\n\n\n\n\n\n\n\n\n\n\n\n\n<\/p><p>Cumplimos con todos los requisitos establecidos por la\nPol\u00edtica de Datos de la API de Servicios de Google, incluyendo el principio de\n\u00abuso limitado\u00bb (Limited Use) y las obligaciones de seguridad,\ntransparencia y control del usuario.<o:p><\/o:p><\/p>\n<p>Al utilizar nuestra aplicaci\u00f3n, usted acepta esta pol\u00edtica de privacidad y el uso de sus datos, como se describe aqu\u00ed. Tambi\u00e9n acepta cumplir con la Pol\u00edtica de Datos de la API de Servicios de Google, que puede consultar en <a href=\"https:\/\/developers.google.com\/terms\/api-services-user-data-policy\">Google API Services User Data Policy<\/a>.<o:p><\/o:p><\/p>\n<p><o:p>&nbsp;<\/o:p><\/p>\n<p>Para m\u00e1s informaci\u00f3n o consultas, cont\u00e1ctenos a:<o:p><\/o:p><\/p>\n<p>TACTICASOFT<o:p><\/o:p><\/p>\n<p>Lavalle 835, CABA<o:p><\/o:p><\/p>\n<p><\/p>\n<p>soporte@tacticasoft.net<o:p><\/o:p><\/p>\t\t\t\t\t\t\t\t<\/div>\n\t\t\t\t<\/div>\n\t\t\t\t\t<\/div>\n\t\t<\/div>\n\t\t\t\t\t<\/div>\n\t\t<\/section>\n\t\t\t\t<\/div>\n\t\t","protected":false},"excerpt":{"rendered":"<p>TACTICA CRM &amp; ERP permite utilizar la API de Servicios de Google para acceder y procesar datos personales del usuario de Google \u00fanicamente con su consentimiento<span class=\"excerpt-hellip\"> [\u2026]<\/span><\/p>\n","protected":false},"author":1,"featured_media":0,"parent":0,"menu_order":0,"comment_status":"closed","ping_status":"closed","template":"","meta":{"_acf_changed":false,"footnotes":""},"class_list":["post-372824","page","type-page","status-publish","hentry"],"acf":[],"yoast_head":"<!-- This site is optimized with the Yoast SEO plugin v27.3 - https:\/\/yoast.com\/product\/yoast-seo-wordpress\/ -->\n<title>Politica de privacidad de g-api - TACTICASOFT<\/title>\n<meta name=\"robots\" content=\"noindex, nofollow\" \/>\n<meta property=\"og:locale\" content=\"en_US\" \/>\n<meta property=\"og:type\" content=\"article\" \/>\n<meta property=\"og:title\" content=\"Politica de privacidad de g-api - TACTICASOFT\" \/>\n<meta property=\"og:description\" content=\"TACTICA CRM &amp; ERP permite utilizar la API de Servicios de Google para acceder y procesar datos personales del usuario de Google \u00fanicamente con su consentimiento [\u2026]\" \/>\n<meta property=\"og:url\" content=\"https:\/\/www.tacticasoft.com\/en\/politica-de-privacidad-g-api\/\" \/>\n<meta property=\"og:site_name\" content=\"TACTICASOFT\" \/>\n<meta property=\"article:modified_time\" content=\"2025-05-08T20:28:06+00:00\" \/>\n<meta name=\"twitter:card\" content=\"summary_large_image\" \/>\n<meta name=\"twitter:label1\" content=\"Est. reading time\" \/>\n\t<meta name=\"twitter:data1\" content=\"2 minutes\" \/>\n<script type=\"application\/ld+json\" class=\"yoast-schema-graph\">{\"@context\":\"https:\\\/\\\/schema.org\",\"@graph\":[{\"@type\":\"WebPage\",\"@id\":\"https:\\\/\\\/www.tacticasoft.com\\\/politica-de-privacidad-g-api\\\/\",\"url\":\"https:\\\/\\\/www.tacticasoft.com\\\/politica-de-privacidad-g-api\\\/\",\"name\":\"Politica de privacidad de g-api - TACTICASOFT\",\"isPartOf\":{\"@id\":\"https:\\\/\\\/www.tacticasoft.com\\\/#website\"},\"datePublished\":\"2024-07-24T19:20:53+00:00\",\"dateModified\":\"2025-05-08T20:28:06+00:00\",\"breadcrumb\":{\"@id\":\"https:\\\/\\\/www.tacticasoft.com\\\/politica-de-privacidad-g-api\\\/#breadcrumb\"},\"inLanguage\":\"en-US\",\"potentialAction\":[{\"@type\":\"ReadAction\",\"target\":[\"https:\\\/\\\/www.tacticasoft.com\\\/politica-de-privacidad-g-api\\\/\"]}]},{\"@type\":\"BreadcrumbList\",\"@id\":\"https:\\\/\\\/www.tacticasoft.com\\\/politica-de-privacidad-g-api\\\/#breadcrumb\",\"itemListElement\":[{\"@type\":\"ListItem\",\"position\":1,\"name\":\"Inicio\",\"item\":\"https:\\\/\\\/www.tacticasoft.com\\\/\"},{\"@type\":\"ListItem\",\"position\":2,\"name\":\"Politica de privacidad de g-api\"}]},{\"@type\":\"WebSite\",\"@id\":\"https:\\\/\\\/www.tacticasoft.com\\\/#website\",\"url\":\"https:\\\/\\\/www.tacticasoft.com\\\/\",\"name\":\"TACTICASOFT\",\"description\":\"Software de CRM y ERP\",\"publisher\":{\"@id\":\"https:\\\/\\\/www.tacticasoft.com\\\/#organization\"},\"potentialAction\":[{\"@type\":\"SearchAction\",\"target\":{\"@type\":\"EntryPoint\",\"urlTemplate\":\"https:\\\/\\\/www.tacticasoft.com\\\/?s={search_term_string}\"},\"query-input\":{\"@type\":\"PropertyValueSpecification\",\"valueRequired\":true,\"valueName\":\"search_term_string\"}}],\"inLanguage\":\"en-US\"},{\"@type\":\"Organization\",\"@id\":\"https:\\\/\\\/www.tacticasoft.com\\\/#organization\",\"name\":\"TACTICASOFT\",\"url\":\"https:\\\/\\\/www.tacticasoft.com\\\/\",\"logo\":{\"@type\":\"ImageObject\",\"inLanguage\":\"en-US\",\"@id\":\"https:\\\/\\\/www.tacticasoft.com\\\/#\\\/schema\\\/logo\\\/image\\\/\",\"url\":\"https:\\\/\\\/www.tacticasoft.com\\\/wp-content\\\/uploads\\\/2023\\\/01\\\/cropped-logo.png\",\"contentUrl\":\"https:\\\/\\\/www.tacticasoft.com\\\/wp-content\\\/uploads\\\/2023\\\/01\\\/cropped-logo.png\",\"width\":141,\"height\":135,\"caption\":\"TACTICASOFT\"},\"image\":{\"@id\":\"https:\\\/\\\/www.tacticasoft.com\\\/#\\\/schema\\\/logo\\\/image\\\/\"}}]}<\/script>\n<!-- \/ Yoast SEO plugin. -->","yoast_head_json":{"title":"Politica de privacidad de g-api - TACTICASOFT","robots":{"index":"noindex","follow":"nofollow"},"og_locale":"en_US","og_type":"article","og_title":"Politica de privacidad de g-api - TACTICASOFT","og_description":"TACTICA CRM &amp; ERP permite utilizar la API de Servicios de Google para acceder y procesar datos personales del usuario de Google \u00fanicamente con su consentimiento [\u2026]","og_url":"https:\/\/www.tacticasoft.com\/en\/politica-de-privacidad-g-api\/","og_site_name":"TACTICASOFT","article_modified_time":"2025-05-08T20:28:06+00:00","twitter_card":"summary_large_image","twitter_misc":{"Est. reading time":"2 minutes"},"schema":{"@context":"https:\/\/schema.org","@graph":[{"@type":"WebPage","@id":"https:\/\/www.tacticasoft.com\/politica-de-privacidad-g-api\/","url":"https:\/\/www.tacticasoft.com\/politica-de-privacidad-g-api\/","name":"Politica de privacidad de g-api - TACTICASOFT","isPartOf":{"@id":"https:\/\/www.tacticasoft.com\/#website"},"datePublished":"2024-07-24T19:20:53+00:00","dateModified":"2025-05-08T20:28:06+00:00","breadcrumb":{"@id":"https:\/\/www.tacticasoft.com\/politica-de-privacidad-g-api\/#breadcrumb"},"inLanguage":"en-US","potentialAction":[{"@type":"ReadAction","target":["https:\/\/www.tacticasoft.com\/politica-de-privacidad-g-api\/"]}]},{"@type":"BreadcrumbList","@id":"https:\/\/www.tacticasoft.com\/politica-de-privacidad-g-api\/#breadcrumb","itemListElement":[{"@type":"ListItem","position":1,"name":"Inicio","item":"https:\/\/www.tacticasoft.com\/"},{"@type":"ListItem","position":2,"name":"Politica de privacidad de g-api"}]},{"@type":"WebSite","@id":"https:\/\/www.tacticasoft.com\/#website","url":"https:\/\/www.tacticasoft.com\/","name":"TACTICASOFT","description":"Software de CRM y ERP","publisher":{"@id":"https:\/\/www.tacticasoft.com\/#organization"},"potentialAction":[{"@type":"SearchAction","target":{"@type":"EntryPoint","urlTemplate":"https:\/\/www.tacticasoft.com\/?s={search_term_string}"},"query-input":{"@type":"PropertyValueSpecification","valueRequired":true,"valueName":"search_term_string"}}],"inLanguage":"en-US"},{"@type":"Organization","@id":"https:\/\/www.tacticasoft.com\/#organization","name":"TACTICASOFT","url":"https:\/\/www.tacticasoft.com\/","logo":{"@type":"ImageObject","inLanguage":"en-US","@id":"https:\/\/www.tacticasoft.com\/#\/schema\/logo\/image\/","url":"https:\/\/www.tacticasoft.com\/wp-content\/uploads\/2023\/01\/cropped-logo.png","contentUrl":"https:\/\/www.tacticasoft.com\/wp-content\/uploads\/2023\/01\/cropped-logo.png","width":141,"height":135,"caption":"TACTICASOFT"},"image":{"@id":"https:\/\/www.tacticasoft.com\/#\/schema\/logo\/image\/"}}]}},"_links":{"self":[{"href":"https:\/\/www.tacticasoft.com\/en\/wp-json\/wp\/v2\/pages\/372824","targetHints":{"allow":["GET"]}}],"collection":[{"href":"https:\/\/www.tacticasoft.com\/en\/wp-json\/wp\/v2\/pages"}],"about":[{"href":"https:\/\/www.tacticasoft.com\/en\/wp-json\/wp\/v2\/types\/page"}],"author":[{"embeddable":true,"href":"https:\/\/www.tacticasoft.com\/en\/wp-json\/wp\/v2\/users\/1"}],"replies":[{"embeddable":true,"href":"https:\/\/www.tacticasoft.com\/en\/wp-json\/wp\/v2\/comments?post=372824"}],"version-history":[{"count":10,"href":"https:\/\/www.tacticasoft.com\/en\/wp-json\/wp\/v2\/pages\/372824\/revisions"}],"predecessor-version":[{"id":373415,"href":"https:\/\/www.tacticasoft.com\/en\/wp-json\/wp\/v2\/pages\/372824\/revisions\/373415"}],"wp:attachment":[{"href":"https:\/\/www.tacticasoft.com\/en\/wp-json\/wp\/v2\/media?parent=372824"}],"curies":[{"name":"wp","href":"https:\/\/api.w.org\/{rel}","templated":true}]}}