{"id":371694,"date":"2023-12-15T02:12:00","date_gmt":"2023-12-15T05:12:00","guid":{"rendered":"https:\/\/www.tacticasoft.com\/?page_id=371694"},"modified":"2023-12-15T02:13:34","modified_gmt":"2023-12-15T05:13:34","slug":"requerimientos-tecnicos-para-la-utilizacion-de-tsplus-para-tacticasoft","status":"publish","type":"page","link":"https:\/\/www.tacticasoft.com\/en\/requerimientos-tecnicos-para-la-utilizacion-de-tsplus-para-tacticasoft\/","title":{"rendered":"Requerimientos t\u00e9cnicos para la utilizaci\u00f3n de TSPLUS para TACTICASOFT"},"content":{"rendered":"<div data-elementor-type=\"wp-page\" data-elementor-id=\"371694\" class=\"elementor elementor-371694\" data-elementor-post-type=\"page\">\n\t\t\t\t\t\t<section class=\"elementor-section elementor-top-section elementor-element elementor-element-2bfd43a0 elementor-section-stretched elementor-section-boxed elementor-section-height-default elementor-section-height-default\" data-id=\"2bfd43a0\" data-element_type=\"section\" data-settings=\"{&quot;stretch_section&quot;:&quot;section-stretched&quot;}\">\n\t\t\t\t\t\t<div class=\"elementor-container elementor-column-gap-default\">\n\t\t\t\t\t<div class=\"elementor-column elementor-col-100 elementor-top-column elementor-element elementor-element-9d557e4\" data-id=\"9d557e4\" data-element_type=\"column\">\n\t\t\t<div class=\"elementor-widget-wrap elementor-element-populated\">\n\t\t\t\t\t\t<div class=\"elementor-element elementor-element-26829127 elementor-widget elementor-widget-heading\" data-id=\"26829127\" data-element_type=\"widget\" data-widget_type=\"heading.default\">\n\t\t\t\t<div class=\"elementor-widget-container\">\n\t\t\t\t\t<h3 class=\"elementor-heading-title elementor-size-default\">Requerimientos t\u00e9cnicos para la utilizaci\u00f3n<br>de TSPLUS para TACTICASOFT<\/h3>\t\t\t\t<\/div>\n\t\t\t\t<\/div>\n\t\t\t\t<div class=\"elementor-element elementor-element-2a8cd06 elementor-widget-divider--view-line elementor-widget elementor-widget-divider\" data-id=\"2a8cd06\" data-element_type=\"widget\" data-widget_type=\"divider.default\">\n\t\t\t\t<div class=\"elementor-widget-container\">\n\t\t\t\t\t\t\t<div class=\"elementor-divider\">\n\t\t\t<span class=\"elementor-divider-separator\">\n\t\t\t\t\t\t<\/span>\n\t\t<\/div>\n\t\t\t\t\t\t<\/div>\n\t\t\t\t<\/div>\n\t\t\t\t\t<\/div>\n\t\t<\/div>\n\t\t\t\t\t<\/div>\n\t\t<\/section>\n\t\t\t\t<section class=\"elementor-section elementor-top-section elementor-element elementor-element-2114a3bd elementor-section-stretched plantilla_contenido elementor-section-boxed elementor-section-height-default elementor-section-height-default\" data-id=\"2114a3bd\" data-element_type=\"section\" data-settings=\"{&quot;stretch_section&quot;:&quot;section-stretched&quot;,&quot;background_background&quot;:&quot;classic&quot;}\">\n\t\t\t\t\t\t\t<div class=\"elementor-background-overlay\"><\/div>\n\t\t\t\t\t\t\t<div class=\"elementor-container elementor-column-gap-wider\">\n\t\t\t\t\t<div class=\"elementor-column elementor-col-100 elementor-top-column elementor-element elementor-element-719dd627\" data-id=\"719dd627\" data-element_type=\"column\">\n\t\t\t<div class=\"elementor-widget-wrap elementor-element-populated\">\n\t\t\t\t\t\t<div class=\"elementor-element elementor-element-16fd1252 elementor-widget elementor-widget-text-editor\" data-id=\"16fd1252\" data-element_type=\"widget\" data-widget_type=\"text-editor.default\">\n\t\t\t\t<div class=\"elementor-widget-container\">\n\t\t\t\t\t\t\t\t\t<p><img fetchpriority=\"high\" decoding=\"async\" class=\"alignnone size-full wp-image-371697 aligncenter\" src=\"https:\/\/www.tacticasoft.com\/wp-content\/uploads\/2023\/12\/requerimientos-tsplus.jpg\" alt=\"\" width=\"566\" height=\"704\" srcset=\"https:\/\/www.tacticasoft.com\/wp-content\/uploads\/2023\/12\/requerimientos-tsplus.jpg 566w, https:\/\/www.tacticasoft.com\/wp-content\/uploads\/2023\/12\/requerimientos-tsplus-241x300.jpg 241w, https:\/\/www.tacticasoft.com\/wp-content\/uploads\/2023\/12\/requerimientos-tsplus-10x12.jpg 10w, https:\/\/www.tacticasoft.com\/wp-content\/uploads\/2023\/12\/requerimientos-tsplus-117x146.jpg 117w, https:\/\/www.tacticasoft.com\/wp-content\/uploads\/2023\/12\/requerimientos-tsplus-40x50.jpg 40w, https:\/\/www.tacticasoft.com\/wp-content\/uploads\/2023\/12\/requerimientos-tsplus-60x75.jpg 60w\" sizes=\"(max-width: 566px) 100vw, 566px\" \/><\/p>\t\t\t\t\t\t\t\t<\/div>\n\t\t\t\t<\/div>\n\t\t\t\t\t<\/div>\n\t\t<\/div>\n\t\t\t\t\t<\/div>\n\t\t<\/section>\n\t\t\t\t<\/div>","protected":false},"excerpt":{"rendered":"<p>Requerimientos t\u00e9cnicos para la utilizaci\u00f3nde TSPLUS para TACTICASOFT<\/p>","protected":false},"author":4,"featured_media":0,"parent":0,"menu_order":0,"comment_status":"closed","ping_status":"closed","template":"","meta":{"_acf_changed":false,"footnotes":""},"class_list":["post-371694","page","type-page","status-publish","hentry"],"acf":[],"yoast_head":"<!-- This site is optimized with the Yoast SEO plugin v27.2 - https:\/\/yoast.com\/product\/yoast-seo-wordpress\/ -->\n<title>Requerimientos t\u00e9cnicos para la utilizaci\u00f3n de TSPLUS para TACTICASOFT - TACTICASOFT<\/title>\n<meta name=\"robots\" content=\"index, follow, max-snippet:-1, max-image-preview:large, max-video-preview:-1\" \/>\n<link rel=\"canonical\" href=\"https:\/\/www.tacticasoft.com\/en\/requerimientos-tecnicos-para-la-utilizacion-de-tsplus-para-tacticasoft\/\" \/>\n<meta property=\"og:locale\" content=\"en_US\" \/>\n<meta property=\"og:type\" content=\"article\" \/>\n<meta property=\"og:title\" content=\"Requerimientos t\u00e9cnicos para la utilizaci\u00f3n de TSPLUS para TACTICASOFT - TACTICASOFT\" \/>\n<meta property=\"og:description\" content=\"Requerimientos t\u00e9cnicos para la utilizaci\u00f3nde TSPLUS para TACTICASOFT\" \/>\n<meta property=\"og:url\" content=\"https:\/\/www.tacticasoft.com\/en\/requerimientos-tecnicos-para-la-utilizacion-de-tsplus-para-tacticasoft\/\" \/>\n<meta property=\"og:site_name\" content=\"TACTICASOFT\" \/>\n<meta property=\"article:modified_time\" content=\"2023-12-15T05:13:34+00:00\" \/>\n<meta property=\"og:image\" content=\"https:\/\/www.tacticasoft.com\/wp-content\/uploads\/2023\/12\/requerimientos-tsplus.jpg\" \/>\n<meta name=\"twitter:card\" content=\"summary_large_image\" \/>\n<meta name=\"twitter:label1\" content=\"Est. reading time\" \/>\n\t<meta name=\"twitter:data1\" content=\"1 minute\" \/>\n<script type=\"application\/ld+json\" class=\"yoast-schema-graph\">{\"@context\":\"https:\/\/schema.org\",\"@graph\":[{\"@type\":\"WebPage\",\"@id\":\"https:\/\/www.tacticasoft.com\/requerimientos-tecnicos-para-la-utilizacion-de-tsplus-para-tacticasoft\/\",\"url\":\"https:\/\/www.tacticasoft.com\/requerimientos-tecnicos-para-la-utilizacion-de-tsplus-para-tacticasoft\/\",\"name\":\"Requerimientos t\u00e9cnicos para la utilizaci\u00f3n de TSPLUS para TACTICASOFT - TACTICASOFT\",\"isPartOf\":{\"@id\":\"https:\/\/www.tacticasoft.com\/#website\"},\"primaryImageOfPage\":{\"@id\":\"https:\/\/www.tacticasoft.com\/requerimientos-tecnicos-para-la-utilizacion-de-tsplus-para-tacticasoft\/#primaryimage\"},\"image\":{\"@id\":\"https:\/\/www.tacticasoft.com\/requerimientos-tecnicos-para-la-utilizacion-de-tsplus-para-tacticasoft\/#primaryimage\"},\"thumbnailUrl\":\"https:\/\/www.tacticasoft.com\/wp-content\/uploads\/2023\/12\/requerimientos-tsplus.jpg\",\"datePublished\":\"2023-12-15T05:12:00+00:00\",\"dateModified\":\"2023-12-15T05:13:34+00:00\",\"breadcrumb\":{\"@id\":\"https:\/\/www.tacticasoft.com\/requerimientos-tecnicos-para-la-utilizacion-de-tsplus-para-tacticasoft\/#breadcrumb\"},\"inLanguage\":\"en-US\",\"potentialAction\":[{\"@type\":\"ReadAction\",\"target\":[\"https:\/\/www.tacticasoft.com\/requerimientos-tecnicos-para-la-utilizacion-de-tsplus-para-tacticasoft\/\"]}]},{\"@type\":\"ImageObject\",\"inLanguage\":\"en-US\",\"@id\":\"https:\/\/www.tacticasoft.com\/requerimientos-tecnicos-para-la-utilizacion-de-tsplus-para-tacticasoft\/#primaryimage\",\"url\":\"https:\/\/www.tacticasoft.com\/wp-content\/uploads\/2023\/12\/requerimientos-tsplus.jpg\",\"contentUrl\":\"https:\/\/www.tacticasoft.com\/wp-content\/uploads\/2023\/12\/requerimientos-tsplus.jpg\"},{\"@type\":\"BreadcrumbList\",\"@id\":\"https:\/\/www.tacticasoft.com\/requerimientos-tecnicos-para-la-utilizacion-de-tsplus-para-tacticasoft\/#breadcrumb\",\"itemListElement\":[{\"@type\":\"ListItem\",\"position\":1,\"name\":\"Inicio\",\"item\":\"https:\/\/www.tacticasoft.com\/\"},{\"@type\":\"ListItem\",\"position\":2,\"name\":\"Requerimientos t\u00e9cnicos para la utilizaci\u00f3n de TSPLUS para TACTICASOFT\"}]},{\"@type\":\"WebSite\",\"@id\":\"https:\/\/www.tacticasoft.com\/#website\",\"url\":\"https:\/\/www.tacticasoft.com\/\",\"name\":\"TACTICASOFT\",\"description\":\"Software de CRM y ERP\",\"publisher\":{\"@id\":\"https:\/\/www.tacticasoft.com\/#organization\"},\"potentialAction\":[{\"@type\":\"SearchAction\",\"target\":{\"@type\":\"EntryPoint\",\"urlTemplate\":\"https:\/\/www.tacticasoft.com\/?s={search_term_string}\"},\"query-input\":{\"@type\":\"PropertyValueSpecification\",\"valueRequired\":true,\"valueName\":\"search_term_string\"}}],\"inLanguage\":\"en-US\"},{\"@type\":\"Organization\",\"@id\":\"https:\/\/www.tacticasoft.com\/#organization\",\"name\":\"TACTICASOFT\",\"url\":\"https:\/\/www.tacticasoft.com\/\",\"logo\":{\"@type\":\"ImageObject\",\"inLanguage\":\"en-US\",\"@id\":\"https:\/\/www.tacticasoft.com\/#\/schema\/logo\/image\/\",\"url\":\"https:\/\/www.tacticasoft.com\/wp-content\/uploads\/2023\/01\/cropped-logo.png\",\"contentUrl\":\"https:\/\/www.tacticasoft.com\/wp-content\/uploads\/2023\/01\/cropped-logo.png\",\"width\":141,\"height\":135,\"caption\":\"TACTICASOFT\"},\"image\":{\"@id\":\"https:\/\/www.tacticasoft.com\/#\/schema\/logo\/image\/\"}}]}<\/script>\n<!-- \/ Yoast SEO plugin. -->","yoast_head_json":{"title":"Requerimientos t\u00e9cnicos para la utilizaci\u00f3n de TSPLUS para TACTICASOFT - TACTICASOFT","robots":{"index":"index","follow":"follow","max-snippet":"max-snippet:-1","max-image-preview":"max-image-preview:large","max-video-preview":"max-video-preview:-1"},"canonical":"https:\/\/www.tacticasoft.com\/en\/requerimientos-tecnicos-para-la-utilizacion-de-tsplus-para-tacticasoft\/","og_locale":"en_US","og_type":"article","og_title":"Requerimientos t\u00e9cnicos para la utilizaci\u00f3n de TSPLUS para TACTICASOFT - TACTICASOFT","og_description":"Requerimientos t\u00e9cnicos para la utilizaci\u00f3nde TSPLUS para TACTICASOFT","og_url":"https:\/\/www.tacticasoft.com\/en\/requerimientos-tecnicos-para-la-utilizacion-de-tsplus-para-tacticasoft\/","og_site_name":"TACTICASOFT","article_modified_time":"2023-12-15T05:13:34+00:00","og_image":[{"url":"https:\/\/www.tacticasoft.com\/wp-content\/uploads\/2023\/12\/requerimientos-tsplus.jpg","type":"","width":"","height":""}],"twitter_card":"summary_large_image","twitter_misc":{"Est. reading time":"1 minute"},"schema":{"@context":"https:\/\/schema.org","@graph":[{"@type":"WebPage","@id":"https:\/\/www.tacticasoft.com\/requerimientos-tecnicos-para-la-utilizacion-de-tsplus-para-tacticasoft\/","url":"https:\/\/www.tacticasoft.com\/requerimientos-tecnicos-para-la-utilizacion-de-tsplus-para-tacticasoft\/","name":"Requerimientos t\u00e9cnicos para la utilizaci\u00f3n de TSPLUS para TACTICASOFT - TACTICASOFT","isPartOf":{"@id":"https:\/\/www.tacticasoft.com\/#website"},"primaryImageOfPage":{"@id":"https:\/\/www.tacticasoft.com\/requerimientos-tecnicos-para-la-utilizacion-de-tsplus-para-tacticasoft\/#primaryimage"},"image":{"@id":"https:\/\/www.tacticasoft.com\/requerimientos-tecnicos-para-la-utilizacion-de-tsplus-para-tacticasoft\/#primaryimage"},"thumbnailUrl":"https:\/\/www.tacticasoft.com\/wp-content\/uploads\/2023\/12\/requerimientos-tsplus.jpg","datePublished":"2023-12-15T05:12:00+00:00","dateModified":"2023-12-15T05:13:34+00:00","breadcrumb":{"@id":"https:\/\/www.tacticasoft.com\/requerimientos-tecnicos-para-la-utilizacion-de-tsplus-para-tacticasoft\/#breadcrumb"},"inLanguage":"en-US","potentialAction":[{"@type":"ReadAction","target":["https:\/\/www.tacticasoft.com\/requerimientos-tecnicos-para-la-utilizacion-de-tsplus-para-tacticasoft\/"]}]},{"@type":"ImageObject","inLanguage":"en-US","@id":"https:\/\/www.tacticasoft.com\/requerimientos-tecnicos-para-la-utilizacion-de-tsplus-para-tacticasoft\/#primaryimage","url":"https:\/\/www.tacticasoft.com\/wp-content\/uploads\/2023\/12\/requerimientos-tsplus.jpg","contentUrl":"https:\/\/www.tacticasoft.com\/wp-content\/uploads\/2023\/12\/requerimientos-tsplus.jpg"},{"@type":"BreadcrumbList","@id":"https:\/\/www.tacticasoft.com\/requerimientos-tecnicos-para-la-utilizacion-de-tsplus-para-tacticasoft\/#breadcrumb","itemListElement":[{"@type":"ListItem","position":1,"name":"Inicio","item":"https:\/\/www.tacticasoft.com\/"},{"@type":"ListItem","position":2,"name":"Requerimientos t\u00e9cnicos para la utilizaci\u00f3n de TSPLUS para TACTICASOFT"}]},{"@type":"WebSite","@id":"https:\/\/www.tacticasoft.com\/#website","url":"https:\/\/www.tacticasoft.com\/","name":"TACTICASOFT","description":"Software de CRM y ERP","publisher":{"@id":"https:\/\/www.tacticasoft.com\/#organization"},"potentialAction":[{"@type":"SearchAction","target":{"@type":"EntryPoint","urlTemplate":"https:\/\/www.tacticasoft.com\/?s={search_term_string}"},"query-input":{"@type":"PropertyValueSpecification","valueRequired":true,"valueName":"search_term_string"}}],"inLanguage":"en-US"},{"@type":"Organization","@id":"https:\/\/www.tacticasoft.com\/#organization","name":"TACTICASOFT","url":"https:\/\/www.tacticasoft.com\/","logo":{"@type":"ImageObject","inLanguage":"en-US","@id":"https:\/\/www.tacticasoft.com\/#\/schema\/logo\/image\/","url":"https:\/\/www.tacticasoft.com\/wp-content\/uploads\/2023\/01\/cropped-logo.png","contentUrl":"https:\/\/www.tacticasoft.com\/wp-content\/uploads\/2023\/01\/cropped-logo.png","width":141,"height":135,"caption":"TACTICASOFT"},"image":{"@id":"https:\/\/www.tacticasoft.com\/#\/schema\/logo\/image\/"}}]}},"_links":{"self":[{"href":"https:\/\/www.tacticasoft.com\/en\/wp-json\/wp\/v2\/pages\/371694","targetHints":{"allow":["GET"]}}],"collection":[{"href":"https:\/\/www.tacticasoft.com\/en\/wp-json\/wp\/v2\/pages"}],"about":[{"href":"https:\/\/www.tacticasoft.com\/en\/wp-json\/wp\/v2\/types\/page"}],"author":[{"embeddable":true,"href":"https:\/\/www.tacticasoft.com\/en\/wp-json\/wp\/v2\/users\/4"}],"replies":[{"embeddable":true,"href":"https:\/\/www.tacticasoft.com\/en\/wp-json\/wp\/v2\/comments?post=371694"}],"version-history":[{"count":4,"href":"https:\/\/www.tacticasoft.com\/en\/wp-json\/wp\/v2\/pages\/371694\/revisions"}],"predecessor-version":[{"id":371700,"href":"https:\/\/www.tacticasoft.com\/en\/wp-json\/wp\/v2\/pages\/371694\/revisions\/371700"}],"wp:attachment":[{"href":"https:\/\/www.tacticasoft.com\/en\/wp-json\/wp\/v2\/media?parent=371694"}],"curies":[{"name":"wp","href":"https:\/\/api.w.org\/{rel}","templated":true}]}}