{"id":371670,"date":"2023-12-15T02:02:45","date_gmt":"2023-12-15T05:02:45","guid":{"rendered":"https:\/\/www.tacticasoft.com\/?page_id=371670"},"modified":"2024-07-29T16:44:09","modified_gmt":"2024-07-29T19:44:09","slug":"requerimientos-tecnicos-minimos-para-tactica-v7","status":"publish","type":"page","link":"https:\/\/www.tacticasoft.com\/en\/requerimientos-tecnicos-minimos-para-tactica-v7\/","title":{"rendered":"Requerimientos t\u00e9cnicos m\u00ednimos para TACTICA v7"},"content":{"rendered":"<div data-elementor-type=\"wp-page\" data-elementor-id=\"371670\" class=\"elementor elementor-371670\" data-elementor-post-type=\"page\">\n\t\t\t\t\t\t<section class=\"elementor-section elementor-top-section elementor-element elementor-element-750f6c05 elementor-section-stretched elementor-section-boxed elementor-section-height-default elementor-section-height-default\" data-id=\"750f6c05\" data-element_type=\"section\" data-settings=\"{&quot;stretch_section&quot;:&quot;section-stretched&quot;}\">\n\t\t\t\t\t\t<div class=\"elementor-container elementor-column-gap-default\">\n\t\t\t\t\t<div class=\"elementor-column elementor-col-100 elementor-top-column elementor-element elementor-element-4b27941e\" data-id=\"4b27941e\" data-element_type=\"column\">\n\t\t\t<div class=\"elementor-widget-wrap elementor-element-populated\">\n\t\t\t\t\t\t<div class=\"elementor-element elementor-element-4e9ccf6c elementor-widget elementor-widget-heading\" data-id=\"4e9ccf6c\" data-element_type=\"widget\" data-widget_type=\"heading.default\">\n\t\t\t\t<div class=\"elementor-widget-container\">\n\t\t\t\t\t<h3 class=\"elementor-heading-title elementor-size-default\">Requerimientos t\u00e9cnicos m\u00ednimos para TACTICA v7.x.x<\/h3>\t\t\t\t<\/div>\n\t\t\t\t<\/div>\n\t\t\t\t<div class=\"elementor-element elementor-element-40346ab3 elementor-widget-divider--view-line elementor-widget elementor-widget-divider\" data-id=\"40346ab3\" data-element_type=\"widget\" data-widget_type=\"divider.default\">\n\t\t\t\t<div class=\"elementor-widget-container\">\n\t\t\t\t\t\t\t<div class=\"elementor-divider\">\n\t\t\t<span class=\"elementor-divider-separator\">\n\t\t\t\t\t\t<\/span>\n\t\t<\/div>\n\t\t\t\t\t\t<\/div>\n\t\t\t\t<\/div>\n\t\t\t\t\t<\/div>\n\t\t<\/div>\n\t\t\t\t\t<\/div>\n\t\t<\/section>\n\t\t\t\t<section class=\"elementor-section elementor-top-section elementor-element elementor-element-13017823 elementor-section-stretched plantilla_contenido elementor-section-boxed elementor-section-height-default elementor-section-height-default\" data-id=\"13017823\" data-element_type=\"section\" data-settings=\"{&quot;stretch_section&quot;:&quot;section-stretched&quot;,&quot;background_background&quot;:&quot;classic&quot;}\">\n\t\t\t\t\t\t\t<div class=\"elementor-background-overlay\"><\/div>\n\t\t\t\t\t\t\t<div class=\"elementor-container elementor-column-gap-wider\">\n\t\t\t\t\t<div class=\"elementor-column elementor-col-100 elementor-top-column elementor-element elementor-element-49d5a648\" data-id=\"49d5a648\" data-element_type=\"column\">\n\t\t\t<div class=\"elementor-widget-wrap elementor-element-populated\">\n\t\t\t\t\t\t<div class=\"elementor-element elementor-element-3d80a7fc elementor-widget elementor-widget-text-editor\" data-id=\"3d80a7fc\" data-element_type=\"widget\" data-widget_type=\"text-editor.default\">\n\t\t\t\t<div class=\"elementor-widget-container\">\n\t\t\t\t\t\t\t\t\t<p style=\"text-align: center;\"><img fetchpriority=\"high\" decoding=\"async\" class=\"size-full wp-image-371673 aligncenter\" src=\"https:\/\/www.tacticasoft.com\/wp-content\/uploads\/2023\/12\/requerimientos_1.gif\" alt=\"\" width=\"600\" height=\"194\" \/><\/p><p><img decoding=\"async\" class=\"size-full wp-image-372854 aligncenter\" src=\"https:\/\/www.tacticasoft.com\/wp-content\/uploads\/2024\/07\/requerimientos-tecnicos-minimos-v7.jpg\" alt=\"\" width=\"754\" height=\"942\" srcset=\"https:\/\/www.tacticasoft.com\/wp-content\/uploads\/2024\/07\/requerimientos-tecnicos-minimos-v7.jpg 754w, https:\/\/www.tacticasoft.com\/wp-content\/uploads\/2024\/07\/requerimientos-tecnicos-minimos-v7-240x300.jpg 240w, https:\/\/www.tacticasoft.com\/wp-content\/uploads\/2024\/07\/requerimientos-tecnicos-minimos-v7-10x12.jpg 10w, https:\/\/www.tacticasoft.com\/wp-content\/uploads\/2024\/07\/requerimientos-tecnicos-minimos-v7-117x146.jpg 117w, https:\/\/www.tacticasoft.com\/wp-content\/uploads\/2024\/07\/requerimientos-tecnicos-minimos-v7-40x50.jpg 40w, https:\/\/www.tacticasoft.com\/wp-content\/uploads\/2024\/07\/requerimientos-tecnicos-minimos-v7-60x75.jpg 60w\" sizes=\"(max-width: 754px) 100vw, 754px\" \/><\/p>\t\t\t\t\t\t\t\t<\/div>\n\t\t\t\t<\/div>\n\t\t\t\t\t<\/div>\n\t\t<\/div>\n\t\t\t\t\t<\/div>\n\t\t<\/section>\n\t\t\t\t<\/div>","protected":false},"excerpt":{"rendered":"<p>Requerimientos t\u00e9cnicos m\u00ednimos para TACTICA v7.x.x<\/p>","protected":false},"author":4,"featured_media":0,"parent":0,"menu_order":0,"comment_status":"closed","ping_status":"closed","template":"","meta":{"_acf_changed":false,"footnotes":""},"class_list":["post-371670","page","type-page","status-publish","hentry"],"acf":[],"yoast_head":"<!-- This site is optimized with the Yoast SEO plugin v27.3 - https:\/\/yoast.com\/product\/yoast-seo-wordpress\/ -->\n<title>Requerimientos t\u00e9cnicos m\u00ednimos para TACTICA v7 - TACTICASOFT<\/title>\n<meta name=\"robots\" content=\"index, follow, max-snippet:-1, max-image-preview:large, max-video-preview:-1\" \/>\n<link rel=\"canonical\" href=\"https:\/\/www.tacticasoft.com\/en\/requerimientos-tecnicos-minimos-para-tactica-v7\/\" \/>\n<meta property=\"og:locale\" content=\"en_US\" \/>\n<meta property=\"og:type\" content=\"article\" \/>\n<meta property=\"og:title\" content=\"Requerimientos t\u00e9cnicos m\u00ednimos para TACTICA v7 - TACTICASOFT\" \/>\n<meta property=\"og:description\" content=\"Requerimientos t\u00e9cnicos m\u00ednimos para TACTICA v7.x.x\" \/>\n<meta property=\"og:url\" content=\"https:\/\/www.tacticasoft.com\/en\/requerimientos-tecnicos-minimos-para-tactica-v7\/\" \/>\n<meta property=\"og:site_name\" content=\"TACTICASOFT\" \/>\n<meta property=\"article:modified_time\" content=\"2024-07-29T19:44:09+00:00\" \/>\n<meta property=\"og:image\" content=\"https:\/\/www.tacticasoft.com\/wp-content\/uploads\/2023\/12\/requerimientos_1.gif\" \/>\n<meta name=\"twitter:card\" content=\"summary_large_image\" \/>\n<meta name=\"twitter:label1\" content=\"Est. reading time\" \/>\n\t<meta name=\"twitter:data1\" content=\"1 minute\" \/>\n<script type=\"application\/ld+json\" class=\"yoast-schema-graph\">{\"@context\":\"https:\\\/\\\/schema.org\",\"@graph\":[{\"@type\":\"WebPage\",\"@id\":\"https:\\\/\\\/www.tacticasoft.com\\\/requerimientos-tecnicos-minimos-para-tactica-v7\\\/\",\"url\":\"https:\\\/\\\/www.tacticasoft.com\\\/requerimientos-tecnicos-minimos-para-tactica-v7\\\/\",\"name\":\"Requerimientos t\u00e9cnicos m\u00ednimos para TACTICA v7 - TACTICASOFT\",\"isPartOf\":{\"@id\":\"https:\\\/\\\/www.tacticasoft.com\\\/#website\"},\"primaryImageOfPage\":{\"@id\":\"https:\\\/\\\/www.tacticasoft.com\\\/requerimientos-tecnicos-minimos-para-tactica-v7\\\/#primaryimage\"},\"image\":{\"@id\":\"https:\\\/\\\/www.tacticasoft.com\\\/requerimientos-tecnicos-minimos-para-tactica-v7\\\/#primaryimage\"},\"thumbnailUrl\":\"https:\\\/\\\/www.tacticasoft.com\\\/wp-content\\\/uploads\\\/2023\\\/12\\\/requerimientos_1.gif\",\"datePublished\":\"2023-12-15T05:02:45+00:00\",\"dateModified\":\"2024-07-29T19:44:09+00:00\",\"breadcrumb\":{\"@id\":\"https:\\\/\\\/www.tacticasoft.com\\\/requerimientos-tecnicos-minimos-para-tactica-v7\\\/#breadcrumb\"},\"inLanguage\":\"en-US\",\"potentialAction\":[{\"@type\":\"ReadAction\",\"target\":[\"https:\\\/\\\/www.tacticasoft.com\\\/requerimientos-tecnicos-minimos-para-tactica-v7\\\/\"]}]},{\"@type\":\"ImageObject\",\"inLanguage\":\"en-US\",\"@id\":\"https:\\\/\\\/www.tacticasoft.com\\\/requerimientos-tecnicos-minimos-para-tactica-v7\\\/#primaryimage\",\"url\":\"https:\\\/\\\/www.tacticasoft.com\\\/wp-content\\\/uploads\\\/2023\\\/12\\\/requerimientos_1.gif\",\"contentUrl\":\"https:\\\/\\\/www.tacticasoft.com\\\/wp-content\\\/uploads\\\/2023\\\/12\\\/requerimientos_1.gif\"},{\"@type\":\"BreadcrumbList\",\"@id\":\"https:\\\/\\\/www.tacticasoft.com\\\/requerimientos-tecnicos-minimos-para-tactica-v7\\\/#breadcrumb\",\"itemListElement\":[{\"@type\":\"ListItem\",\"position\":1,\"name\":\"Inicio\",\"item\":\"https:\\\/\\\/www.tacticasoft.com\\\/\"},{\"@type\":\"ListItem\",\"position\":2,\"name\":\"Requerimientos t\u00e9cnicos m\u00ednimos para TACTICA v7\"}]},{\"@type\":\"WebSite\",\"@id\":\"https:\\\/\\\/www.tacticasoft.com\\\/#website\",\"url\":\"https:\\\/\\\/www.tacticasoft.com\\\/\",\"name\":\"TACTICASOFT\",\"description\":\"Software de CRM y ERP\",\"publisher\":{\"@id\":\"https:\\\/\\\/www.tacticasoft.com\\\/#organization\"},\"potentialAction\":[{\"@type\":\"SearchAction\",\"target\":{\"@type\":\"EntryPoint\",\"urlTemplate\":\"https:\\\/\\\/www.tacticasoft.com\\\/?s={search_term_string}\"},\"query-input\":{\"@type\":\"PropertyValueSpecification\",\"valueRequired\":true,\"valueName\":\"search_term_string\"}}],\"inLanguage\":\"en-US\"},{\"@type\":\"Organization\",\"@id\":\"https:\\\/\\\/www.tacticasoft.com\\\/#organization\",\"name\":\"TACTICASOFT\",\"url\":\"https:\\\/\\\/www.tacticasoft.com\\\/\",\"logo\":{\"@type\":\"ImageObject\",\"inLanguage\":\"en-US\",\"@id\":\"https:\\\/\\\/www.tacticasoft.com\\\/#\\\/schema\\\/logo\\\/image\\\/\",\"url\":\"https:\\\/\\\/www.tacticasoft.com\\\/wp-content\\\/uploads\\\/2023\\\/01\\\/cropped-logo.png\",\"contentUrl\":\"https:\\\/\\\/www.tacticasoft.com\\\/wp-content\\\/uploads\\\/2023\\\/01\\\/cropped-logo.png\",\"width\":141,\"height\":135,\"caption\":\"TACTICASOFT\"},\"image\":{\"@id\":\"https:\\\/\\\/www.tacticasoft.com\\\/#\\\/schema\\\/logo\\\/image\\\/\"}}]}<\/script>\n<!-- \/ Yoast SEO plugin. -->","yoast_head_json":{"title":"Requerimientos t\u00e9cnicos m\u00ednimos para TACTICA v7 - TACTICASOFT","robots":{"index":"index","follow":"follow","max-snippet":"max-snippet:-1","max-image-preview":"max-image-preview:large","max-video-preview":"max-video-preview:-1"},"canonical":"https:\/\/www.tacticasoft.com\/en\/requerimientos-tecnicos-minimos-para-tactica-v7\/","og_locale":"en_US","og_type":"article","og_title":"Requerimientos t\u00e9cnicos m\u00ednimos para TACTICA v7 - TACTICASOFT","og_description":"Requerimientos t\u00e9cnicos m\u00ednimos para TACTICA v7.x.x","og_url":"https:\/\/www.tacticasoft.com\/en\/requerimientos-tecnicos-minimos-para-tactica-v7\/","og_site_name":"TACTICASOFT","article_modified_time":"2024-07-29T19:44:09+00:00","og_image":[{"url":"https:\/\/www.tacticasoft.com\/wp-content\/uploads\/2023\/12\/requerimientos_1.gif","type":"","width":"","height":""}],"twitter_card":"summary_large_image","twitter_misc":{"Est. reading time":"1 minute"},"schema":{"@context":"https:\/\/schema.org","@graph":[{"@type":"WebPage","@id":"https:\/\/www.tacticasoft.com\/requerimientos-tecnicos-minimos-para-tactica-v7\/","url":"https:\/\/www.tacticasoft.com\/requerimientos-tecnicos-minimos-para-tactica-v7\/","name":"Requerimientos t\u00e9cnicos m\u00ednimos para TACTICA v7 - TACTICASOFT","isPartOf":{"@id":"https:\/\/www.tacticasoft.com\/#website"},"primaryImageOfPage":{"@id":"https:\/\/www.tacticasoft.com\/requerimientos-tecnicos-minimos-para-tactica-v7\/#primaryimage"},"image":{"@id":"https:\/\/www.tacticasoft.com\/requerimientos-tecnicos-minimos-para-tactica-v7\/#primaryimage"},"thumbnailUrl":"https:\/\/www.tacticasoft.com\/wp-content\/uploads\/2023\/12\/requerimientos_1.gif","datePublished":"2023-12-15T05:02:45+00:00","dateModified":"2024-07-29T19:44:09+00:00","breadcrumb":{"@id":"https:\/\/www.tacticasoft.com\/requerimientos-tecnicos-minimos-para-tactica-v7\/#breadcrumb"},"inLanguage":"en-US","potentialAction":[{"@type":"ReadAction","target":["https:\/\/www.tacticasoft.com\/requerimientos-tecnicos-minimos-para-tactica-v7\/"]}]},{"@type":"ImageObject","inLanguage":"en-US","@id":"https:\/\/www.tacticasoft.com\/requerimientos-tecnicos-minimos-para-tactica-v7\/#primaryimage","url":"https:\/\/www.tacticasoft.com\/wp-content\/uploads\/2023\/12\/requerimientos_1.gif","contentUrl":"https:\/\/www.tacticasoft.com\/wp-content\/uploads\/2023\/12\/requerimientos_1.gif"},{"@type":"BreadcrumbList","@id":"https:\/\/www.tacticasoft.com\/requerimientos-tecnicos-minimos-para-tactica-v7\/#breadcrumb","itemListElement":[{"@type":"ListItem","position":1,"name":"Inicio","item":"https:\/\/www.tacticasoft.com\/"},{"@type":"ListItem","position":2,"name":"Requerimientos t\u00e9cnicos m\u00ednimos para TACTICA v7"}]},{"@type":"WebSite","@id":"https:\/\/www.tacticasoft.com\/#website","url":"https:\/\/www.tacticasoft.com\/","name":"TACTICASOFT","description":"Software de CRM y ERP","publisher":{"@id":"https:\/\/www.tacticasoft.com\/#organization"},"potentialAction":[{"@type":"SearchAction","target":{"@type":"EntryPoint","urlTemplate":"https:\/\/www.tacticasoft.com\/?s={search_term_string}"},"query-input":{"@type":"PropertyValueSpecification","valueRequired":true,"valueName":"search_term_string"}}],"inLanguage":"en-US"},{"@type":"Organization","@id":"https:\/\/www.tacticasoft.com\/#organization","name":"TACTICASOFT","url":"https:\/\/www.tacticasoft.com\/","logo":{"@type":"ImageObject","inLanguage":"en-US","@id":"https:\/\/www.tacticasoft.com\/#\/schema\/logo\/image\/","url":"https:\/\/www.tacticasoft.com\/wp-content\/uploads\/2023\/01\/cropped-logo.png","contentUrl":"https:\/\/www.tacticasoft.com\/wp-content\/uploads\/2023\/01\/cropped-logo.png","width":141,"height":135,"caption":"TACTICASOFT"},"image":{"@id":"https:\/\/www.tacticasoft.com\/#\/schema\/logo\/image\/"}}]}},"_links":{"self":[{"href":"https:\/\/www.tacticasoft.com\/en\/wp-json\/wp\/v2\/pages\/371670","targetHints":{"allow":["GET"]}}],"collection":[{"href":"https:\/\/www.tacticasoft.com\/en\/wp-json\/wp\/v2\/pages"}],"about":[{"href":"https:\/\/www.tacticasoft.com\/en\/wp-json\/wp\/v2\/types\/page"}],"author":[{"embeddable":true,"href":"https:\/\/www.tacticasoft.com\/en\/wp-json\/wp\/v2\/users\/4"}],"replies":[{"embeddable":true,"href":"https:\/\/www.tacticasoft.com\/en\/wp-json\/wp\/v2\/comments?post=371670"}],"version-history":[{"count":10,"href":"https:\/\/www.tacticasoft.com\/en\/wp-json\/wp\/v2\/pages\/371670\/revisions"}],"predecessor-version":[{"id":372860,"href":"https:\/\/www.tacticasoft.com\/en\/wp-json\/wp\/v2\/pages\/371670\/revisions\/372860"}],"wp:attachment":[{"href":"https:\/\/www.tacticasoft.com\/en\/wp-json\/wp\/v2\/media?parent=371670"}],"curies":[{"name":"wp","href":"https:\/\/api.w.org\/{rel}","templated":true}]}}