{"id":371658,"date":"2023-12-15T01:57:26","date_gmt":"2023-12-15T04:57:26","guid":{"rendered":"https:\/\/www.tacticasoft.com\/?page_id=371658"},"modified":"2025-10-30T12:37:11","modified_gmt":"2025-10-30T15:37:11","slug":"complementos-y-especiales-v7","status":"publish","type":"page","link":"https:\/\/www.tacticasoft.com\/en\/complementos-y-especiales-v7\/","title":{"rendered":"Complementos y especiales v7.x.x"},"content":{"rendered":"<div data-elementor-type=\"wp-page\" data-elementor-id=\"371658\" class=\"elementor elementor-371658\" data-elementor-post-type=\"page\">\n\t\t\t\t\t\t<section class=\"elementor-section elementor-top-section elementor-element elementor-element-5b314d27 elementor-section-stretched elementor-section-boxed elementor-section-height-default elementor-section-height-default\" data-id=\"5b314d27\" data-element_type=\"section\" data-settings=\"{&quot;stretch_section&quot;:&quot;section-stretched&quot;}\">\n\t\t\t\t\t\t<div class=\"elementor-container elementor-column-gap-default\">\n\t\t\t\t\t<div class=\"elementor-column elementor-col-100 elementor-top-column elementor-element elementor-element-5da7e8f9\" data-id=\"5da7e8f9\" data-element_type=\"column\">\n\t\t\t<div class=\"elementor-widget-wrap elementor-element-populated\">\n\t\t\t\t\t\t<div class=\"elementor-element elementor-element-47703313 elementor-widget elementor-widget-heading\" data-id=\"47703313\" data-element_type=\"widget\" data-widget_type=\"heading.default\">\n\t\t\t\t<div class=\"elementor-widget-container\">\n\t\t\t\t\t<h3 class=\"elementor-heading-title elementor-size-default\">Complementos y especiales v7.x.x<\/h3>\t\t\t\t<\/div>\n\t\t\t\t<\/div>\n\t\t\t\t<div class=\"elementor-element elementor-element-11249985 elementor-widget-divider--view-line elementor-widget elementor-widget-divider\" data-id=\"11249985\" data-element_type=\"widget\" data-widget_type=\"divider.default\">\n\t\t\t\t<div class=\"elementor-widget-container\">\n\t\t\t\t\t\t\t<div class=\"elementor-divider\">\n\t\t\t<span class=\"elementor-divider-separator\">\n\t\t\t\t\t\t<\/span>\n\t\t<\/div>\n\t\t\t\t\t\t<\/div>\n\t\t\t\t<\/div>\n\t\t\t\t\t<\/div>\n\t\t<\/div>\n\t\t\t\t\t<\/div>\n\t\t<\/section>\n\t\t\t\t<section class=\"elementor-section elementor-top-section elementor-element elementor-element-7ba955b2 elementor-section-stretched plantilla_contenido elementor-section-boxed elementor-section-height-default elementor-section-height-default\" data-id=\"7ba955b2\" data-element_type=\"section\" data-settings=\"{&quot;stretch_section&quot;:&quot;section-stretched&quot;,&quot;background_background&quot;:&quot;classic&quot;}\">\n\t\t\t\t\t\t\t<div class=\"elementor-background-overlay\"><\/div>\n\t\t\t\t\t\t\t<div class=\"elementor-container elementor-column-gap-wider\">\n\t\t\t\t\t<div class=\"elementor-column elementor-col-100 elementor-top-column elementor-element elementor-element-5fb543ef\" data-id=\"5fb543ef\" data-element_type=\"column\">\n\t\t\t<div class=\"elementor-widget-wrap elementor-element-populated\">\n\t\t\t\t\t\t<div class=\"elementor-element elementor-element-1a06aba2 elementor-widget elementor-widget-text-editor\" data-id=\"1a06aba2\" data-element_type=\"widget\" data-widget_type=\"text-editor.default\">\n\t\t\t\t<div class=\"elementor-widget-container\">\n\t\t\t\t\t\t\t\t\t<div id=\"the_content\"><p>La empresa no se encuentra obligada al desarrollo de Complementos, Funciones especiales, Tablas din\u00e1micas especiales, Reportes especiales, Desarrollos especiales, Consultas SQL especiales.<\/p><p>Tablas din\u00e1micas especiales, Reportes especiales, Desarrollos especiales y consultas SQL especiales requieren previo an\u00e1lisis y aprobaci\u00f3n por parte de los departamentos de consultor\u00eda y desarrollo para su realizaci\u00f3n.<\/p><p>A continuaci\u00f3n se detallan las definiciones de los mismos.<\/p><ul><li><strong>Complementos:<\/strong> Son programas externos que agregan funcionalidad extra al sistema, como el intercambio de informaci\u00f3n o la distribuci\u00f3n autom\u00e1tica de reportes. Se deshabilitan autom\u00e1ticamente ante la discontinuaci\u00f3n o no renovaci\u00f3n del servicio de abono de soporte remoto por parte del cliente.<\/li><li><strong>Funciones especiales: Son herramientas dentro del sistema no incluidas en la licencia est\u00e1ndar. Dichas funciones aparecen deshabilitadas dentro del sistema y se habilitan \u00fanicamente cuando el cliente tiene contratado el servicio. Se deshabilitan autom\u00e1ticamente ante la discontinuaci\u00f3n o no renovaci\u00f3n del servicio de abono de soporte remoto por parte del cliente<\/strong>.<\/li><li><strong>Tablas din\u00e1micas especiales:<\/strong> Dise\u00f1o previo an\u00e1lisis de factibilidad y aprobaci\u00f3n de los departamentos de consultor\u00eda y desarrollo, fuera de las tablas din\u00e1micas est\u00e1ndar entregadas con el sistema. Los tiempos de entrega son variables dependiendo de varios factores, como la complejidad de las tablas din\u00e1micas o la carga de trabajo del \u00e1rea. Dejar\u00e1n de funcionar autom\u00e1ticamente ante la discontinuaci\u00f3n o no renovaci\u00f3n del servicio de abono de soporte remoto por parte del cliente.<\/li><li><strong>Reportes especiales:<\/strong> \u00a0Dise\u00f1o previo an\u00e1lisis de factibilidad y aprobaci\u00f3n por parte de los departamentos de consultor\u00eda y desarrollo, fuera de los reportes est\u00e1ndar entregados con el sistema. Los tiempos de entrega son variables dependiendo de varios factores, como la complejidad del reporte o la carga de trabajo del \u00e1rea. Se deshabilitan autom\u00e1ticamente ante la discontinuaci\u00f3n o no renovaci\u00f3n del servicio de abono de soporte remoto por parte del cliente.<\/li><li><strong>Desarrollos especiales:<\/strong> Dise\u00f1o previo an\u00e1lisis de factibilidad y aprobaci\u00f3n por parte de los departamentos de consultor\u00eda y desarrollo. Los tiempos de entrega son variables dependiendo de varios factores como la complejidad del desarrollo o la carga de trabajo del \u00e1rea. Se deshabilitan autom\u00e1ticamente ante la discontinuaci\u00f3n o no renovaci\u00f3n del servicio de abono de soporte remoto por parte del cliente.<\/li><li><strong>Consultas SQL especiales:<\/strong> Dise\u00f1o previo an\u00e1lisis de factibilidad y aprobaci\u00f3n de los departamentos de consultor\u00eda y desarrollo, fuera de las consultas est\u00e1ndar entregadas con el sistema. Los tiempos de entrega son variables dependiendo de varios factores, como la complejidad de las consultas SQL o la carga de trabajo del \u00e1rea. Se deshabilitan autom\u00e1ticamente ante la discontinuaci\u00f3n o no renovaci\u00f3n del servicio de abono de soporte remoto por parte del cliente.<\/li><li><strong>Licencia adicional:<\/strong> Es la posibilidad de utilizar una licencia concurrente adicional de <b>TACTICA v7.x.x<\/b> junto a las licencias adquiridas. La misma se deshabilitar\u00e1 autom\u00e1ticamente ante la discontinuaci\u00f3n o no renovaci\u00f3n del servicio de abono de soporte remoto por parte del cliente.<\/li><\/ul><p><strong>Con TACTICA v7.x.x los complementos son:<\/strong><\/p><p><strong>STRATEGIKON:<br \/><\/strong>Permite el env\u00edo de correos, reportes, alertas, generaci\u00f3n de archivos PDF o TXT en ubicaciones espec\u00edficas y programar importaciones \/ exportaciones autom\u00e1ticas de datos.<\/p><p><strong>SYLLOGE<\/strong>:<br \/>Permite controlar a trav\u00e9s de mediciones, tablas din\u00e1micas, y la visualizaci\u00f3n de reportes, incluye temporizador para la rotaci\u00f3n autom\u00e1tica de los informes.<\/p><p><b>MERCADOLIBRE SYNC:<br \/><\/b>Descarga pedidos y cobranzas de MercadoLibre a TACTICA, y permite subir las facturas de los mismos. Sincroniza Stock.<\/p><p><b>WHATSAPP SYNC:<br \/><\/b>Permite importar mensajes al historial de WhatsApp a TACTICA como as\u00ed tambi\u00e9n poder enviar presupuestos, facturas y otros documentos por la misma plataforma de mensajer\u00eda. Tiene la posibilidad de generar acciones sobre las charlas.<\/p><p><b>G-CRM SYNC:<\/b><br \/>Permite sincronizar\u00a0contactos, las actividades pendientes del calendario de TACTICA con los contactos, y actividades del calendario\u00a0de la cuenta de Google.<\/p><p><strong>Las Funciones Especiales de la Versi\u00f3n 7.x.x son:<\/strong><\/p><ul><li>Uso de Selecciones Frecuentes fuera de los m\u00f3dulos principales.<\/li><li>Buscar Correos del Dominio.<\/li><li>Buscar Correo en la Web.<\/li><li>Testear Correos.<\/li><li>Buscar Sitio Web.<\/li><li>Buscar Metatags.<\/li><li>Exportar Entidades.<\/li><li>Importar Entidades.<\/li><li>Carga de Datos en el M\u00f3dulo de Facturaci\u00f3n.<\/li><li>Carga de Datos en el M\u00f3dulo de Compras.<\/li><li>Complemento LinkedIn y b\u00fasqueda web (Social Extractor).<\/li><li>Libro IVA Digital.<\/li><li>Uso del protocolo de autorizaci\u00f3n \u201cOAuth\u201d (Usado en Cuentas de Correo de Office 365, Google, Cuentas de MercadoLibre, etc).<\/li><li>Agenda de actividades del calendario de Google mediante archivos ics.<\/li><\/ul><p>\u2014\u2014\u2014\u2014\u2014\u2014\u2014-<\/p><p><strong>La aceptaci\u00f3n de la oferta comercial \/ presupuesto y de la correspondiente factura con su respectivo pago parcial significa la aceptaci\u00f3n por parte del cliente de los t\u00e9rminos de la oferta.<\/strong><\/p><p><strong>No hay garant\u00edas de que las funciones de TACTICA v7.x.x y\/o de que los complementos que trabajen con software de terceras partes, contin\u00faen funcionando ante nuevas versiones o modificaciones de las existentes por parte de los mismos.<\/strong><\/p><\/div>\t\t\t\t\t\t\t\t<\/div>\n\t\t\t\t<\/div>\n\t\t\t\t\t<\/div>\n\t\t<\/div>\n\t\t\t\t\t<\/div>\n\t\t<\/section>\n\t\t\t\t<\/div>","protected":false},"excerpt":{"rendered":"<p>Complementos y especiales v7.x.x La empresa no se encuentra obligada al desarrollo de Complementos, Funciones especiales, Tablas din\u00e1micas especiales, Reportes especiales, Desarrollos especiales, Consultas SQL especiales.<span class=\"excerpt-hellip\"> [\u2026]<\/span><\/p>\n","protected":false},"author":4,"featured_media":0,"parent":0,"menu_order":0,"comment_status":"closed","ping_status":"closed","template":"","meta":{"_acf_changed":false,"footnotes":""},"class_list":["post-371658","page","type-page","status-publish","hentry"],"acf":[],"yoast_head":"<!-- This site is optimized with the Yoast SEO plugin v27.2 - https:\/\/yoast.com\/product\/yoast-seo-wordpress\/ -->\n<title>Complementos y especiales v7.x.x - TACTICASOFT<\/title>\n<meta name=\"robots\" content=\"noindex, nofollow\" \/>\n<meta property=\"og:locale\" content=\"en_US\" \/>\n<meta property=\"og:type\" content=\"article\" \/>\n<meta property=\"og:title\" content=\"Complementos y especiales v7.x.x - TACTICASOFT\" \/>\n<meta property=\"og:description\" content=\"Complementos y especiales v7.x.x La empresa no se encuentra obligada al desarrollo de Complementos, Funciones especiales, Tablas din\u00e1micas especiales, Reportes especiales, Desarrollos especiales, Consultas SQL especiales. [\u2026]\" \/>\n<meta property=\"og:url\" content=\"https:\/\/www.tacticasoft.com\/en\/complementos-y-especiales-v7\/\" \/>\n<meta property=\"og:site_name\" content=\"TACTICASOFT\" \/>\n<meta property=\"article:modified_time\" content=\"2025-10-30T15:37:11+00:00\" \/>\n<meta name=\"twitter:card\" content=\"summary_large_image\" \/>\n<meta name=\"twitter:label1\" content=\"Est. reading time\" \/>\n\t<meta name=\"twitter:data1\" content=\"4 minutes\" \/>\n<script type=\"application\/ld+json\" class=\"yoast-schema-graph\">{\"@context\":\"https:\/\/schema.org\",\"@graph\":[{\"@type\":\"WebPage\",\"@id\":\"https:\/\/www.tacticasoft.com\/complementos-y-especiales-v7\/\",\"url\":\"https:\/\/www.tacticasoft.com\/complementos-y-especiales-v7\/\",\"name\":\"Complementos y especiales v7.x.x - TACTICASOFT\",\"isPartOf\":{\"@id\":\"https:\/\/www.tacticasoft.com\/#website\"},\"datePublished\":\"2023-12-15T04:57:26+00:00\",\"dateModified\":\"2025-10-30T15:37:11+00:00\",\"breadcrumb\":{\"@id\":\"https:\/\/www.tacticasoft.com\/complementos-y-especiales-v7\/#breadcrumb\"},\"inLanguage\":\"en-US\",\"potentialAction\":[{\"@type\":\"ReadAction\",\"target\":[\"https:\/\/www.tacticasoft.com\/complementos-y-especiales-v7\/\"]}]},{\"@type\":\"BreadcrumbList\",\"@id\":\"https:\/\/www.tacticasoft.com\/complementos-y-especiales-v7\/#breadcrumb\",\"itemListElement\":[{\"@type\":\"ListItem\",\"position\":1,\"name\":\"Inicio\",\"item\":\"https:\/\/www.tacticasoft.com\/\"},{\"@type\":\"ListItem\",\"position\":2,\"name\":\"Complementos y especiales v7.x.x\"}]},{\"@type\":\"WebSite\",\"@id\":\"https:\/\/www.tacticasoft.com\/#website\",\"url\":\"https:\/\/www.tacticasoft.com\/\",\"name\":\"TACTICASOFT\",\"description\":\"Software de CRM y ERP\",\"publisher\":{\"@id\":\"https:\/\/www.tacticasoft.com\/#organization\"},\"potentialAction\":[{\"@type\":\"SearchAction\",\"target\":{\"@type\":\"EntryPoint\",\"urlTemplate\":\"https:\/\/www.tacticasoft.com\/?s={search_term_string}\"},\"query-input\":{\"@type\":\"PropertyValueSpecification\",\"valueRequired\":true,\"valueName\":\"search_term_string\"}}],\"inLanguage\":\"en-US\"},{\"@type\":\"Organization\",\"@id\":\"https:\/\/www.tacticasoft.com\/#organization\",\"name\":\"TACTICASOFT\",\"url\":\"https:\/\/www.tacticasoft.com\/\",\"logo\":{\"@type\":\"ImageObject\",\"inLanguage\":\"en-US\",\"@id\":\"https:\/\/www.tacticasoft.com\/#\/schema\/logo\/image\/\",\"url\":\"https:\/\/www.tacticasoft.com\/wp-content\/uploads\/2023\/01\/cropped-logo.png\",\"contentUrl\":\"https:\/\/www.tacticasoft.com\/wp-content\/uploads\/2023\/01\/cropped-logo.png\",\"width\":141,\"height\":135,\"caption\":\"TACTICASOFT\"},\"image\":{\"@id\":\"https:\/\/www.tacticasoft.com\/#\/schema\/logo\/image\/\"}}]}<\/script>\n<!-- \/ Yoast SEO plugin. -->","yoast_head_json":{"title":"Complementos y especiales v7.x.x - TACTICASOFT","robots":{"index":"noindex","follow":"nofollow"},"og_locale":"en_US","og_type":"article","og_title":"Complementos y especiales v7.x.x - TACTICASOFT","og_description":"Complementos y especiales v7.x.x La empresa no se encuentra obligada al desarrollo de Complementos, Funciones especiales, Tablas din\u00e1micas especiales, Reportes especiales, Desarrollos especiales, Consultas SQL especiales. [\u2026]","og_url":"https:\/\/www.tacticasoft.com\/en\/complementos-y-especiales-v7\/","og_site_name":"TACTICASOFT","article_modified_time":"2025-10-30T15:37:11+00:00","twitter_card":"summary_large_image","twitter_misc":{"Est. reading time":"4 minutes"},"schema":{"@context":"https:\/\/schema.org","@graph":[{"@type":"WebPage","@id":"https:\/\/www.tacticasoft.com\/complementos-y-especiales-v7\/","url":"https:\/\/www.tacticasoft.com\/complementos-y-especiales-v7\/","name":"Complementos y especiales v7.x.x - TACTICASOFT","isPartOf":{"@id":"https:\/\/www.tacticasoft.com\/#website"},"datePublished":"2023-12-15T04:57:26+00:00","dateModified":"2025-10-30T15:37:11+00:00","breadcrumb":{"@id":"https:\/\/www.tacticasoft.com\/complementos-y-especiales-v7\/#breadcrumb"},"inLanguage":"en-US","potentialAction":[{"@type":"ReadAction","target":["https:\/\/www.tacticasoft.com\/complementos-y-especiales-v7\/"]}]},{"@type":"BreadcrumbList","@id":"https:\/\/www.tacticasoft.com\/complementos-y-especiales-v7\/#breadcrumb","itemListElement":[{"@type":"ListItem","position":1,"name":"Inicio","item":"https:\/\/www.tacticasoft.com\/"},{"@type":"ListItem","position":2,"name":"Complementos y especiales v7.x.x"}]},{"@type":"WebSite","@id":"https:\/\/www.tacticasoft.com\/#website","url":"https:\/\/www.tacticasoft.com\/","name":"TACTICASOFT","description":"Software de CRM y ERP","publisher":{"@id":"https:\/\/www.tacticasoft.com\/#organization"},"potentialAction":[{"@type":"SearchAction","target":{"@type":"EntryPoint","urlTemplate":"https:\/\/www.tacticasoft.com\/?s={search_term_string}"},"query-input":{"@type":"PropertyValueSpecification","valueRequired":true,"valueName":"search_term_string"}}],"inLanguage":"en-US"},{"@type":"Organization","@id":"https:\/\/www.tacticasoft.com\/#organization","name":"TACTICASOFT","url":"https:\/\/www.tacticasoft.com\/","logo":{"@type":"ImageObject","inLanguage":"en-US","@id":"https:\/\/www.tacticasoft.com\/#\/schema\/logo\/image\/","url":"https:\/\/www.tacticasoft.com\/wp-content\/uploads\/2023\/01\/cropped-logo.png","contentUrl":"https:\/\/www.tacticasoft.com\/wp-content\/uploads\/2023\/01\/cropped-logo.png","width":141,"height":135,"caption":"TACTICASOFT"},"image":{"@id":"https:\/\/www.tacticasoft.com\/#\/schema\/logo\/image\/"}}]}},"_links":{"self":[{"href":"https:\/\/www.tacticasoft.com\/en\/wp-json\/wp\/v2\/pages\/371658","targetHints":{"allow":["GET"]}}],"collection":[{"href":"https:\/\/www.tacticasoft.com\/en\/wp-json\/wp\/v2\/pages"}],"about":[{"href":"https:\/\/www.tacticasoft.com\/en\/wp-json\/wp\/v2\/types\/page"}],"author":[{"embeddable":true,"href":"https:\/\/www.tacticasoft.com\/en\/wp-json\/wp\/v2\/users\/4"}],"replies":[{"embeddable":true,"href":"https:\/\/www.tacticasoft.com\/en\/wp-json\/wp\/v2\/comments?post=371658"}],"version-history":[{"count":10,"href":"https:\/\/www.tacticasoft.com\/en\/wp-json\/wp\/v2\/pages\/371658\/revisions"}],"predecessor-version":[{"id":374651,"href":"https:\/\/www.tacticasoft.com\/en\/wp-json\/wp\/v2\/pages\/371658\/revisions\/374651"}],"wp:attachment":[{"href":"https:\/\/www.tacticasoft.com\/en\/wp-json\/wp\/v2\/media?parent=371658"}],"curies":[{"name":"wp","href":"https:\/\/api.w.org\/{rel}","templated":true}]}}