{"id":371638,"date":"2023-12-15T01:47:27","date_gmt":"2023-12-15T04:47:27","guid":{"rendered":"https:\/\/www.tacticasoft.com\/?page_id=371638"},"modified":"2023-12-15T01:50:26","modified_gmt":"2023-12-15T04:50:26","slug":"requerimientos-tecnicos-para-la-utilizacion-de-tsplus-para-tacticasoft","status":"publish","type":"page","link":"https:\/\/www.tacticasoft.com\/en\/servicios-y-soporte\/requerimientos-tecnicos-para-la-utilizacion-de-tsplus-para-tacticasoft\/","title":{"rendered":"Requerimientos t\u00e9cnicos para la utilizaci\u00f3n de  TSPLUS para TACTICASOFT"},"content":{"rendered":"<div data-elementor-type=\"wp-page\" data-elementor-id=\"371638\" class=\"elementor elementor-371638\" data-elementor-post-type=\"page\">\n\t\t\t\t\t\t<section class=\"elementor-section elementor-top-section elementor-element elementor-element-72787126 elementor-section-stretched elementor-section-boxed elementor-section-height-default elementor-section-height-default\" data-id=\"72787126\" data-element_type=\"section\" data-settings=\"{&quot;stretch_section&quot;:&quot;section-stretched&quot;}\">\n\t\t\t\t\t\t<div class=\"elementor-container elementor-column-gap-default\">\n\t\t\t\t\t<div class=\"elementor-column elementor-col-100 elementor-top-column elementor-element elementor-element-4dc823a9\" data-id=\"4dc823a9\" data-element_type=\"column\">\n\t\t\t<div class=\"elementor-widget-wrap elementor-element-populated\">\n\t\t\t\t\t\t<div class=\"elementor-element elementor-element-4005c9b4 elementor-widget elementor-widget-heading\" data-id=\"4005c9b4\" data-element_type=\"widget\" data-widget_type=\"heading.default\">\n\t\t\t\t<div class=\"elementor-widget-container\">\n\t\t\t\t\t<h3 class=\"elementor-heading-title elementor-size-default\">Requerimientos t\u00e9cnicos para la utilizaci\u00f3n<br>de TSPLUS para TACTICASOFT<\/h3>\t\t\t\t<\/div>\n\t\t\t\t<\/div>\n\t\t\t\t<div class=\"elementor-element elementor-element-3d26d32a elementor-widget-divider--view-line elementor-widget elementor-widget-divider\" data-id=\"3d26d32a\" data-element_type=\"widget\" data-widget_type=\"divider.default\">\n\t\t\t\t<div class=\"elementor-widget-container\">\n\t\t\t\t\t\t\t<div class=\"elementor-divider\">\n\t\t\t<span class=\"elementor-divider-separator\">\n\t\t\t\t\t\t<\/span>\n\t\t<\/div>\n\t\t\t\t\t\t<\/div>\n\t\t\t\t<\/div>\n\t\t\t\t\t<\/div>\n\t\t<\/div>\n\t\t\t\t\t<\/div>\n\t\t<\/section>\n\t\t\t\t<section class=\"elementor-section elementor-top-section elementor-element elementor-element-45badd44 elementor-section-stretched plantilla_contenido elementor-section-boxed elementor-section-height-default elementor-section-height-default\" data-id=\"45badd44\" data-element_type=\"section\" data-settings=\"{&quot;stretch_section&quot;:&quot;section-stretched&quot;,&quot;background_background&quot;:&quot;classic&quot;}\">\n\t\t\t\t\t\t\t<div class=\"elementor-background-overlay\"><\/div>\n\t\t\t\t\t\t\t<div class=\"elementor-container elementor-column-gap-wider\">\n\t\t\t\t\t<div class=\"elementor-column elementor-col-100 elementor-top-column elementor-element elementor-element-257aad58\" data-id=\"257aad58\" data-element_type=\"column\">\n\t\t\t<div class=\"elementor-widget-wrap elementor-element-populated\">\n\t\t\t\t\t\t<div class=\"elementor-element elementor-element-73d71baa elementor-widget elementor-widget-text-editor\" data-id=\"73d71baa\" data-element_type=\"widget\" data-widget_type=\"text-editor.default\">\n\t\t\t\t<div class=\"elementor-widget-container\">\n\t\t\t\t\t\t\t\t\t<p><img fetchpriority=\"high\" decoding=\"async\" class=\"alignnone size-full wp-image-371642\" src=\"https:\/\/www.tacticasoft.com\/wp-content\/uploads\/2023\/12\/requerimientos_2.gif\" alt=\"\" width=\"600\" height=\"180\" \/><\/p><p><strong>SERVIDOR:<\/strong><br \/>Windows XP, 7, 8, 8.1 o 10.<br \/>Windows Server 2003\/2008\/2012\/2016.<br \/>4 GB RAM min\u00edmos.<br \/>200 MB en disco.<\/p><p><strong>DISPOSITIVOS A CONECTAR:<\/strong><br \/>Laptops, PCs o notebooks con Windows XP, 7, 8 o 10 .<br \/>Dispositivos Thin-client con cliente RDP o Navegador.<br \/>Mac OS X con cliente RDP o Navegador.<br \/>Linux con cliente RDP o Navegador.<\/p><p><img decoding=\"async\" class=\"alignnone wp-image-371641 size-full\" src=\"https:\/\/www.tacticasoft.com\/wp-content\/uploads\/2023\/12\/requerimientos_tecnicos_tsplus_tactica.jpg\" alt=\"\" width=\"593\" height=\"395\" srcset=\"https:\/\/www.tacticasoft.com\/wp-content\/uploads\/2023\/12\/requerimientos_tecnicos_tsplus_tactica.jpg 593w, https:\/\/www.tacticasoft.com\/wp-content\/uploads\/2023\/12\/requerimientos_tecnicos_tsplus_tactica-300x200.jpg 300w, https:\/\/www.tacticasoft.com\/wp-content\/uploads\/2023\/12\/requerimientos_tecnicos_tsplus_tactica-18x12.jpg 18w, https:\/\/www.tacticasoft.com\/wp-content\/uploads\/2023\/12\/requerimientos_tecnicos_tsplus_tactica-219x146.jpg 219w, https:\/\/www.tacticasoft.com\/wp-content\/uploads\/2023\/12\/requerimientos_tecnicos_tsplus_tactica-50x33.jpg 50w, https:\/\/www.tacticasoft.com\/wp-content\/uploads\/2023\/12\/requerimientos_tecnicos_tsplus_tactica-113x75.jpg 113w\" sizes=\"(max-width: 593px) 100vw, 593px\" \/><\/p><p><strong>ACLARACIONES:<\/strong><\/p><ul><li><strong>TACTICASOFT<\/strong> s\u00f3lo comercializa y da soporte a <strong>TSPLUS<\/strong> para <strong>TACTICASOFT<\/strong>, si usted lo requiere puede ver en nuestra p\u00e1gina web los casos de \u00e9xito.<\/li><li>El soporte de <strong>TSPLUS<\/strong> y el soporte\/servicio de DNS Alias son para clientes que tengan contratado y activo el Servicio de Abono de Capacitaci\u00f3n y Soporte Remoto.<\/li><li>Solamente se podr\u00e1 realizar un \u00fanico cambio de servidor que requiera volver a generar la licencia.<\/li><\/ul><p>\u00a0<\/p>\t\t\t\t\t\t\t\t<\/div>\n\t\t\t\t<\/div>\n\t\t\t\t\t<\/div>\n\t\t<\/div>\n\t\t\t\t\t<\/div>\n\t\t<\/section>\n\t\t\t\t<\/div>","protected":false},"excerpt":{"rendered":"<p>Requerimientos t\u00e9cnicos para la utilizaci\u00f3nde TSPLUS para TACTICASOFT SERVIDOR:Windows XP, 7, 8, 8.1 o 10.Windows Server 2003\/2008\/2012\/2016.4 GB RAM min\u00edmos.200 MB en disco. DISPOSITIVOS A CONECTAR:Laptops,<span class=\"excerpt-hellip\"> [\u2026]<\/span><\/p>\n","protected":false},"author":4,"featured_media":0,"parent":4215,"menu_order":0,"comment_status":"closed","ping_status":"closed","template":"","meta":{"_acf_changed":false,"footnotes":""},"class_list":["post-371638","page","type-page","status-publish","hentry"],"acf":[],"yoast_head":"<!-- This site is optimized with the Yoast SEO plugin v27.3 - https:\/\/yoast.com\/product\/yoast-seo-wordpress\/ -->\n<title>Requerimientos t\u00e9cnicos para la utilizaci\u00f3n de TSPLUS para TACTICASOFT - TACTICASOFT<\/title>\n<meta name=\"robots\" content=\"index, follow, max-snippet:-1, max-image-preview:large, max-video-preview:-1\" \/>\n<link rel=\"canonical\" href=\"https:\/\/www.tacticasoft.com\/en\/servicios-y-soporte\/requerimientos-tecnicos-para-la-utilizacion-de-tsplus-para-tacticasoft\/\" \/>\n<meta property=\"og:locale\" content=\"en_US\" \/>\n<meta property=\"og:type\" content=\"article\" \/>\n<meta property=\"og:title\" content=\"Requerimientos t\u00e9cnicos para la utilizaci\u00f3n de TSPLUS para TACTICASOFT - TACTICASOFT\" \/>\n<meta property=\"og:description\" content=\"Requerimientos t\u00e9cnicos para la utilizaci\u00f3nde TSPLUS para TACTICASOFT SERVIDOR:Windows XP, 7, 8, 8.1 o 10.Windows Server 2003\/2008\/2012\/2016.4 GB RAM min\u00edmos.200 MB en disco. DISPOSITIVOS A CONECTAR:Laptops, [\u2026]\" \/>\n<meta property=\"og:url\" content=\"https:\/\/www.tacticasoft.com\/en\/servicios-y-soporte\/requerimientos-tecnicos-para-la-utilizacion-de-tsplus-para-tacticasoft\/\" \/>\n<meta property=\"og:site_name\" content=\"TACTICASOFT\" \/>\n<meta property=\"article:modified_time\" content=\"2023-12-15T04:50:26+00:00\" \/>\n<meta property=\"og:image\" content=\"https:\/\/www.tacticasoft.com\/wp-content\/uploads\/2023\/12\/requerimientos_2.gif\" \/>\n<meta name=\"twitter:card\" content=\"summary_large_image\" \/>\n<meta name=\"twitter:label1\" content=\"Est. reading time\" \/>\n\t<meta name=\"twitter:data1\" content=\"2 minutes\" \/>\n<script type=\"application\/ld+json\" class=\"yoast-schema-graph\">{\"@context\":\"https:\\\/\\\/schema.org\",\"@graph\":[{\"@type\":\"WebPage\",\"@id\":\"https:\\\/\\\/www.tacticasoft.com\\\/servicios-y-soporte\\\/requerimientos-tecnicos-para-la-utilizacion-de-tsplus-para-tacticasoft\\\/\",\"url\":\"https:\\\/\\\/www.tacticasoft.com\\\/servicios-y-soporte\\\/requerimientos-tecnicos-para-la-utilizacion-de-tsplus-para-tacticasoft\\\/\",\"name\":\"Requerimientos t\u00e9cnicos para la utilizaci\u00f3n de TSPLUS para TACTICASOFT - TACTICASOFT\",\"isPartOf\":{\"@id\":\"https:\\\/\\\/www.tacticasoft.com\\\/#website\"},\"primaryImageOfPage\":{\"@id\":\"https:\\\/\\\/www.tacticasoft.com\\\/servicios-y-soporte\\\/requerimientos-tecnicos-para-la-utilizacion-de-tsplus-para-tacticasoft\\\/#primaryimage\"},\"image\":{\"@id\":\"https:\\\/\\\/www.tacticasoft.com\\\/servicios-y-soporte\\\/requerimientos-tecnicos-para-la-utilizacion-de-tsplus-para-tacticasoft\\\/#primaryimage\"},\"thumbnailUrl\":\"https:\\\/\\\/www.tacticasoft.com\\\/wp-content\\\/uploads\\\/2023\\\/12\\\/requerimientos_2.gif\",\"datePublished\":\"2023-12-15T04:47:27+00:00\",\"dateModified\":\"2023-12-15T04:50:26+00:00\",\"breadcrumb\":{\"@id\":\"https:\\\/\\\/www.tacticasoft.com\\\/servicios-y-soporte\\\/requerimientos-tecnicos-para-la-utilizacion-de-tsplus-para-tacticasoft\\\/#breadcrumb\"},\"inLanguage\":\"en-US\",\"potentialAction\":[{\"@type\":\"ReadAction\",\"target\":[\"https:\\\/\\\/www.tacticasoft.com\\\/servicios-y-soporte\\\/requerimientos-tecnicos-para-la-utilizacion-de-tsplus-para-tacticasoft\\\/\"]}]},{\"@type\":\"ImageObject\",\"inLanguage\":\"en-US\",\"@id\":\"https:\\\/\\\/www.tacticasoft.com\\\/servicios-y-soporte\\\/requerimientos-tecnicos-para-la-utilizacion-de-tsplus-para-tacticasoft\\\/#primaryimage\",\"url\":\"https:\\\/\\\/www.tacticasoft.com\\\/wp-content\\\/uploads\\\/2023\\\/12\\\/requerimientos_2.gif\",\"contentUrl\":\"https:\\\/\\\/www.tacticasoft.com\\\/wp-content\\\/uploads\\\/2023\\\/12\\\/requerimientos_2.gif\"},{\"@type\":\"BreadcrumbList\",\"@id\":\"https:\\\/\\\/www.tacticasoft.com\\\/servicios-y-soporte\\\/requerimientos-tecnicos-para-la-utilizacion-de-tsplus-para-tacticasoft\\\/#breadcrumb\",\"itemListElement\":[{\"@type\":\"ListItem\",\"position\":1,\"name\":\"Inicio\",\"item\":\"https:\\\/\\\/www.tacticasoft.com\\\/\"},{\"@type\":\"ListItem\",\"position\":2,\"name\":\"Servicios y Soporte\",\"item\":\"https:\\\/\\\/www.tacticasoft.com\\\/servicios-y-soporte\\\/\"},{\"@type\":\"ListItem\",\"position\":3,\"name\":\"Requerimientos t\u00e9cnicos para la utilizaci\u00f3n de TSPLUS para TACTICASOFT\"}]},{\"@type\":\"WebSite\",\"@id\":\"https:\\\/\\\/www.tacticasoft.com\\\/#website\",\"url\":\"https:\\\/\\\/www.tacticasoft.com\\\/\",\"name\":\"TACTICASOFT\",\"description\":\"Software de CRM y ERP\",\"publisher\":{\"@id\":\"https:\\\/\\\/www.tacticasoft.com\\\/#organization\"},\"potentialAction\":[{\"@type\":\"SearchAction\",\"target\":{\"@type\":\"EntryPoint\",\"urlTemplate\":\"https:\\\/\\\/www.tacticasoft.com\\\/?s={search_term_string}\"},\"query-input\":{\"@type\":\"PropertyValueSpecification\",\"valueRequired\":true,\"valueName\":\"search_term_string\"}}],\"inLanguage\":\"en-US\"},{\"@type\":\"Organization\",\"@id\":\"https:\\\/\\\/www.tacticasoft.com\\\/#organization\",\"name\":\"TACTICASOFT\",\"url\":\"https:\\\/\\\/www.tacticasoft.com\\\/\",\"logo\":{\"@type\":\"ImageObject\",\"inLanguage\":\"en-US\",\"@id\":\"https:\\\/\\\/www.tacticasoft.com\\\/#\\\/schema\\\/logo\\\/image\\\/\",\"url\":\"https:\\\/\\\/www.tacticasoft.com\\\/wp-content\\\/uploads\\\/2023\\\/01\\\/cropped-logo.png\",\"contentUrl\":\"https:\\\/\\\/www.tacticasoft.com\\\/wp-content\\\/uploads\\\/2023\\\/01\\\/cropped-logo.png\",\"width\":141,\"height\":135,\"caption\":\"TACTICASOFT\"},\"image\":{\"@id\":\"https:\\\/\\\/www.tacticasoft.com\\\/#\\\/schema\\\/logo\\\/image\\\/\"}}]}<\/script>\n<!-- \/ Yoast SEO plugin. -->","yoast_head_json":{"title":"Requerimientos t\u00e9cnicos para la utilizaci\u00f3n de TSPLUS para TACTICASOFT - TACTICASOFT","robots":{"index":"index","follow":"follow","max-snippet":"max-snippet:-1","max-image-preview":"max-image-preview:large","max-video-preview":"max-video-preview:-1"},"canonical":"https:\/\/www.tacticasoft.com\/en\/servicios-y-soporte\/requerimientos-tecnicos-para-la-utilizacion-de-tsplus-para-tacticasoft\/","og_locale":"en_US","og_type":"article","og_title":"Requerimientos t\u00e9cnicos para la utilizaci\u00f3n de TSPLUS para TACTICASOFT - TACTICASOFT","og_description":"Requerimientos t\u00e9cnicos para la utilizaci\u00f3nde TSPLUS para TACTICASOFT SERVIDOR:Windows XP, 7, 8, 8.1 o 10.Windows Server 2003\/2008\/2012\/2016.4 GB RAM min\u00edmos.200 MB en disco. DISPOSITIVOS A CONECTAR:Laptops, [\u2026]","og_url":"https:\/\/www.tacticasoft.com\/en\/servicios-y-soporte\/requerimientos-tecnicos-para-la-utilizacion-de-tsplus-para-tacticasoft\/","og_site_name":"TACTICASOFT","article_modified_time":"2023-12-15T04:50:26+00:00","og_image":[{"url":"https:\/\/www.tacticasoft.com\/wp-content\/uploads\/2023\/12\/requerimientos_2.gif","type":"","width":"","height":""}],"twitter_card":"summary_large_image","twitter_misc":{"Est. reading time":"2 minutes"},"schema":{"@context":"https:\/\/schema.org","@graph":[{"@type":"WebPage","@id":"https:\/\/www.tacticasoft.com\/servicios-y-soporte\/requerimientos-tecnicos-para-la-utilizacion-de-tsplus-para-tacticasoft\/","url":"https:\/\/www.tacticasoft.com\/servicios-y-soporte\/requerimientos-tecnicos-para-la-utilizacion-de-tsplus-para-tacticasoft\/","name":"Requerimientos t\u00e9cnicos para la utilizaci\u00f3n de TSPLUS para TACTICASOFT - TACTICASOFT","isPartOf":{"@id":"https:\/\/www.tacticasoft.com\/#website"},"primaryImageOfPage":{"@id":"https:\/\/www.tacticasoft.com\/servicios-y-soporte\/requerimientos-tecnicos-para-la-utilizacion-de-tsplus-para-tacticasoft\/#primaryimage"},"image":{"@id":"https:\/\/www.tacticasoft.com\/servicios-y-soporte\/requerimientos-tecnicos-para-la-utilizacion-de-tsplus-para-tacticasoft\/#primaryimage"},"thumbnailUrl":"https:\/\/www.tacticasoft.com\/wp-content\/uploads\/2023\/12\/requerimientos_2.gif","datePublished":"2023-12-15T04:47:27+00:00","dateModified":"2023-12-15T04:50:26+00:00","breadcrumb":{"@id":"https:\/\/www.tacticasoft.com\/servicios-y-soporte\/requerimientos-tecnicos-para-la-utilizacion-de-tsplus-para-tacticasoft\/#breadcrumb"},"inLanguage":"en-US","potentialAction":[{"@type":"ReadAction","target":["https:\/\/www.tacticasoft.com\/servicios-y-soporte\/requerimientos-tecnicos-para-la-utilizacion-de-tsplus-para-tacticasoft\/"]}]},{"@type":"ImageObject","inLanguage":"en-US","@id":"https:\/\/www.tacticasoft.com\/servicios-y-soporte\/requerimientos-tecnicos-para-la-utilizacion-de-tsplus-para-tacticasoft\/#primaryimage","url":"https:\/\/www.tacticasoft.com\/wp-content\/uploads\/2023\/12\/requerimientos_2.gif","contentUrl":"https:\/\/www.tacticasoft.com\/wp-content\/uploads\/2023\/12\/requerimientos_2.gif"},{"@type":"BreadcrumbList","@id":"https:\/\/www.tacticasoft.com\/servicios-y-soporte\/requerimientos-tecnicos-para-la-utilizacion-de-tsplus-para-tacticasoft\/#breadcrumb","itemListElement":[{"@type":"ListItem","position":1,"name":"Inicio","item":"https:\/\/www.tacticasoft.com\/"},{"@type":"ListItem","position":2,"name":"Servicios y Soporte","item":"https:\/\/www.tacticasoft.com\/servicios-y-soporte\/"},{"@type":"ListItem","position":3,"name":"Requerimientos t\u00e9cnicos para la utilizaci\u00f3n de TSPLUS para TACTICASOFT"}]},{"@type":"WebSite","@id":"https:\/\/www.tacticasoft.com\/#website","url":"https:\/\/www.tacticasoft.com\/","name":"TACTICASOFT","description":"Software de CRM y ERP","publisher":{"@id":"https:\/\/www.tacticasoft.com\/#organization"},"potentialAction":[{"@type":"SearchAction","target":{"@type":"EntryPoint","urlTemplate":"https:\/\/www.tacticasoft.com\/?s={search_term_string}"},"query-input":{"@type":"PropertyValueSpecification","valueRequired":true,"valueName":"search_term_string"}}],"inLanguage":"en-US"},{"@type":"Organization","@id":"https:\/\/www.tacticasoft.com\/#organization","name":"TACTICASOFT","url":"https:\/\/www.tacticasoft.com\/","logo":{"@type":"ImageObject","inLanguage":"en-US","@id":"https:\/\/www.tacticasoft.com\/#\/schema\/logo\/image\/","url":"https:\/\/www.tacticasoft.com\/wp-content\/uploads\/2023\/01\/cropped-logo.png","contentUrl":"https:\/\/www.tacticasoft.com\/wp-content\/uploads\/2023\/01\/cropped-logo.png","width":141,"height":135,"caption":"TACTICASOFT"},"image":{"@id":"https:\/\/www.tacticasoft.com\/#\/schema\/logo\/image\/"}}]}},"_links":{"self":[{"href":"https:\/\/www.tacticasoft.com\/en\/wp-json\/wp\/v2\/pages\/371638","targetHints":{"allow":["GET"]}}],"collection":[{"href":"https:\/\/www.tacticasoft.com\/en\/wp-json\/wp\/v2\/pages"}],"about":[{"href":"https:\/\/www.tacticasoft.com\/en\/wp-json\/wp\/v2\/types\/page"}],"author":[{"embeddable":true,"href":"https:\/\/www.tacticasoft.com\/en\/wp-json\/wp\/v2\/users\/4"}],"replies":[{"embeddable":true,"href":"https:\/\/www.tacticasoft.com\/en\/wp-json\/wp\/v2\/comments?post=371638"}],"version-history":[{"count":4,"href":"https:\/\/www.tacticasoft.com\/en\/wp-json\/wp\/v2\/pages\/371638\/revisions"}],"predecessor-version":[{"id":371645,"href":"https:\/\/www.tacticasoft.com\/en\/wp-json\/wp\/v2\/pages\/371638\/revisions\/371645"}],"up":[{"embeddable":true,"href":"https:\/\/www.tacticasoft.com\/en\/wp-json\/wp\/v2\/pages\/4215"}],"wp:attachment":[{"href":"https:\/\/www.tacticasoft.com\/en\/wp-json\/wp\/v2\/media?parent=371638"}],"curies":[{"name":"wp","href":"https:\/\/api.w.org\/{rel}","templated":true}]}}