{"id":371620,"date":"2023-12-15T01:38:17","date_gmt":"2023-12-15T04:38:17","guid":{"rendered":"https:\/\/www.tacticasoft.com\/?page_id=371620"},"modified":"2024-07-29T20:16:02","modified_gmt":"2024-07-29T23:16:02","slug":"crm-venta","status":"publish","type":"page","link":"https:\/\/www.tacticasoft.com\/en\/erp-crm\/crm-venta\/","title":{"rendered":"CRM Venta"},"content":{"rendered":"\t\t<div data-elementor-type=\"wp-page\" data-elementor-id=\"371620\" class=\"elementor elementor-371620\" data-elementor-post-type=\"page\">\n\t\t\t\t\t\t<section class=\"elementor-section elementor-top-section elementor-element elementor-element-68bb99bf elementor-section-stretched elementor-section-boxed elementor-section-height-default elementor-section-height-default\" data-id=\"68bb99bf\" data-element_type=\"section\" data-settings=\"{&quot;stretch_section&quot;:&quot;section-stretched&quot;}\">\n\t\t\t\t\t\t<div class=\"elementor-container elementor-column-gap-default\">\n\t\t\t\t\t<div class=\"elementor-column elementor-col-100 elementor-top-column elementor-element elementor-element-224ba32f\" data-id=\"224ba32f\" data-element_type=\"column\">\n\t\t\t<div class=\"elementor-widget-wrap elementor-element-populated\">\n\t\t\t\t\t\t<div class=\"elementor-element elementor-element-6ab6ab77 elementor-widget elementor-widget-heading\" data-id=\"6ab6ab77\" data-element_type=\"widget\" data-widget_type=\"heading.default\">\n\t\t\t\t<div class=\"elementor-widget-container\">\n\t\t\t\t\t<h3 class=\"elementor-heading-title elementor-size-default\">CRM Venta<\/h3>\t\t\t\t<\/div>\n\t\t\t\t<\/div>\n\t\t\t\t<div class=\"elementor-element elementor-element-d57e7a2 elementor-widget-divider--view-line elementor-widget elementor-widget-divider\" data-id=\"d57e7a2\" data-element_type=\"widget\" data-widget_type=\"divider.default\">\n\t\t\t\t<div class=\"elementor-widget-container\">\n\t\t\t\t\t\t\t<div class=\"elementor-divider\">\n\t\t\t<span class=\"elementor-divider-separator\">\n\t\t\t\t\t\t<\/span>\n\t\t<\/div>\n\t\t\t\t\t\t<\/div>\n\t\t\t\t<\/div>\n\t\t\t\t\t<\/div>\n\t\t<\/div>\n\t\t\t\t\t<\/div>\n\t\t<\/section>\n\t\t\t\t<section class=\"elementor-section elementor-top-section elementor-element elementor-element-215cd7b9 elementor-section-stretched plantilla_contenido elementor-section-boxed elementor-section-height-default elementor-section-height-default\" data-id=\"215cd7b9\" data-element_type=\"section\" data-settings=\"{&quot;stretch_section&quot;:&quot;section-stretched&quot;,&quot;background_background&quot;:&quot;classic&quot;}\">\n\t\t\t\t\t\t\t<div class=\"elementor-background-overlay\"><\/div>\n\t\t\t\t\t\t\t<div class=\"elementor-container elementor-column-gap-wider\">\n\t\t\t\t\t<div class=\"elementor-column elementor-col-100 elementor-top-column elementor-element elementor-element-4ab60fc3\" data-id=\"4ab60fc3\" data-element_type=\"column\">\n\t\t\t<div class=\"elementor-widget-wrap elementor-element-populated\">\n\t\t\t\t\t\t<div class=\"elementor-element elementor-element-50818cc3 elementor-widget elementor-widget-text-editor\" data-id=\"50818cc3\" data-element_type=\"widget\" data-widget_type=\"text-editor.default\">\n\t\t\t\t<div class=\"elementor-widget-container\">\n\t\t\t\t\t\t\t\t\t<div id=\"the_content\"><h1>CRM ventas<\/h1><p>Manejar las relaciones con los clientes no es tarea sencilla. El mercado se ha vuelto tan complejo que ya el Excel le queda chico hasta a los microemprendimientos.<\/p><p>En un mundo tan competitivo como el actual, se sabe que lo dif\u00edcil no es tanto conseguir clientes, sino retenerlos a trav\u00e9s del paso del tiempo para que no se vayan con un competidor. \u00bfComplicado? Un poco, pero no tanto si es que su organizaci\u00f3n utiliza la soluci\u00f3n CRM adecuada seg\u00fan su perfil.<\/p><p>Tenga en cuenta que estamos hablando de un tema central para su empresa, ya que un crm para ventas tendr\u00e1 un impacto directo en su rentabilidad, branding, gesti\u00f3n y muchos aspectos m\u00e1s. Es por ello que se dice que al momento de una estrategia de ventas crm es ideal que los departamentos de Marketing, Ventas, Servicio al cliente, Contabilidad, Recursos Humanos y hasta el director o CEO de la firma est\u00e9n involucrados, ya que tras implementar esta soluci\u00f3n cambiar\u00e1 la forma de hacer negocios y de desempe\u00f1ar las tareas cotidianas de muchos puestos laborales, en especial el de los vendedores.<\/p><h2>Ventas crm<\/h2><p>La empresa debe entender que cada vez que se contacta con un cliente o prospecto est\u00e1 generando alg\u00fan efecto, y que esto repercute en el negocio. De ah\u00ed la importancia de implementar un buen CRM. Pero la profundidad de esta cuesti\u00f3n es tal, que en realidad la firma debe comprender el concepto de crm de ventas en profundidad, es decir: mirar al Customer Relationship Management como una estrategia que es parte del coraz\u00f3n del negocio para simplificar la relaci\u00f3n entre ella y los clientes.<\/p><p>Al respecto, es importante mencionar que hay varios productos disponibles en el mercado, pero en la pr\u00e1ctica est\u00e1 probado que no todos ayudan a las compa\u00f1\u00edas de la misma manera. Con respecto al software crm de ventas de TACTICA, podemos decir que se trata de una herramienta probada con \u00e9xito en distintas organizaciones de la Argentina y tambi\u00e9n en pa\u00edses lim\u00edtrofes.<\/p><h2>\u00bfCu\u00e1les son nuestro diferenciales?<\/h2><p>En TACTICA garantizamos que nuestro sistema crm de ventas redundar\u00e1 de manera positiva en su negocio. Y esto es as\u00ed porque nosotros asesoramos a las organizaciones que conf\u00edan en nosotros de principio a fin. Con esto queremos decir que brindamos una demo para que los clientes puedan ver exactamente c\u00f3mo funciona la herramienta, y luego los acompa\u00f1amos en todo el proceso de implementaci\u00f3n y asesoramiento de post-venta.<\/p><p>Somos especialistas en optimizar las ventas con CRM. De hecho llevamos varios a\u00f1os en el mercado desarrollando paulatinamente nuestro afamado m\u00f3dulo de ventas crm, el cual es escalable, f\u00e1cil de usar, e incluso se puede integrar con nuestra soluci\u00f3n de ERP.<\/p><p>Otro \u00edtem que usted debe tener en cuenta al considerar a su proveedor tecnol\u00f3gico es su pa\u00eds de origen, ya que esto impactar\u00e1 en soluciones traducidas o en idioma nativo. En TACTICA somos argentinos, por ende no apelamos a traducciones e incluso nuestros profesionales son locales. Este aspecto impacta directamente en la comunicaci\u00f3n entre usted y nosotros para que nos entendamos mejor, sin fisuras.<\/p><h2>Aumento de ventas crm<\/h2><p>Todas las organizaciones quieren ganar m\u00e1s dinero e incrementar las ventas. En este sentido, hay muchas cosas por hacer y pulir, entre ellas, implementar un buen CRM en las ventas. Al respecto, la calidad de una soluci\u00f3n de este tipo no depende solo de su precio, sino de muchas tantas variables por ejemplo:<\/p><p>\u2022 Lenguaje de la soluci\u00f3n.<br \/>\u2022 Donde opera el centro de atenci\u00f3n al cliente.<br \/>\u2022 Que la soluci\u00f3n pueda ajustarse a su medida.<br \/>\u2022 Que sea amigable al momento de ser utilizada.<br \/>\u2022 Que los empleados reciban la capacitaci\u00f3n adecuada.<\/p><p>Un verdadero crm de fuerza de ventas lograr\u00e1 que los empleados puedan vender m\u00e1s y mejor, que fidelicen a sus clientes, que puedan establecer con ellos relaciones a largo plazo, as\u00ed como tambi\u00e9n disminuir el ciclo de las ventas.<\/p><p>\u00bfTiene algo que perder? No. Entonces, dec\u00eddase al menos por probar de qu\u00e9 se trata. Si se contacta con TACTICA, uno de nuestros profesionales podr\u00e1 guiarlo para que comprenda en detalle las particularidades de nuestra propuesta. Incluso le daremos acceso a una demo para que usted vea con sus propios ojos el producto antes de tomar una decisi\u00f3n.<\/p><p>Somos una pyme y comprendemos mejor que nadie la situaci\u00f3n de nuestros pares en cualquier industria en la cual se encuentren. Por eso, somos \u00e1giles y ponemos el foco en el di\u00e1logo y la comprensi\u00f3n de cada negocio a los cuales servimos.<\/p><p>Como permanentemente estamos innovando, nuestro CRM recibe mejoras continuas que usted sabr\u00e1 valorar en el d\u00eda a d\u00eda de su negocio, ya que transformamos los datos de su organizaci\u00f3n en activos para aprovechar tomando las mejores decisiones posibles y fidelizando a los clientes como nadie. Cons\u00faltenos, vendemos nuestro CRM a toda la Argentina (contamos con oficinas en Capital Federal, Buenos Aires).<\/p><\/div>\t\t\t\t\t\t\t\t<\/div>\n\t\t\t\t<\/div>\n\t\t\t\t\t<\/div>\n\t\t<\/div>\n\t\t\t\t\t<\/div>\n\t\t<\/section>\n\t\t\t\t<section class=\"elementor-section elementor-top-section elementor-element elementor-element-7451225 elementor-section-boxed elementor-section-height-default elementor-section-height-default\" data-id=\"7451225\" data-element_type=\"section\">\n\t\t\t\t\t\t<div class=\"elementor-container elementor-column-gap-default\">\n\t\t\t\t\t<div class=\"elementor-column elementor-col-100 elementor-top-column elementor-element elementor-element-0087198\" data-id=\"0087198\" data-element_type=\"column\">\n\t\t\t<div class=\"elementor-widget-wrap elementor-element-populated\">\n\t\t\t\t\t\t<div class=\"elementor-element elementor-element-6346454 elementor-widget__width-initial elementor-fixed elementor-hidden-tablet elementor-hidden-mobile elementor-button-align-stretch elementor-invisible elementor-widget elementor-widget-global elementor-global-372660 elementor-widget-form\" data-id=\"6346454\" data-element_type=\"widget\" data-settings=\"{&quot;step_next_label&quot;:&quot;Siguiente&quot;,&quot;step_previous_label&quot;:&quot;Anterior&quot;,&quot;_position&quot;:&quot;fixed&quot;,&quot;sticky&quot;:&quot;top&quot;,&quot;_animation&quot;:&quot;fadeInUp&quot;,&quot;_animation_delay&quot;:5000,&quot;button_width&quot;:&quot;100&quot;,&quot;step_type&quot;:&quot;number_text&quot;,&quot;step_icon_shape&quot;:&quot;circle&quot;,&quot;sticky_on&quot;:[&quot;desktop&quot;,&quot;tablet&quot;,&quot;mobile&quot;],&quot;sticky_offset&quot;:0,&quot;sticky_effects_offset&quot;:0}\" data-widget_type=\"form.default\">\n\t\t\t\t<div class=\"elementor-widget-container\">\n\t\t\t\t\t\t\t<form class=\"elementor-form\" method=\"post\" name=\"Mini formulario\">\n\t\t\t<input type=\"hidden\" name=\"post_id\" value=\"371620\"\/>\n\t\t\t<input type=\"hidden\" name=\"form_id\" value=\"6346454\"\/>\n\t\t\t<input type=\"hidden\" name=\"referer_title\" value=\"TACTICASOFT\" \/>\n\n\t\t\t\n\t\t\t<div class=\"elementor-form-fields-wrapper elementor-labels-\">\n\t\t\t\t\t\t\t\t<div class=\"elementor-field-type-text elementor-field-group elementor-column elementor-field-group-name elementor-col-50 elementor-field-required\">\n\t\t\t\t\t\t\t\t\t\t\t\t<label for=\"form-field-name\" class=\"elementor-field-label elementor-screen-only\">\n\t\t\t\t\t\t\t\tNombre\t\t\t\t\t\t\t<\/label>\n\t\t\t\t\t\t\t\t\t\t\t\t\t\t<input size=\"1\" type=\"text\" name=\"form_fields[name]\" id=\"form-field-name\" class=\"elementor-field elementor-size-xs  elementor-field-textual\" placeholder=\"Nombre\" required=\"required\" aria-required=\"true\">\n\t\t\t\t\t\t\t\t\t\t\t<\/div>\n\t\t\t\t\t\t\t\t<div class=\"elementor-field-type-text elementor-field-group elementor-column elementor-field-group-field_f549ebb elementor-col-50 elementor-field-required\">\n\t\t\t\t\t\t\t\t\t\t\t\t<label for=\"form-field-field_f549ebb\" class=\"elementor-field-label elementor-screen-only\">\n\t\t\t\t\t\t\t\tApellido\t\t\t\t\t\t\t<\/label>\n\t\t\t\t\t\t\t\t\t\t\t\t\t\t<input size=\"1\" type=\"text\" name=\"form_fields[field_f549ebb]\" id=\"form-field-field_f549ebb\" class=\"elementor-field elementor-size-xs  elementor-field-textual\" placeholder=\"Apellido\" required=\"required\" aria-required=\"true\">\n\t\t\t\t\t\t\t\t\t\t\t<\/div>\n\t\t\t\t\t\t\t\t<div class=\"elementor-field-type-email elementor-field-group elementor-column elementor-field-group-email elementor-col-50 elementor-field-required\">\n\t\t\t\t\t\t\t\t\t\t\t\t<label for=\"form-field-email\" class=\"elementor-field-label elementor-screen-only\">\n\t\t\t\t\t\t\t\tCorreo electr\u00f3nico\t\t\t\t\t\t\t<\/label>\n\t\t\t\t\t\t\t\t\t\t\t\t\t\t<input size=\"1\" type=\"email\" name=\"form_fields[email]\" id=\"form-field-email\" class=\"elementor-field elementor-size-xs  elementor-field-textual\" placeholder=\"Correo electr\u00f3nico\" required=\"required\" aria-required=\"true\">\n\t\t\t\t\t\t\t\t\t\t\t<\/div>\n\t\t\t\t\t\t\t\t<div class=\"elementor-field-type-text elementor-field-group elementor-column elementor-field-group-field_132689b elementor-col-50 elementor-field-required\">\n\t\t\t\t\t\t\t\t\t\t\t\t<label for=\"form-field-field_132689b\" class=\"elementor-field-label elementor-screen-only\">\n\t\t\t\t\t\t\t\tWhatsApp\t\t\t\t\t\t\t<\/label>\n\t\t\t\t\t\t\t\t\t\t\t\t\t\t<input size=\"1\" type=\"text\" name=\"form_fields[field_132689b]\" id=\"form-field-field_132689b\" class=\"elementor-field elementor-size-xs  elementor-field-textual\" placeholder=\"WhatsApp\" required=\"required\" aria-required=\"true\">\n\t\t\t\t\t\t\t\t\t\t\t<\/div>\n\t\t\t\t\t\t\t\t<div class=\"elementor-field-type-text elementor-field-group elementor-column elementor-field-group-field_8855b17 elementor-col-50 elementor-field-required\">\n\t\t\t\t\t\t\t\t\t\t\t\t<label for=\"form-field-field_8855b17\" class=\"elementor-field-label elementor-screen-only\">\n\t\t\t\t\t\t\t\tEmpresa\t\t\t\t\t\t\t<\/label>\n\t\t\t\t\t\t\t\t\t\t\t\t\t\t<input size=\"1\" type=\"text\" name=\"form_fields[field_8855b17]\" id=\"form-field-field_8855b17\" class=\"elementor-field elementor-size-xs  elementor-field-textual\" placeholder=\"Empresa\" required=\"required\" aria-required=\"true\">\n\t\t\t\t\t\t\t\t\t\t\t<\/div>\n\t\t\t\t\t\t\t\t<div class=\"elementor-field-type-text elementor-field-group elementor-column elementor-field-group-field_512ffa2 elementor-col-50 elementor-field-required\">\n\t\t\t\t\t\t\t\t\t\t\t\t<label for=\"form-field-field_512ffa2\" class=\"elementor-field-label elementor-screen-only\">\n\t\t\t\t\t\t\t\tCargo\t\t\t\t\t\t\t<\/label>\n\t\t\t\t\t\t\t\t\t\t\t\t\t\t<input size=\"1\" type=\"text\" name=\"form_fields[field_512ffa2]\" id=\"form-field-field_512ffa2\" class=\"elementor-field elementor-size-xs  elementor-field-textual\" placeholder=\"Cargo\" required=\"required\" aria-required=\"true\">\n\t\t\t\t\t\t\t\t\t\t\t<\/div>\n\t\t\t\t\t\t\t\t<div class=\"elementor-field-group elementor-column elementor-field-type-submit elementor-col-100 e-form__buttons\">\n\t\t\t\t\t<button class=\"elementor-button elementor-size-xs\" type=\"submit\">\n\t\t\t\t\t\t<span class=\"elementor-button-content-wrapper\">\n\t\t\t\t\t\t\t\t\t\t\t\t\t\t\t<span class=\"elementor-button-icon\">\n\t\t\t\t\t\t\t\t\t<i aria-hidden=\"true\" class=\"fas fa-envelope\"><\/i>\t\t\t\t\t\t\t\t\t\t\t\t\t\t\t\t\t<\/span>\n\t\t\t\t\t\t\t\t\t\t\t\t\t\t\t\t\t\t\t\t\t\t<span class=\"elementor-button-text\">Enviar<\/span>\n\t\t\t\t\t\t\t\t\t\t\t\t\t<\/span>\n\t\t\t\t\t<\/button>\n\t\t\t\t<\/div>\n\t\t\t<\/div>\n\t\t<\/form>\n\t\t\t\t\t\t<\/div>\n\t\t\t\t<\/div>\n\t\t\t\t\t<\/div>\n\t\t<\/div>\n\t\t\t\t\t<\/div>\n\t\t<\/section>\n\t\t\t\t<\/div>\n\t\t","protected":false},"excerpt":{"rendered":"<p>CRM Venta CRM ventas Manejar las relaciones con los clientes no es tarea sencilla. El mercado se ha vuelto tan complejo que ya el Excel le<span class=\"excerpt-hellip\"> [\u2026]<\/span><\/p>\n","protected":false},"author":4,"featured_media":0,"parent":371378,"menu_order":0,"comment_status":"closed","ping_status":"closed","template":"","meta":{"_acf_changed":false,"footnotes":""},"class_list":["post-371620","page","type-page","status-publish","hentry"],"acf":[],"yoast_head":"<!-- This site is optimized with the Yoast SEO plugin v27.2 - https:\/\/yoast.com\/product\/yoast-seo-wordpress\/ -->\n<title>CRM Venta - TACTICASOFT<\/title>\n<meta name=\"robots\" content=\"index, follow, max-snippet:-1, max-image-preview:large, max-video-preview:-1\" \/>\n<link rel=\"canonical\" href=\"https:\/\/www.tacticasoft.com\/en\/erp-crm\/crm-venta\/\" \/>\n<meta property=\"og:locale\" content=\"en_US\" \/>\n<meta property=\"og:type\" content=\"article\" \/>\n<meta property=\"og:title\" content=\"CRM Venta - TACTICASOFT\" \/>\n<meta property=\"og:description\" content=\"CRM Venta CRM ventas Manejar las relaciones con los clientes no es tarea sencilla. El mercado se ha vuelto tan complejo que ya el Excel le [\u2026]\" \/>\n<meta property=\"og:url\" content=\"https:\/\/www.tacticasoft.com\/en\/erp-crm\/crm-venta\/\" \/>\n<meta property=\"og:site_name\" content=\"TACTICASOFT\" \/>\n<meta property=\"article:modified_time\" content=\"2024-07-29T23:16:02+00:00\" \/>\n<meta name=\"twitter:card\" content=\"summary_large_image\" \/>\n<meta name=\"twitter:label1\" content=\"Est. reading time\" \/>\n\t<meta name=\"twitter:data1\" content=\"4 minutes\" \/>\n<script type=\"application\/ld+json\" class=\"yoast-schema-graph\">{\"@context\":\"https:\/\/schema.org\",\"@graph\":[{\"@type\":\"WebPage\",\"@id\":\"https:\/\/www.tacticasoft.com\/erp-crm\/crm-venta\/\",\"url\":\"https:\/\/www.tacticasoft.com\/erp-crm\/crm-venta\/\",\"name\":\"CRM Venta - TACTICASOFT\",\"isPartOf\":{\"@id\":\"https:\/\/www.tacticasoft.com\/#website\"},\"datePublished\":\"2023-12-15T04:38:17+00:00\",\"dateModified\":\"2024-07-29T23:16:02+00:00\",\"breadcrumb\":{\"@id\":\"https:\/\/www.tacticasoft.com\/erp-crm\/crm-venta\/#breadcrumb\"},\"inLanguage\":\"en-US\",\"potentialAction\":[{\"@type\":\"ReadAction\",\"target\":[\"https:\/\/www.tacticasoft.com\/erp-crm\/crm-venta\/\"]}]},{\"@type\":\"BreadcrumbList\",\"@id\":\"https:\/\/www.tacticasoft.com\/erp-crm\/crm-venta\/#breadcrumb\",\"itemListElement\":[{\"@type\":\"ListItem\",\"position\":1,\"name\":\"Inicio\",\"item\":\"https:\/\/www.tacticasoft.com\/\"},{\"@type\":\"ListItem\",\"position\":2,\"name\":\"ERP CRM\",\"item\":\"https:\/\/www.tacticasoft.com\/erp-crm\/\"},{\"@type\":\"ListItem\",\"position\":3,\"name\":\"CRM Venta\"}]},{\"@type\":\"WebSite\",\"@id\":\"https:\/\/www.tacticasoft.com\/#website\",\"url\":\"https:\/\/www.tacticasoft.com\/\",\"name\":\"TACTICASOFT\",\"description\":\"Software de CRM y ERP\",\"publisher\":{\"@id\":\"https:\/\/www.tacticasoft.com\/#organization\"},\"potentialAction\":[{\"@type\":\"SearchAction\",\"target\":{\"@type\":\"EntryPoint\",\"urlTemplate\":\"https:\/\/www.tacticasoft.com\/?s={search_term_string}\"},\"query-input\":{\"@type\":\"PropertyValueSpecification\",\"valueRequired\":true,\"valueName\":\"search_term_string\"}}],\"inLanguage\":\"en-US\"},{\"@type\":\"Organization\",\"@id\":\"https:\/\/www.tacticasoft.com\/#organization\",\"name\":\"TACTICASOFT\",\"url\":\"https:\/\/www.tacticasoft.com\/\",\"logo\":{\"@type\":\"ImageObject\",\"inLanguage\":\"en-US\",\"@id\":\"https:\/\/www.tacticasoft.com\/#\/schema\/logo\/image\/\",\"url\":\"https:\/\/www.tacticasoft.com\/wp-content\/uploads\/2023\/01\/cropped-logo.png\",\"contentUrl\":\"https:\/\/www.tacticasoft.com\/wp-content\/uploads\/2023\/01\/cropped-logo.png\",\"width\":141,\"height\":135,\"caption\":\"TACTICASOFT\"},\"image\":{\"@id\":\"https:\/\/www.tacticasoft.com\/#\/schema\/logo\/image\/\"}}]}<\/script>\n<!-- \/ Yoast SEO plugin. -->","yoast_head_json":{"title":"CRM Venta - TACTICASOFT","robots":{"index":"index","follow":"follow","max-snippet":"max-snippet:-1","max-image-preview":"max-image-preview:large","max-video-preview":"max-video-preview:-1"},"canonical":"https:\/\/www.tacticasoft.com\/en\/erp-crm\/crm-venta\/","og_locale":"en_US","og_type":"article","og_title":"CRM Venta - TACTICASOFT","og_description":"CRM Venta CRM ventas Manejar las relaciones con los clientes no es tarea sencilla. El mercado se ha vuelto tan complejo que ya el Excel le [\u2026]","og_url":"https:\/\/www.tacticasoft.com\/en\/erp-crm\/crm-venta\/","og_site_name":"TACTICASOFT","article_modified_time":"2024-07-29T23:16:02+00:00","twitter_card":"summary_large_image","twitter_misc":{"Est. reading time":"4 minutes"},"schema":{"@context":"https:\/\/schema.org","@graph":[{"@type":"WebPage","@id":"https:\/\/www.tacticasoft.com\/erp-crm\/crm-venta\/","url":"https:\/\/www.tacticasoft.com\/erp-crm\/crm-venta\/","name":"CRM Venta - TACTICASOFT","isPartOf":{"@id":"https:\/\/www.tacticasoft.com\/#website"},"datePublished":"2023-12-15T04:38:17+00:00","dateModified":"2024-07-29T23:16:02+00:00","breadcrumb":{"@id":"https:\/\/www.tacticasoft.com\/erp-crm\/crm-venta\/#breadcrumb"},"inLanguage":"en-US","potentialAction":[{"@type":"ReadAction","target":["https:\/\/www.tacticasoft.com\/erp-crm\/crm-venta\/"]}]},{"@type":"BreadcrumbList","@id":"https:\/\/www.tacticasoft.com\/erp-crm\/crm-venta\/#breadcrumb","itemListElement":[{"@type":"ListItem","position":1,"name":"Inicio","item":"https:\/\/www.tacticasoft.com\/"},{"@type":"ListItem","position":2,"name":"ERP CRM","item":"https:\/\/www.tacticasoft.com\/erp-crm\/"},{"@type":"ListItem","position":3,"name":"CRM Venta"}]},{"@type":"WebSite","@id":"https:\/\/www.tacticasoft.com\/#website","url":"https:\/\/www.tacticasoft.com\/","name":"TACTICASOFT","description":"Software de CRM y ERP","publisher":{"@id":"https:\/\/www.tacticasoft.com\/#organization"},"potentialAction":[{"@type":"SearchAction","target":{"@type":"EntryPoint","urlTemplate":"https:\/\/www.tacticasoft.com\/?s={search_term_string}"},"query-input":{"@type":"PropertyValueSpecification","valueRequired":true,"valueName":"search_term_string"}}],"inLanguage":"en-US"},{"@type":"Organization","@id":"https:\/\/www.tacticasoft.com\/#organization","name":"TACTICASOFT","url":"https:\/\/www.tacticasoft.com\/","logo":{"@type":"ImageObject","inLanguage":"en-US","@id":"https:\/\/www.tacticasoft.com\/#\/schema\/logo\/image\/","url":"https:\/\/www.tacticasoft.com\/wp-content\/uploads\/2023\/01\/cropped-logo.png","contentUrl":"https:\/\/www.tacticasoft.com\/wp-content\/uploads\/2023\/01\/cropped-logo.png","width":141,"height":135,"caption":"TACTICASOFT"},"image":{"@id":"https:\/\/www.tacticasoft.com\/#\/schema\/logo\/image\/"}}]}},"_links":{"self":[{"href":"https:\/\/www.tacticasoft.com\/en\/wp-json\/wp\/v2\/pages\/371620","targetHints":{"allow":["GET"]}}],"collection":[{"href":"https:\/\/www.tacticasoft.com\/en\/wp-json\/wp\/v2\/pages"}],"about":[{"href":"https:\/\/www.tacticasoft.com\/en\/wp-json\/wp\/v2\/types\/page"}],"author":[{"embeddable":true,"href":"https:\/\/www.tacticasoft.com\/en\/wp-json\/wp\/v2\/users\/4"}],"replies":[{"embeddable":true,"href":"https:\/\/www.tacticasoft.com\/en\/wp-json\/wp\/v2\/comments?post=371620"}],"version-history":[{"count":7,"href":"https:\/\/www.tacticasoft.com\/en\/wp-json\/wp\/v2\/pages\/371620\/revisions"}],"predecessor-version":[{"id":372893,"href":"https:\/\/www.tacticasoft.com\/en\/wp-json\/wp\/v2\/pages\/371620\/revisions\/372893"}],"up":[{"embeddable":true,"href":"https:\/\/www.tacticasoft.com\/en\/wp-json\/wp\/v2\/pages\/371378"}],"wp:attachment":[{"href":"https:\/\/www.tacticasoft.com\/en\/wp-json\/wp\/v2\/media?parent=371620"}],"curies":[{"name":"wp","href":"https:\/\/api.w.org\/{rel}","templated":true}]}}