{"id":371614,"date":"2023-12-15T01:36:54","date_gmt":"2023-12-15T04:36:54","guid":{"rendered":"https:\/\/www.tacticasoft.com\/?page_id=371614"},"modified":"2024-07-29T20:12:54","modified_gmt":"2024-07-29T23:12:54","slug":"crm-email","status":"publish","type":"page","link":"https:\/\/www.tacticasoft.com\/en\/erp-crm\/crm-email\/","title":{"rendered":"CRM Email"},"content":{"rendered":"\t\t<div data-elementor-type=\"wp-page\" data-elementor-id=\"371614\" class=\"elementor elementor-371614\" data-elementor-post-type=\"page\">\n\t\t\t\t\t\t<section class=\"elementor-section elementor-top-section elementor-element elementor-element-5f534b8d elementor-section-stretched elementor-section-boxed elementor-section-height-default elementor-section-height-default\" data-id=\"5f534b8d\" data-element_type=\"section\" data-settings=\"{&quot;stretch_section&quot;:&quot;section-stretched&quot;}\">\n\t\t\t\t\t\t<div class=\"elementor-container elementor-column-gap-default\">\n\t\t\t\t\t<div class=\"elementor-column elementor-col-100 elementor-top-column elementor-element elementor-element-3a370c11\" data-id=\"3a370c11\" data-element_type=\"column\">\n\t\t\t<div class=\"elementor-widget-wrap elementor-element-populated\">\n\t\t\t\t\t\t<div class=\"elementor-element elementor-element-19857798 elementor-widget elementor-widget-heading\" data-id=\"19857798\" data-element_type=\"widget\" data-widget_type=\"heading.default\">\n\t\t\t\t<div class=\"elementor-widget-container\">\n\t\t\t\t\t<h3 class=\"elementor-heading-title elementor-size-default\">CRM Email<\/h3>\t\t\t\t<\/div>\n\t\t\t\t<\/div>\n\t\t\t\t<div class=\"elementor-element elementor-element-5c2edd6d elementor-widget-divider--view-line elementor-widget elementor-widget-divider\" data-id=\"5c2edd6d\" data-element_type=\"widget\" data-widget_type=\"divider.default\">\n\t\t\t\t<div class=\"elementor-widget-container\">\n\t\t\t\t\t\t\t<div class=\"elementor-divider\">\n\t\t\t<span class=\"elementor-divider-separator\">\n\t\t\t\t\t\t<\/span>\n\t\t<\/div>\n\t\t\t\t\t\t<\/div>\n\t\t\t\t<\/div>\n\t\t\t\t\t<\/div>\n\t\t<\/div>\n\t\t\t\t\t<\/div>\n\t\t<\/section>\n\t\t\t\t<section class=\"elementor-section elementor-top-section elementor-element elementor-element-459618e4 elementor-section-stretched plantilla_contenido elementor-section-boxed elementor-section-height-default elementor-section-height-default\" data-id=\"459618e4\" data-element_type=\"section\" data-settings=\"{&quot;stretch_section&quot;:&quot;section-stretched&quot;,&quot;background_background&quot;:&quot;classic&quot;}\">\n\t\t\t\t\t\t\t<div class=\"elementor-background-overlay\"><\/div>\n\t\t\t\t\t\t\t<div class=\"elementor-container elementor-column-gap-wider\">\n\t\t\t\t\t<div class=\"elementor-column elementor-col-100 elementor-top-column elementor-element elementor-element-1aeffa60\" data-id=\"1aeffa60\" data-element_type=\"column\">\n\t\t\t<div class=\"elementor-widget-wrap elementor-element-populated\">\n\t\t\t\t\t\t<div class=\"elementor-element elementor-element-12d6c70f elementor-widget elementor-widget-text-editor\" data-id=\"12d6c70f\" data-element_type=\"widget\" data-widget_type=\"text-editor.default\">\n\t\t\t\t<div class=\"elementor-widget-container\">\n\t\t\t\t\t\t\t\t\t<div id=\"the_content\"><h1>CRM email<\/h1><p>En el esfuerzo por generar empat\u00eda y estrechar v\u00ednculos con los clientes, y que \u00e9stos sientan que la empresa est\u00e1 cerca de ellos, muchas firmas est\u00e1n invirtiendo grandes sumas de dinero en la gesti\u00f3n de las redes sociales tales como Facebook, Twitter y Pinterest, por mencionar solo algunas.<\/p><p>Esto est\u00e1 muy bien porque hay que tratar de llegar al cliente actual y potencial por la mayor cantidad de v\u00edas de comunicaci\u00f3n posibles. El tema es que, de todos modos, el correo electr\u00f3nico sigue siendo uno de los medios de contacto centrales entre el cliente y la empresa.<\/p><p>Dada esta situaci\u00f3n es preciso contar con una herramienta de gesti\u00f3n que permita sacar el m\u00e1ximo provecho posible a los correos electr\u00f3nicos.<\/p><h2>CRM email marketing<\/h2><p>En TACTICA somos proveedores argentinos de soluciones a medida de herramientas de gesti\u00f3n tales como CRM y ERP. En este sentido, trabajamos arduamente para que nuestro Customer Relationship Management optimice la relaci\u00f3n con los clientes a partir de cualquier tipo de contacto, incluyendo el correo electr\u00f3nico.<\/p><p>Piense por un momento: La mayor parte de las conversaciones que las organizaciones tienen con los clientes se producen a trav\u00e9s del correo electr\u00f3nico. \u00bfQu\u00e9 hacer al respecto? Pensar en nuestro CRM email marketing, ya que obtiene, segmenta y distribuye toda esta correspondencia electr\u00f3nica dentro del sistema general de CRM.<\/p><p>Al tratarse de una integraci\u00f3n, los ejecutivos de venta pueden, por ejemplo, recibir la notificaci\u00f3n y la respuesta a los e-mails de sus respectivos clientes dentro de la plataforma de CRM. La ventaja de esto es que el profesional ahorra minutos, se vuelve m\u00e1s productivo, y ahorra el trabajo de cambiar de aplicaci\u00f3n para ver c\u00f3mo se mueve su bandeja de entrada.<\/p><h2>Algunas funciones<\/h2><p>El CRM email software de TACTICA est\u00e1 a la par de los sistemas m\u00e1s sofisticados del mundo, que se cotizan en d\u00f3lares y que est\u00e1n disponibles solo para grandes corporaciones. Por el contrario, nosotros desarrollamos por cuenta propia una propuesta al alcance de las peque\u00f1as y medianas empresas que deben competir en el mercado de igual a igual que las grandes, ya que la masa de clientes es la misma.<\/p><p>Si siente intriga con respecto a nuestra propuesta, solo tiene que comunicarse por tel\u00e9fono, completando el formulario disponible en nuestra p\u00e1gina web o por los distintas v\u00edas de contacto indicadas en nuestro portal de Internet. Al respecto, es importante que recuerde que tenemos presencia en Argentina, Chile, M\u00e9xico, Colombia, Per\u00fa y Uruguay, ya que estamos enfocados en el mercado latinoamericano, en donde atendemos a numerosos clientes de los m\u00e1s variados mercados verticales.<\/p><p>Pero para anticiparle algunas caracter\u00edsticas de nuestro CRM email software, podemos mencionarle que usted podr\u00e1 recibir alertas y notificaciones de todo tipo, obtener estad\u00edsticas e informes varios tales como cantidad de correos electr\u00f3nicos no le\u00eddos, tiempo de permanencia del lector en la pieza enviada y muchos detalles m\u00e1s.<\/p><p>En definitiva, somos un proveedor sudamericano que ofrece todo su potencial de crm email marketing para todas las firmas que quieran tomar la delantera con respecto a la gesti\u00f3n de los correos electr\u00f3nicos. Contamos con casos de \u00e9xito de empresas reconocidas que ya est\u00e1n trabajando con nuestras soluciones, incluyendo con el CRM email. Si quiere conocer los detalles de cada caso, simplemente solic\u00edtenos la documentaci\u00f3n pertinente.<\/p><p>Incluso usted puede acceder a una demo online desde nuestro website para experimentar en primera persona los beneficios y caracter\u00edsticas de nuestras soluciones, incluyendo aquellas que le permiten obtener una radiograf\u00eda exacta y en tiempo real de lo que sucede con el intercambio de e-mails entre los ejecutivos de su firma y los clientes actuales y potenciales.<\/p><p>Recuerde: Para establecer una estrategia de negocios exitosa es necesario conocer qu\u00e9 sienten y quieren los clientes. Para llegar a la verdad, nada mejor que analizar c\u00f3mo se expresan a trav\u00e9s del tan popular correo electr\u00f3nico. En este sentido, los informes y funcionalidades de nuestra herramienta le permitir\u00e1n tener un estado de situaci\u00f3n exacto para poder actuar en consecuencia y sin dar pasos en falso.<\/p><p>Para m\u00e1s informaci\u00f3n, solo debe comunicarse con nosotros, y uno de nuestros expertos le explicar\u00e1 de punta a punta en que consiste nuestra propuesta de servicios.<\/p><\/div>\t\t\t\t\t\t\t\t<\/div>\n\t\t\t\t<\/div>\n\t\t\t\t\t<\/div>\n\t\t<\/div>\n\t\t\t\t\t<\/div>\n\t\t<\/section>\n\t\t\t\t<section class=\"elementor-section elementor-top-section elementor-element elementor-element-c8037a3 elementor-section-boxed elementor-section-height-default elementor-section-height-default\" data-id=\"c8037a3\" data-element_type=\"section\">\n\t\t\t\t\t\t<div class=\"elementor-container elementor-column-gap-default\">\n\t\t\t\t\t<div class=\"elementor-column elementor-col-100 elementor-top-column elementor-element elementor-element-20bbc3f\" data-id=\"20bbc3f\" data-element_type=\"column\">\n\t\t\t<div class=\"elementor-widget-wrap elementor-element-populated\">\n\t\t\t\t\t\t<div class=\"elementor-element elementor-element-3e6cb5e elementor-widget__width-initial elementor-fixed elementor-hidden-tablet elementor-hidden-mobile elementor-button-align-stretch elementor-invisible elementor-widget elementor-widget-global elementor-global-372660 elementor-widget-form\" data-id=\"3e6cb5e\" data-element_type=\"widget\" data-settings=\"{&quot;step_next_label&quot;:&quot;Siguiente&quot;,&quot;step_previous_label&quot;:&quot;Anterior&quot;,&quot;_position&quot;:&quot;fixed&quot;,&quot;sticky&quot;:&quot;top&quot;,&quot;_animation&quot;:&quot;fadeInUp&quot;,&quot;_animation_delay&quot;:5000,&quot;button_width&quot;:&quot;100&quot;,&quot;step_type&quot;:&quot;number_text&quot;,&quot;step_icon_shape&quot;:&quot;circle&quot;,&quot;sticky_on&quot;:[&quot;desktop&quot;,&quot;tablet&quot;,&quot;mobile&quot;],&quot;sticky_offset&quot;:0,&quot;sticky_effects_offset&quot;:0}\" data-widget_type=\"form.default\">\n\t\t\t\t<div class=\"elementor-widget-container\">\n\t\t\t\t\t\t\t<form class=\"elementor-form\" method=\"post\" name=\"Mini formulario\">\n\t\t\t<input type=\"hidden\" name=\"post_id\" value=\"371614\"\/>\n\t\t\t<input type=\"hidden\" name=\"form_id\" value=\"3e6cb5e\"\/>\n\t\t\t<input type=\"hidden\" name=\"referer_title\" value=\"TACTICASOFT\" \/>\n\n\t\t\t\n\t\t\t<div class=\"elementor-form-fields-wrapper elementor-labels-\">\n\t\t\t\t\t\t\t\t<div class=\"elementor-field-type-text elementor-field-group elementor-column elementor-field-group-name elementor-col-50 elementor-field-required\">\n\t\t\t\t\t\t\t\t\t\t\t\t<label for=\"form-field-name\" class=\"elementor-field-label elementor-screen-only\">\n\t\t\t\t\t\t\t\tNombre\t\t\t\t\t\t\t<\/label>\n\t\t\t\t\t\t\t\t\t\t\t\t\t\t<input size=\"1\" type=\"text\" name=\"form_fields[name]\" id=\"form-field-name\" class=\"elementor-field elementor-size-xs  elementor-field-textual\" placeholder=\"Nombre\" required=\"required\" aria-required=\"true\">\n\t\t\t\t\t\t\t\t\t\t\t<\/div>\n\t\t\t\t\t\t\t\t<div class=\"elementor-field-type-text elementor-field-group elementor-column elementor-field-group-field_f549ebb elementor-col-50 elementor-field-required\">\n\t\t\t\t\t\t\t\t\t\t\t\t<label for=\"form-field-field_f549ebb\" class=\"elementor-field-label elementor-screen-only\">\n\t\t\t\t\t\t\t\tApellido\t\t\t\t\t\t\t<\/label>\n\t\t\t\t\t\t\t\t\t\t\t\t\t\t<input size=\"1\" type=\"text\" name=\"form_fields[field_f549ebb]\" id=\"form-field-field_f549ebb\" class=\"elementor-field elementor-size-xs  elementor-field-textual\" placeholder=\"Apellido\" required=\"required\" aria-required=\"true\">\n\t\t\t\t\t\t\t\t\t\t\t<\/div>\n\t\t\t\t\t\t\t\t<div class=\"elementor-field-type-email elementor-field-group elementor-column elementor-field-group-email elementor-col-50 elementor-field-required\">\n\t\t\t\t\t\t\t\t\t\t\t\t<label for=\"form-field-email\" class=\"elementor-field-label elementor-screen-only\">\n\t\t\t\t\t\t\t\tCorreo electr\u00f3nico\t\t\t\t\t\t\t<\/label>\n\t\t\t\t\t\t\t\t\t\t\t\t\t\t<input size=\"1\" type=\"email\" name=\"form_fields[email]\" id=\"form-field-email\" class=\"elementor-field elementor-size-xs  elementor-field-textual\" placeholder=\"Correo electr\u00f3nico\" required=\"required\" aria-required=\"true\">\n\t\t\t\t\t\t\t\t\t\t\t<\/div>\n\t\t\t\t\t\t\t\t<div class=\"elementor-field-type-text elementor-field-group elementor-column elementor-field-group-field_132689b elementor-col-50 elementor-field-required\">\n\t\t\t\t\t\t\t\t\t\t\t\t<label for=\"form-field-field_132689b\" class=\"elementor-field-label elementor-screen-only\">\n\t\t\t\t\t\t\t\tWhatsApp\t\t\t\t\t\t\t<\/label>\n\t\t\t\t\t\t\t\t\t\t\t\t\t\t<input size=\"1\" type=\"text\" name=\"form_fields[field_132689b]\" id=\"form-field-field_132689b\" class=\"elementor-field elementor-size-xs  elementor-field-textual\" placeholder=\"WhatsApp\" required=\"required\" aria-required=\"true\">\n\t\t\t\t\t\t\t\t\t\t\t<\/div>\n\t\t\t\t\t\t\t\t<div class=\"elementor-field-type-text elementor-field-group elementor-column elementor-field-group-field_8855b17 elementor-col-50 elementor-field-required\">\n\t\t\t\t\t\t\t\t\t\t\t\t<label for=\"form-field-field_8855b17\" class=\"elementor-field-label elementor-screen-only\">\n\t\t\t\t\t\t\t\tEmpresa\t\t\t\t\t\t\t<\/label>\n\t\t\t\t\t\t\t\t\t\t\t\t\t\t<input size=\"1\" type=\"text\" name=\"form_fields[field_8855b17]\" id=\"form-field-field_8855b17\" class=\"elementor-field elementor-size-xs  elementor-field-textual\" placeholder=\"Empresa\" required=\"required\" aria-required=\"true\">\n\t\t\t\t\t\t\t\t\t\t\t<\/div>\n\t\t\t\t\t\t\t\t<div class=\"elementor-field-type-text elementor-field-group elementor-column elementor-field-group-field_512ffa2 elementor-col-50 elementor-field-required\">\n\t\t\t\t\t\t\t\t\t\t\t\t<label for=\"form-field-field_512ffa2\" class=\"elementor-field-label elementor-screen-only\">\n\t\t\t\t\t\t\t\tCargo\t\t\t\t\t\t\t<\/label>\n\t\t\t\t\t\t\t\t\t\t\t\t\t\t<input size=\"1\" type=\"text\" name=\"form_fields[field_512ffa2]\" id=\"form-field-field_512ffa2\" class=\"elementor-field elementor-size-xs  elementor-field-textual\" placeholder=\"Cargo\" required=\"required\" aria-required=\"true\">\n\t\t\t\t\t\t\t\t\t\t\t<\/div>\n\t\t\t\t\t\t\t\t<div class=\"elementor-field-group elementor-column elementor-field-type-submit elementor-col-100 e-form__buttons\">\n\t\t\t\t\t<button class=\"elementor-button elementor-size-xs\" type=\"submit\">\n\t\t\t\t\t\t<span class=\"elementor-button-content-wrapper\">\n\t\t\t\t\t\t\t\t\t\t\t\t\t\t\t<span class=\"elementor-button-icon\">\n\t\t\t\t\t\t\t\t\t<i aria-hidden=\"true\" class=\"fas fa-envelope\"><\/i>\t\t\t\t\t\t\t\t\t\t\t\t\t\t\t\t\t<\/span>\n\t\t\t\t\t\t\t\t\t\t\t\t\t\t\t\t\t\t\t\t\t\t<span class=\"elementor-button-text\">Enviar<\/span>\n\t\t\t\t\t\t\t\t\t\t\t\t\t<\/span>\n\t\t\t\t\t<\/button>\n\t\t\t\t<\/div>\n\t\t\t<\/div>\n\t\t<\/form>\n\t\t\t\t\t\t<\/div>\n\t\t\t\t<\/div>\n\t\t\t\t\t<\/div>\n\t\t<\/div>\n\t\t\t\t\t<\/div>\n\t\t<\/section>\n\t\t\t\t<\/div>\n\t\t","protected":false},"excerpt":{"rendered":"<p>CRM Email CRM email En el esfuerzo por generar empat\u00eda y estrechar v\u00ednculos con los clientes, y que \u00e9stos sientan que la empresa est\u00e1 cerca de<span class=\"excerpt-hellip\"> [\u2026]<\/span><\/p>\n","protected":false},"author":4,"featured_media":0,"parent":371378,"menu_order":0,"comment_status":"closed","ping_status":"closed","template":"","meta":{"_acf_changed":false,"footnotes":""},"class_list":["post-371614","page","type-page","status-publish","hentry"],"acf":[],"yoast_head":"<!-- This site is optimized with the Yoast SEO plugin v27.2 - https:\/\/yoast.com\/product\/yoast-seo-wordpress\/ -->\n<title>CRM Email - TACTICASOFT<\/title>\n<meta name=\"robots\" content=\"index, follow, max-snippet:-1, max-image-preview:large, max-video-preview:-1\" \/>\n<link rel=\"canonical\" href=\"https:\/\/www.tacticasoft.com\/en\/erp-crm\/crm-email\/\" \/>\n<meta property=\"og:locale\" content=\"en_US\" \/>\n<meta property=\"og:type\" content=\"article\" \/>\n<meta property=\"og:title\" content=\"CRM Email - TACTICASOFT\" \/>\n<meta property=\"og:description\" content=\"CRM Email CRM email En el esfuerzo por generar empat\u00eda y estrechar v\u00ednculos con los clientes, y que \u00e9stos sientan que la empresa est\u00e1 cerca de [\u2026]\" \/>\n<meta property=\"og:url\" content=\"https:\/\/www.tacticasoft.com\/en\/erp-crm\/crm-email\/\" \/>\n<meta property=\"og:site_name\" content=\"TACTICASOFT\" \/>\n<meta property=\"article:modified_time\" content=\"2024-07-29T23:12:54+00:00\" \/>\n<meta name=\"twitter:card\" content=\"summary_large_image\" \/>\n<meta name=\"twitter:label1\" content=\"Est. reading time\" \/>\n\t<meta name=\"twitter:data1\" content=\"4 minutes\" \/>\n<script type=\"application\/ld+json\" class=\"yoast-schema-graph\">{\"@context\":\"https:\/\/schema.org\",\"@graph\":[{\"@type\":\"WebPage\",\"@id\":\"https:\/\/www.tacticasoft.com\/erp-crm\/crm-email\/\",\"url\":\"https:\/\/www.tacticasoft.com\/erp-crm\/crm-email\/\",\"name\":\"CRM Email - TACTICASOFT\",\"isPartOf\":{\"@id\":\"https:\/\/www.tacticasoft.com\/#website\"},\"datePublished\":\"2023-12-15T04:36:54+00:00\",\"dateModified\":\"2024-07-29T23:12:54+00:00\",\"breadcrumb\":{\"@id\":\"https:\/\/www.tacticasoft.com\/erp-crm\/crm-email\/#breadcrumb\"},\"inLanguage\":\"en-US\",\"potentialAction\":[{\"@type\":\"ReadAction\",\"target\":[\"https:\/\/www.tacticasoft.com\/erp-crm\/crm-email\/\"]}]},{\"@type\":\"BreadcrumbList\",\"@id\":\"https:\/\/www.tacticasoft.com\/erp-crm\/crm-email\/#breadcrumb\",\"itemListElement\":[{\"@type\":\"ListItem\",\"position\":1,\"name\":\"Inicio\",\"item\":\"https:\/\/www.tacticasoft.com\/\"},{\"@type\":\"ListItem\",\"position\":2,\"name\":\"ERP CRM\",\"item\":\"https:\/\/www.tacticasoft.com\/erp-crm\/\"},{\"@type\":\"ListItem\",\"position\":3,\"name\":\"CRM Email\"}]},{\"@type\":\"WebSite\",\"@id\":\"https:\/\/www.tacticasoft.com\/#website\",\"url\":\"https:\/\/www.tacticasoft.com\/\",\"name\":\"TACTICASOFT\",\"description\":\"Software de CRM y ERP\",\"publisher\":{\"@id\":\"https:\/\/www.tacticasoft.com\/#organization\"},\"potentialAction\":[{\"@type\":\"SearchAction\",\"target\":{\"@type\":\"EntryPoint\",\"urlTemplate\":\"https:\/\/www.tacticasoft.com\/?s={search_term_string}\"},\"query-input\":{\"@type\":\"PropertyValueSpecification\",\"valueRequired\":true,\"valueName\":\"search_term_string\"}}],\"inLanguage\":\"en-US\"},{\"@type\":\"Organization\",\"@id\":\"https:\/\/www.tacticasoft.com\/#organization\",\"name\":\"TACTICASOFT\",\"url\":\"https:\/\/www.tacticasoft.com\/\",\"logo\":{\"@type\":\"ImageObject\",\"inLanguage\":\"en-US\",\"@id\":\"https:\/\/www.tacticasoft.com\/#\/schema\/logo\/image\/\",\"url\":\"https:\/\/www.tacticasoft.com\/wp-content\/uploads\/2023\/01\/cropped-logo.png\",\"contentUrl\":\"https:\/\/www.tacticasoft.com\/wp-content\/uploads\/2023\/01\/cropped-logo.png\",\"width\":141,\"height\":135,\"caption\":\"TACTICASOFT\"},\"image\":{\"@id\":\"https:\/\/www.tacticasoft.com\/#\/schema\/logo\/image\/\"}}]}<\/script>\n<!-- \/ Yoast SEO plugin. -->","yoast_head_json":{"title":"CRM Email - TACTICASOFT","robots":{"index":"index","follow":"follow","max-snippet":"max-snippet:-1","max-image-preview":"max-image-preview:large","max-video-preview":"max-video-preview:-1"},"canonical":"https:\/\/www.tacticasoft.com\/en\/erp-crm\/crm-email\/","og_locale":"en_US","og_type":"article","og_title":"CRM Email - TACTICASOFT","og_description":"CRM Email CRM email En el esfuerzo por generar empat\u00eda y estrechar v\u00ednculos con los clientes, y que \u00e9stos sientan que la empresa est\u00e1 cerca de [\u2026]","og_url":"https:\/\/www.tacticasoft.com\/en\/erp-crm\/crm-email\/","og_site_name":"TACTICASOFT","article_modified_time":"2024-07-29T23:12:54+00:00","twitter_card":"summary_large_image","twitter_misc":{"Est. reading time":"4 minutes"},"schema":{"@context":"https:\/\/schema.org","@graph":[{"@type":"WebPage","@id":"https:\/\/www.tacticasoft.com\/erp-crm\/crm-email\/","url":"https:\/\/www.tacticasoft.com\/erp-crm\/crm-email\/","name":"CRM Email - TACTICASOFT","isPartOf":{"@id":"https:\/\/www.tacticasoft.com\/#website"},"datePublished":"2023-12-15T04:36:54+00:00","dateModified":"2024-07-29T23:12:54+00:00","breadcrumb":{"@id":"https:\/\/www.tacticasoft.com\/erp-crm\/crm-email\/#breadcrumb"},"inLanguage":"en-US","potentialAction":[{"@type":"ReadAction","target":["https:\/\/www.tacticasoft.com\/erp-crm\/crm-email\/"]}]},{"@type":"BreadcrumbList","@id":"https:\/\/www.tacticasoft.com\/erp-crm\/crm-email\/#breadcrumb","itemListElement":[{"@type":"ListItem","position":1,"name":"Inicio","item":"https:\/\/www.tacticasoft.com\/"},{"@type":"ListItem","position":2,"name":"ERP CRM","item":"https:\/\/www.tacticasoft.com\/erp-crm\/"},{"@type":"ListItem","position":3,"name":"CRM Email"}]},{"@type":"WebSite","@id":"https:\/\/www.tacticasoft.com\/#website","url":"https:\/\/www.tacticasoft.com\/","name":"TACTICASOFT","description":"Software de CRM y ERP","publisher":{"@id":"https:\/\/www.tacticasoft.com\/#organization"},"potentialAction":[{"@type":"SearchAction","target":{"@type":"EntryPoint","urlTemplate":"https:\/\/www.tacticasoft.com\/?s={search_term_string}"},"query-input":{"@type":"PropertyValueSpecification","valueRequired":true,"valueName":"search_term_string"}}],"inLanguage":"en-US"},{"@type":"Organization","@id":"https:\/\/www.tacticasoft.com\/#organization","name":"TACTICASOFT","url":"https:\/\/www.tacticasoft.com\/","logo":{"@type":"ImageObject","inLanguage":"en-US","@id":"https:\/\/www.tacticasoft.com\/#\/schema\/logo\/image\/","url":"https:\/\/www.tacticasoft.com\/wp-content\/uploads\/2023\/01\/cropped-logo.png","contentUrl":"https:\/\/www.tacticasoft.com\/wp-content\/uploads\/2023\/01\/cropped-logo.png","width":141,"height":135,"caption":"TACTICASOFT"},"image":{"@id":"https:\/\/www.tacticasoft.com\/#\/schema\/logo\/image\/"}}]}},"_links":{"self":[{"href":"https:\/\/www.tacticasoft.com\/en\/wp-json\/wp\/v2\/pages\/371614","targetHints":{"allow":["GET"]}}],"collection":[{"href":"https:\/\/www.tacticasoft.com\/en\/wp-json\/wp\/v2\/pages"}],"about":[{"href":"https:\/\/www.tacticasoft.com\/en\/wp-json\/wp\/v2\/types\/page"}],"author":[{"embeddable":true,"href":"https:\/\/www.tacticasoft.com\/en\/wp-json\/wp\/v2\/users\/4"}],"replies":[{"embeddable":true,"href":"https:\/\/www.tacticasoft.com\/en\/wp-json\/wp\/v2\/comments?post=371614"}],"version-history":[{"count":7,"href":"https:\/\/www.tacticasoft.com\/en\/wp-json\/wp\/v2\/pages\/371614\/revisions"}],"predecessor-version":[{"id":372874,"href":"https:\/\/www.tacticasoft.com\/en\/wp-json\/wp\/v2\/pages\/371614\/revisions\/372874"}],"up":[{"embeddable":true,"href":"https:\/\/www.tacticasoft.com\/en\/wp-json\/wp\/v2\/pages\/371378"}],"wp:attachment":[{"href":"https:\/\/www.tacticasoft.com\/en\/wp-json\/wp\/v2\/media?parent=371614"}],"curies":[{"name":"wp","href":"https:\/\/api.w.org\/{rel}","templated":true}]}}