{"id":371584,"date":"2023-12-15T01:30:08","date_gmt":"2023-12-15T04:30:08","guid":{"rendered":"https:\/\/www.tacticasoft.com\/?page_id=371584"},"modified":"2023-12-15T01:30:59","modified_gmt":"2023-12-15T04:30:59","slug":"comprar-crm","status":"publish","type":"page","link":"https:\/\/www.tacticasoft.com\/en\/erp-crm\/comprar-crm\/","title":{"rendered":"Comprar CRM"},"content":{"rendered":"<div data-elementor-type=\"wp-page\" data-elementor-id=\"371584\" class=\"elementor elementor-371584\" data-elementor-post-type=\"page\">\n\t\t\t\t\t\t<section class=\"elementor-section elementor-top-section elementor-element elementor-element-25c9009f elementor-section-stretched elementor-section-boxed elementor-section-height-default elementor-section-height-default\" data-id=\"25c9009f\" data-element_type=\"section\" data-settings=\"{&quot;stretch_section&quot;:&quot;section-stretched&quot;}\">\n\t\t\t\t\t\t<div class=\"elementor-container elementor-column-gap-default\">\n\t\t\t\t\t<div class=\"elementor-column elementor-col-100 elementor-top-column elementor-element elementor-element-4104d697\" data-id=\"4104d697\" data-element_type=\"column\">\n\t\t\t<div class=\"elementor-widget-wrap elementor-element-populated\">\n\t\t\t\t\t\t<div class=\"elementor-element elementor-element-d0f92c9 elementor-widget elementor-widget-heading\" data-id=\"d0f92c9\" data-element_type=\"widget\" data-widget_type=\"heading.default\">\n\t\t\t\t<div class=\"elementor-widget-container\">\n\t\t\t\t\t<h3 class=\"elementor-heading-title elementor-size-default\">Comprar CRM<\/h3>\t\t\t\t<\/div>\n\t\t\t\t<\/div>\n\t\t\t\t<div class=\"elementor-element elementor-element-50496953 elementor-widget-divider--view-line elementor-widget elementor-widget-divider\" data-id=\"50496953\" data-element_type=\"widget\" data-widget_type=\"divider.default\">\n\t\t\t\t<div class=\"elementor-widget-container\">\n\t\t\t\t\t\t\t<div class=\"elementor-divider\">\n\t\t\t<span class=\"elementor-divider-separator\">\n\t\t\t\t\t\t<\/span>\n\t\t<\/div>\n\t\t\t\t\t\t<\/div>\n\t\t\t\t<\/div>\n\t\t\t\t\t<\/div>\n\t\t<\/div>\n\t\t\t\t\t<\/div>\n\t\t<\/section>\n\t\t\t\t<section class=\"elementor-section elementor-top-section elementor-element elementor-element-792e9021 elementor-section-stretched plantilla_contenido elementor-section-boxed elementor-section-height-default elementor-section-height-default\" data-id=\"792e9021\" data-element_type=\"section\" data-settings=\"{&quot;stretch_section&quot;:&quot;section-stretched&quot;,&quot;background_background&quot;:&quot;classic&quot;}\">\n\t\t\t\t\t\t\t<div class=\"elementor-background-overlay\"><\/div>\n\t\t\t\t\t\t\t<div class=\"elementor-container elementor-column-gap-wider\">\n\t\t\t\t\t<div class=\"elementor-column elementor-col-100 elementor-top-column elementor-element elementor-element-1377a483\" data-id=\"1377a483\" data-element_type=\"column\">\n\t\t\t<div class=\"elementor-widget-wrap elementor-element-populated\">\n\t\t\t\t\t\t<div class=\"elementor-element elementor-element-4192f61b elementor-widget elementor-widget-text-editor\" data-id=\"4192f61b\" data-element_type=\"widget\" data-widget_type=\"text-editor.default\">\n\t\t\t\t<div class=\"elementor-widget-container\">\n\t\t\t\t\t\t\t\t\t<div id=\"the_content\"><h1>D\u00f3nde comprar un CRM<\/h1><p>Si su organizaci\u00f3n quiere ser proactiva con sus clientes actuales y potenciales, anticip\u00e1ndose a sus necesidades y ofreci\u00e9ndoles realmente lo que ellos necesitan, es hora de de comprar un software de CRM. Se trata, en pocas palabras, de un sistema especialmente dise\u00f1ado para analizar c\u00f3mo act\u00faan sus usuarios, al tiempo que permite que su empresa se vincule con ellos de una manera f\u00e1cil, automatizada y programada. Adem\u00e1s, entrega estad\u00edsticas y gr\u00e1ficos de todo tipo para ayudar a la administraci\u00f3n a tomar las decisiones m\u00e1s acertadas. Como trabaja en tiempo real, la informaci\u00f3n est\u00e1 disponible siempre, para que usted no pierda tiempo.<\/p><p>Lejos de ser una herramienta \u00fatil solo para el \u00e1rea de atenci\u00f3n al cliente, un sistema de este tipo impacta en los departamentos de producci\u00f3n, ventas, marketing y finanzas, entre otros. En definitiva, esta soluci\u00f3n marcar\u00e1 un antes y un despu\u00e9s en su compa\u00f1\u00eda.<\/p><h2>Quiero comprar CRM<\/h2><p>El primer paso para implementar una soluci\u00f3n de este tipo es reconocer la necesidad de saber en profundidad qu\u00e9 sucede puertas afuera de su empresa, qu\u00e9 piensan sus usuarios, qu\u00e9 productos gustan m\u00e1s, por qu\u00e9 hay tantos reclamos\u2026 En otras palabras, las firmas pueden acceder a informaci\u00f3n muy valiosa para el d\u00eda a d\u00eda de los negocios que es imposible obtener de otra manera.<\/p><p>Como en el mercado hay tantos proveedores que ofrecen sistemas tan dis\u00edmiles entre s\u00ed, comprar un programa de CRM es algo que no puede hacerse a la ligera. Por el contrario, requiere an\u00e1lisis, estudios, y conversaciones con proveedores y clientes que utilicen sistemas similares, para que les comenten sus experiencias y lo ayuden a realizar la adquisici\u00f3n m\u00e1s beneficiosa para su organizaci\u00f3n.<\/p><p>Teniendo en cuenta que un CRM es una inversi\u00f3n a largo plazo, y que impactar\u00e1 en toda su compa\u00f1\u00eda, lo ideal es tomar este tema con el cuidado que merece, y considerar algunas variables fundamentales, entre ellas, que los valores a abonar sean en pesos y no en d\u00f3lares; que la soluci\u00f3n est\u00e9 dise\u00f1ada totalmente en espa\u00f1ol y que ofrezca capacitaciones y servicios de ayuda en el mismo idioma; que el proveedor se encuentre cerca de usted y le garantice la flexibilidad necesaria para amoldar el sistema a sus necesidades, entre otros detalles.<\/p><p>EEn TACTICASOFT somos l\u00edderes en el desarrollo de CRM para peque\u00f1as y medianas empresas en Argentina, y cientos de compa\u00f1\u00edas en San Juan, Mendoza, Tierra del Fuego, Rosario Santa Fe, C\u00f3rdoba Capital, Buenos Aires, zona norte, zona sur y zona oeste son nuestros clientes desde hace varios a\u00f1os.\u00a0Contamos con un equipo de expertos de reconocida trayectoria que elabora el sistema en su totalidad, por eso podemos realizar todos los ajustes que una organizaci\u00f3n requiera para que el CRM funcione con el mejor rendimiento.<\/p><p>Al comprar software CRM, la firma no deber\u00eda dejarse llevar por las publicidades del proveedor. Por el contrario, sugerimos solicitar demostraciones gratuitas en donde podr\u00e1 observar exactamente c\u00f3mo funciona la plataforma. Otra clave consiste en dialogar con otros usuarios de esta marca para que le comenten sus experiencias, las debilidades y las fortalezas de cada sistema.<\/p><p>Recuerde que se trata de una inversi\u00f3n a largo plazo, y que sus empleados deben acostumbrarse a trabajar con ella. Si el producto es el ideal para su pyme, entonces tiene asegurado el retorno de la inversi\u00f3n (ROI) ya que los datos que le proporcionar\u00e1 el CRM le permitir\u00e1n vender m\u00e1s, sumar clientes y realizar mejores negocios.<\/p><p>A todas las empresas peque\u00f1as y medianas que quieren comprar un sistema CRM les aconsejamos a que se tomen el tiempo necesario para evaluar las mejores alternativas. Lejos de vender productos enlatados, en TACTICA CRM ofrecemos soluciones a medida. Por eso, cuando conversamos con una firma, lo primero que hacemos es escuchar y evaluar sus necesidades. Incluso podemos entregarle una demostraci\u00f3n para que sus gerentes observen c\u00f3mo funciona la herramienta y qu\u00e9 beneficios pueden obtener de ella.<\/p><p>Contamos con clientes en Rosario, Humahuaca, Tres Arroyos, Ciudad Aut\u00f3noma de Buenos Aires, Pilar, R\u00edo Grande y Paran\u00e1, entre otras, las cuales est\u00e1n a su disposici\u00f3n para comentarle c\u00f3mo trabajan d\u00eda a d\u00eda con nuestra soluci\u00f3n CRM que, adem\u00e1s, se integra muy f\u00e1cilmente con nuestro ERP (Enterprise Resource Management).<\/p><p>Si usted desea comprar software CRM, lo invitamos a que se comunique con nosotros por tel\u00e9fono o correo electr\u00f3nico y nos cuente su inquietud. Podemos ayudarlo ya que tenemos mucha experiencia atendiendo a pymes de diversos mercados verticales. Por eso, lejos de venderle un software, en TACTICA CRM nos convertimos en verdaderos socios de negocio de las organizaciones que conf\u00edan en nosotros.<\/p><p>Para m\u00e1s datos, visite nuestra p\u00e1gina en Internet, en donde se detalla nuestra historia y el portfolio de productos que ofrecemos.<\/p><\/div>\t\t\t\t\t\t\t\t<\/div>\n\t\t\t\t<\/div>\n\t\t\t\t\t<\/div>\n\t\t<\/div>\n\t\t\t\t\t<\/div>\n\t\t<\/section>\n\t\t\t\t<\/div>","protected":false},"excerpt":{"rendered":"<p>Comprar CRM D\u00f3nde comprar un CRM Si su organizaci\u00f3n quiere ser proactiva con sus clientes actuales y potenciales, anticip\u00e1ndose a sus necesidades y ofreci\u00e9ndoles realmente lo<span class=\"excerpt-hellip\"> [\u2026]<\/span><\/p>\n","protected":false},"author":4,"featured_media":0,"parent":371378,"menu_order":0,"comment_status":"closed","ping_status":"closed","template":"","meta":{"_acf_changed":false,"footnotes":""},"class_list":["post-371584","page","type-page","status-publish","hentry"],"acf":[],"yoast_head":"<!-- This site is optimized with the Yoast SEO plugin v27.2 - https:\/\/yoast.com\/product\/yoast-seo-wordpress\/ -->\n<title>Comprar CRM - TACTICASOFT<\/title>\n<meta name=\"robots\" content=\"index, follow, max-snippet:-1, max-image-preview:large, max-video-preview:-1\" \/>\n<link rel=\"canonical\" href=\"https:\/\/www.tacticasoft.com\/en\/erp-crm\/comprar-crm\/\" \/>\n<meta property=\"og:locale\" content=\"en_US\" \/>\n<meta property=\"og:type\" content=\"article\" \/>\n<meta property=\"og:title\" content=\"Comprar CRM - TACTICASOFT\" \/>\n<meta property=\"og:description\" content=\"Comprar CRM D\u00f3nde comprar un CRM Si su organizaci\u00f3n quiere ser proactiva con sus clientes actuales y potenciales, anticip\u00e1ndose a sus necesidades y ofreci\u00e9ndoles realmente lo [\u2026]\" \/>\n<meta property=\"og:url\" content=\"https:\/\/www.tacticasoft.com\/en\/erp-crm\/comprar-crm\/\" \/>\n<meta property=\"og:site_name\" content=\"TACTICASOFT\" \/>\n<meta property=\"article:modified_time\" content=\"2023-12-15T04:30:59+00:00\" \/>\n<meta name=\"twitter:card\" content=\"summary_large_image\" \/>\n<meta name=\"twitter:label1\" content=\"Est. reading time\" \/>\n\t<meta name=\"twitter:data1\" content=\"4 minutes\" \/>\n<script type=\"application\/ld+json\" class=\"yoast-schema-graph\">{\"@context\":\"https:\/\/schema.org\",\"@graph\":[{\"@type\":\"WebPage\",\"@id\":\"https:\/\/www.tacticasoft.com\/erp-crm\/comprar-crm\/\",\"url\":\"https:\/\/www.tacticasoft.com\/erp-crm\/comprar-crm\/\",\"name\":\"Comprar CRM - TACTICASOFT\",\"isPartOf\":{\"@id\":\"https:\/\/www.tacticasoft.com\/#website\"},\"datePublished\":\"2023-12-15T04:30:08+00:00\",\"dateModified\":\"2023-12-15T04:30:59+00:00\",\"breadcrumb\":{\"@id\":\"https:\/\/www.tacticasoft.com\/erp-crm\/comprar-crm\/#breadcrumb\"},\"inLanguage\":\"en-US\",\"potentialAction\":[{\"@type\":\"ReadAction\",\"target\":[\"https:\/\/www.tacticasoft.com\/erp-crm\/comprar-crm\/\"]}]},{\"@type\":\"BreadcrumbList\",\"@id\":\"https:\/\/www.tacticasoft.com\/erp-crm\/comprar-crm\/#breadcrumb\",\"itemListElement\":[{\"@type\":\"ListItem\",\"position\":1,\"name\":\"Inicio\",\"item\":\"https:\/\/www.tacticasoft.com\/\"},{\"@type\":\"ListItem\",\"position\":2,\"name\":\"ERP CRM\",\"item\":\"https:\/\/www.tacticasoft.com\/erp-crm\/\"},{\"@type\":\"ListItem\",\"position\":3,\"name\":\"Comprar CRM\"}]},{\"@type\":\"WebSite\",\"@id\":\"https:\/\/www.tacticasoft.com\/#website\",\"url\":\"https:\/\/www.tacticasoft.com\/\",\"name\":\"TACTICASOFT\",\"description\":\"Software de CRM y ERP\",\"publisher\":{\"@id\":\"https:\/\/www.tacticasoft.com\/#organization\"},\"potentialAction\":[{\"@type\":\"SearchAction\",\"target\":{\"@type\":\"EntryPoint\",\"urlTemplate\":\"https:\/\/www.tacticasoft.com\/?s={search_term_string}\"},\"query-input\":{\"@type\":\"PropertyValueSpecification\",\"valueRequired\":true,\"valueName\":\"search_term_string\"}}],\"inLanguage\":\"en-US\"},{\"@type\":\"Organization\",\"@id\":\"https:\/\/www.tacticasoft.com\/#organization\",\"name\":\"TACTICASOFT\",\"url\":\"https:\/\/www.tacticasoft.com\/\",\"logo\":{\"@type\":\"ImageObject\",\"inLanguage\":\"en-US\",\"@id\":\"https:\/\/www.tacticasoft.com\/#\/schema\/logo\/image\/\",\"url\":\"https:\/\/www.tacticasoft.com\/wp-content\/uploads\/2023\/01\/cropped-logo.png\",\"contentUrl\":\"https:\/\/www.tacticasoft.com\/wp-content\/uploads\/2023\/01\/cropped-logo.png\",\"width\":141,\"height\":135,\"caption\":\"TACTICASOFT\"},\"image\":{\"@id\":\"https:\/\/www.tacticasoft.com\/#\/schema\/logo\/image\/\"}}]}<\/script>\n<!-- \/ Yoast SEO plugin. -->","yoast_head_json":{"title":"Comprar CRM - TACTICASOFT","robots":{"index":"index","follow":"follow","max-snippet":"max-snippet:-1","max-image-preview":"max-image-preview:large","max-video-preview":"max-video-preview:-1"},"canonical":"https:\/\/www.tacticasoft.com\/en\/erp-crm\/comprar-crm\/","og_locale":"en_US","og_type":"article","og_title":"Comprar CRM - TACTICASOFT","og_description":"Comprar CRM D\u00f3nde comprar un CRM Si su organizaci\u00f3n quiere ser proactiva con sus clientes actuales y potenciales, anticip\u00e1ndose a sus necesidades y ofreci\u00e9ndoles realmente lo [\u2026]","og_url":"https:\/\/www.tacticasoft.com\/en\/erp-crm\/comprar-crm\/","og_site_name":"TACTICASOFT","article_modified_time":"2023-12-15T04:30:59+00:00","twitter_card":"summary_large_image","twitter_misc":{"Est. reading time":"4 minutes"},"schema":{"@context":"https:\/\/schema.org","@graph":[{"@type":"WebPage","@id":"https:\/\/www.tacticasoft.com\/erp-crm\/comprar-crm\/","url":"https:\/\/www.tacticasoft.com\/erp-crm\/comprar-crm\/","name":"Comprar CRM - TACTICASOFT","isPartOf":{"@id":"https:\/\/www.tacticasoft.com\/#website"},"datePublished":"2023-12-15T04:30:08+00:00","dateModified":"2023-12-15T04:30:59+00:00","breadcrumb":{"@id":"https:\/\/www.tacticasoft.com\/erp-crm\/comprar-crm\/#breadcrumb"},"inLanguage":"en-US","potentialAction":[{"@type":"ReadAction","target":["https:\/\/www.tacticasoft.com\/erp-crm\/comprar-crm\/"]}]},{"@type":"BreadcrumbList","@id":"https:\/\/www.tacticasoft.com\/erp-crm\/comprar-crm\/#breadcrumb","itemListElement":[{"@type":"ListItem","position":1,"name":"Inicio","item":"https:\/\/www.tacticasoft.com\/"},{"@type":"ListItem","position":2,"name":"ERP CRM","item":"https:\/\/www.tacticasoft.com\/erp-crm\/"},{"@type":"ListItem","position":3,"name":"Comprar CRM"}]},{"@type":"WebSite","@id":"https:\/\/www.tacticasoft.com\/#website","url":"https:\/\/www.tacticasoft.com\/","name":"TACTICASOFT","description":"Software de CRM y ERP","publisher":{"@id":"https:\/\/www.tacticasoft.com\/#organization"},"potentialAction":[{"@type":"SearchAction","target":{"@type":"EntryPoint","urlTemplate":"https:\/\/www.tacticasoft.com\/?s={search_term_string}"},"query-input":{"@type":"PropertyValueSpecification","valueRequired":true,"valueName":"search_term_string"}}],"inLanguage":"en-US"},{"@type":"Organization","@id":"https:\/\/www.tacticasoft.com\/#organization","name":"TACTICASOFT","url":"https:\/\/www.tacticasoft.com\/","logo":{"@type":"ImageObject","inLanguage":"en-US","@id":"https:\/\/www.tacticasoft.com\/#\/schema\/logo\/image\/","url":"https:\/\/www.tacticasoft.com\/wp-content\/uploads\/2023\/01\/cropped-logo.png","contentUrl":"https:\/\/www.tacticasoft.com\/wp-content\/uploads\/2023\/01\/cropped-logo.png","width":141,"height":135,"caption":"TACTICASOFT"},"image":{"@id":"https:\/\/www.tacticasoft.com\/#\/schema\/logo\/image\/"}}]}},"_links":{"self":[{"href":"https:\/\/www.tacticasoft.com\/en\/wp-json\/wp\/v2\/pages\/371584","targetHints":{"allow":["GET"]}}],"collection":[{"href":"https:\/\/www.tacticasoft.com\/en\/wp-json\/wp\/v2\/pages"}],"about":[{"href":"https:\/\/www.tacticasoft.com\/en\/wp-json\/wp\/v2\/types\/page"}],"author":[{"embeddable":true,"href":"https:\/\/www.tacticasoft.com\/en\/wp-json\/wp\/v2\/users\/4"}],"replies":[{"embeddable":true,"href":"https:\/\/www.tacticasoft.com\/en\/wp-json\/wp\/v2\/comments?post=371584"}],"version-history":[{"count":4,"href":"https:\/\/www.tacticasoft.com\/en\/wp-json\/wp\/v2\/pages\/371584\/revisions"}],"predecessor-version":[{"id":371589,"href":"https:\/\/www.tacticasoft.com\/en\/wp-json\/wp\/v2\/pages\/371584\/revisions\/371589"}],"up":[{"embeddable":true,"href":"https:\/\/www.tacticasoft.com\/en\/wp-json\/wp\/v2\/pages\/371378"}],"wp:attachment":[{"href":"https:\/\/www.tacticasoft.com\/en\/wp-json\/wp\/v2\/media?parent=371584"}],"curies":[{"name":"wp","href":"https:\/\/api.w.org\/{rel}","templated":true}]}}