{"id":371572,"date":"2023-12-15T01:27:27","date_gmt":"2023-12-15T04:27:27","guid":{"rendered":"https:\/\/www.tacticasoft.com\/?page_id=371572"},"modified":"2024-07-29T20:14:16","modified_gmt":"2024-07-29T23:14:16","slug":"crm-proveedores","status":"publish","type":"page","link":"https:\/\/www.tacticasoft.com\/en\/erp-crm\/crm-proveedores\/","title":{"rendered":"CRM Proveedores"},"content":{"rendered":"\t\t<div data-elementor-type=\"wp-page\" data-elementor-id=\"371572\" class=\"elementor elementor-371572\" data-elementor-post-type=\"page\">\n\t\t\t\t\t\t<section class=\"elementor-section elementor-top-section elementor-element elementor-element-c23cc6f elementor-section-stretched elementor-section-boxed elementor-section-height-default elementor-section-height-default\" data-id=\"c23cc6f\" data-element_type=\"section\" data-settings=\"{&quot;stretch_section&quot;:&quot;section-stretched&quot;}\">\n\t\t\t\t\t\t<div class=\"elementor-container elementor-column-gap-default\">\n\t\t\t\t\t<div class=\"elementor-column elementor-col-100 elementor-top-column elementor-element elementor-element-6d493452\" data-id=\"6d493452\" data-element_type=\"column\">\n\t\t\t<div class=\"elementor-widget-wrap elementor-element-populated\">\n\t\t\t\t\t\t<div class=\"elementor-element elementor-element-7729244d elementor-widget elementor-widget-heading\" data-id=\"7729244d\" data-element_type=\"widget\" data-widget_type=\"heading.default\">\n\t\t\t\t<div class=\"elementor-widget-container\">\n\t\t\t\t\t<h3 class=\"elementor-heading-title elementor-size-default\">CRM Proveedores<\/h3>\t\t\t\t<\/div>\n\t\t\t\t<\/div>\n\t\t\t\t<div class=\"elementor-element elementor-element-36fdd166 elementor-widget-divider--view-line elementor-widget elementor-widget-divider\" data-id=\"36fdd166\" data-element_type=\"widget\" data-widget_type=\"divider.default\">\n\t\t\t\t<div class=\"elementor-widget-container\">\n\t\t\t\t\t\t\t<div class=\"elementor-divider\">\n\t\t\t<span class=\"elementor-divider-separator\">\n\t\t\t\t\t\t<\/span>\n\t\t<\/div>\n\t\t\t\t\t\t<\/div>\n\t\t\t\t<\/div>\n\t\t\t\t\t<\/div>\n\t\t<\/div>\n\t\t\t\t\t<\/div>\n\t\t<\/section>\n\t\t\t\t<section class=\"elementor-section elementor-top-section elementor-element elementor-element-6bbec20c elementor-section-stretched plantilla_contenido elementor-section-boxed elementor-section-height-default elementor-section-height-default\" data-id=\"6bbec20c\" data-element_type=\"section\" data-settings=\"{&quot;stretch_section&quot;:&quot;section-stretched&quot;,&quot;background_background&quot;:&quot;classic&quot;}\">\n\t\t\t\t\t\t\t<div class=\"elementor-background-overlay\"><\/div>\n\t\t\t\t\t\t\t<div class=\"elementor-container elementor-column-gap-wider\">\n\t\t\t\t\t<div class=\"elementor-column elementor-col-100 elementor-top-column elementor-element elementor-element-6c4ecea2\" data-id=\"6c4ecea2\" data-element_type=\"column\">\n\t\t\t<div class=\"elementor-widget-wrap elementor-element-populated\">\n\t\t\t\t\t\t<div class=\"elementor-element elementor-element-5cb4b5b7 elementor-widget elementor-widget-text-editor\" data-id=\"5cb4b5b7\" data-element_type=\"widget\" data-widget_type=\"text-editor.default\">\n\t\t\t\t<div class=\"elementor-widget-container\">\n\t\t\t\t\t\t\t\t\t<div id=\"the_content\"><h1>Proveedores de CRM<\/h1><p>Los sistemas CRM est\u00e1n a la orden del d\u00eda en todas las empresas, ya sean peque\u00f1as o medianas, de productos o de servicios. Dada la importancia de implementar este tipo de plataformas, surgieron en el mercado much\u00edsimos proveedores de software CRM los cuales prometen much\u00edsimas ventajas y ning\u00fan riesgo.<\/p><p>Aunque es cierto que esta plataforma ofrece innumerables beneficios para las firmas que la implementan, lo cierto es que hay que evaluar de manera muy detallada para seleccionar entre los mejores proveedores de CRM.<\/p><h2>\u00bfQu\u00e9 pasa con los proveedores de soluciones CRM?<\/h2><p>El mercado es chico, y las experiencias son conocidas por todos. Por eso r\u00e1pidamente se conocen las historias que dan cuenta de las malas experiencias de las organizaciones que han contratado a proveedores CRM que les han fallado.<\/p><p>Los ejemplos son muchos: En la crisis del 2001, muchas firmas que ten\u00edan contrato con l\u00edderes multinacionales sufrieron un gran problema ya que con el fin de la convertibilidad los honorarios, que estaban el d\u00f3lares, subieron hasta alcanzar cifras dif\u00edciles de justificar.<\/p><p>Tambi\u00e9n es sabido que los principales proveedores de CRM de Alemania, Brasil y los Estados Unidos prometen entregar soluciones en espa\u00f1ol, las cuales est\u00e1n en muchos casos traducidas de manera pobre. Por ende, se torna dif\u00edcil utilizar la herramienta. Encima, ante cualquier inquietud, los centros de atenci\u00f3n al cliente no cuentan con personal que hable el espa\u00f1ol, lo que cual implica demoras y dificultados para la obtenci\u00f3n de soluciones. Otro caso es de las empresas que salen a vender herramientas similares a un Excel, y en realidad se presentan como proveedores de ERP y CRM, aunque no lo son\u2026<\/p><p>Por eso, a la hora de elegir proveedores de CRM, las organizaciones deber\u00edan tener en cuenta los siguientes aspectos:<\/p><p>\u2022 Que la firma cuentan con varios a\u00f1os de trayectoria en el mercado.<br \/>\u2022 Que le ofrezca la posibilidad de conversar con clientes que utilizan sus soluciones, para que les cuenten su experiencia.<br \/>\u2022 Que ofrezca tarifas en pesos argentinos.<br \/>\u2022 Que sus profesionales sean argentinos, y dominen el idioma el espa\u00f1ol.<br \/>\u2022 Que haya realizado implementaciones en firmas de distintos mercados verticales<br \/>\u2022 Que cuente con help desk atendido por personas capacitadas, que tambi\u00e9n hablen el espa\u00f1ol.<\/p><h2>Proveedores de ERP y CRM en Argentina, Buenos Aires<\/h2><p>Los puntos arriba mencionados son fundamentales para hacer una primera selecci\u00f3n de los proveedores de CRM con los cuales le convendr\u00eda trabajar. Sin embargo, hay much\u00edsimas otras cuestiones a considerar:<\/p><p>\u2022 Que sean verdaderas pymes<br \/>\u2022 Que tengan experiencia trabajando con firmas del mismo tama\u00f1o<br \/>\u2022 Que se encuentren radicados en la Argentina para estar al tanto de la realidad nacional<br \/>\u2022 Que ofrezca capacitaci\u00f3n constante para aumentar la eficiencia de la plataforma.<\/p><p>Todas estas recomendaciones, lejos de asustar a las empresas que buscan implementar en CRM, son lineamientos para que la elecci\u00f3n sea exitosa. Recuerde que se trata de una inversi\u00f3n importante, que es a largo plazo y que tendr\u00e1 impacto en cada rinc\u00f3n de su negocio. H\u00e1gase la idea de que usted y sus colegas la utilizar\u00e1n a diario para tomar las decisiones m\u00e1s importantes de la compa\u00f1\u00eda.<\/p><p>Por todos estos motivos, no se deje enga\u00f1ar ni convencer por publicidades. Converse con los profesionales que trabajan en los proveedores de CRM, ya que deber\u00e1 comunicarse con ellos en el futuro. Si quiere saber m\u00e1s acerca de c\u00f3mo elegir la mejor herramienta de gesti\u00f3n empresarial, y como dilucidad entre tantos proveedores de ERP y CRM, solo tiene que ponerse en contacto con nosotros.<\/p><p>TACTICA es una firma nacional, con clientes en Mendoza, Chubut, C\u00f3rdoba Capital, Entre R\u00edos, La Pampa, Rosario Santa Fe, San Luis, Buenos Aires, zona norte, zona oeste y zona sur, enfocada en ofrecer soluciones 100% en espa\u00f1ol a peque\u00f1as y medianas empresas del mercado hispano.<\/p><p>Contamos con muchos a\u00f1os de trayectoria, expertos que est\u00e1n al tanto de las \u00faltimas innovaciones del mercado, y una completa gama de soluciones, que se amoldan a las caracter\u00edsticas de nuestros clientes.<\/p><p>Invitamos a todos los interesados a informarse m\u00e1s sobre nuestros productos. A tal fin, pueden visitar nuestro sitio en Internet, solicitar un demo para conocer c\u00f3mo funciona la herramienta, obtener material gr\u00e1fico sobre las caracter\u00edsticas de nuestro CRM e, incluso, muchos de nuestros clientes est\u00e1n dispuestos a comentarles su experiencia trabajando con nuestros desarrollos. Cons\u00faltenos y comience a operar con uno de los principales proveedores de CRM en Argentina.<\/p><\/div>\t\t\t\t\t\t\t\t<\/div>\n\t\t\t\t<\/div>\n\t\t\t\t\t<\/div>\n\t\t<\/div>\n\t\t\t\t\t<\/div>\n\t\t<\/section>\n\t\t\t\t<section class=\"elementor-section elementor-top-section elementor-element elementor-element-eb2a938 elementor-section-boxed elementor-section-height-default elementor-section-height-default\" data-id=\"eb2a938\" data-element_type=\"section\">\n\t\t\t\t\t\t<div class=\"elementor-container elementor-column-gap-default\">\n\t\t\t\t\t<div class=\"elementor-column elementor-col-100 elementor-top-column elementor-element elementor-element-2f3c1b9\" data-id=\"2f3c1b9\" data-element_type=\"column\">\n\t\t\t<div class=\"elementor-widget-wrap elementor-element-populated\">\n\t\t\t\t\t\t<div class=\"elementor-element elementor-element-800b943 elementor-widget__width-initial elementor-fixed elementor-hidden-tablet elementor-hidden-mobile elementor-button-align-stretch elementor-invisible elementor-widget elementor-widget-global elementor-global-372660 elementor-widget-form\" data-id=\"800b943\" data-element_type=\"widget\" data-settings=\"{&quot;step_next_label&quot;:&quot;Siguiente&quot;,&quot;step_previous_label&quot;:&quot;Anterior&quot;,&quot;_position&quot;:&quot;fixed&quot;,&quot;sticky&quot;:&quot;top&quot;,&quot;_animation&quot;:&quot;fadeInUp&quot;,&quot;_animation_delay&quot;:5000,&quot;button_width&quot;:&quot;100&quot;,&quot;step_type&quot;:&quot;number_text&quot;,&quot;step_icon_shape&quot;:&quot;circle&quot;,&quot;sticky_on&quot;:[&quot;desktop&quot;,&quot;tablet&quot;,&quot;mobile&quot;],&quot;sticky_offset&quot;:0,&quot;sticky_effects_offset&quot;:0}\" data-widget_type=\"form.default\">\n\t\t\t\t<div class=\"elementor-widget-container\">\n\t\t\t\t\t\t\t<form class=\"elementor-form\" method=\"post\" name=\"Mini formulario\">\n\t\t\t<input type=\"hidden\" name=\"post_id\" value=\"371572\"\/>\n\t\t\t<input type=\"hidden\" name=\"form_id\" value=\"800b943\"\/>\n\t\t\t<input type=\"hidden\" name=\"referer_title\" value=\"TACTICASOFT\" \/>\n\n\t\t\t\n\t\t\t<div class=\"elementor-form-fields-wrapper elementor-labels-\">\n\t\t\t\t\t\t\t\t<div class=\"elementor-field-type-text elementor-field-group elementor-column elementor-field-group-name elementor-col-50 elementor-field-required\">\n\t\t\t\t\t\t\t\t\t\t\t\t<label for=\"form-field-name\" class=\"elementor-field-label elementor-screen-only\">\n\t\t\t\t\t\t\t\tNombre\t\t\t\t\t\t\t<\/label>\n\t\t\t\t\t\t\t\t\t\t\t\t\t\t<input size=\"1\" type=\"text\" name=\"form_fields[name]\" id=\"form-field-name\" class=\"elementor-field elementor-size-xs  elementor-field-textual\" placeholder=\"Nombre\" required=\"required\" aria-required=\"true\">\n\t\t\t\t\t\t\t\t\t\t\t<\/div>\n\t\t\t\t\t\t\t\t<div class=\"elementor-field-type-text elementor-field-group elementor-column elementor-field-group-field_f549ebb elementor-col-50 elementor-field-required\">\n\t\t\t\t\t\t\t\t\t\t\t\t<label for=\"form-field-field_f549ebb\" class=\"elementor-field-label elementor-screen-only\">\n\t\t\t\t\t\t\t\tApellido\t\t\t\t\t\t\t<\/label>\n\t\t\t\t\t\t\t\t\t\t\t\t\t\t<input size=\"1\" type=\"text\" name=\"form_fields[field_f549ebb]\" id=\"form-field-field_f549ebb\" class=\"elementor-field elementor-size-xs  elementor-field-textual\" placeholder=\"Apellido\" required=\"required\" aria-required=\"true\">\n\t\t\t\t\t\t\t\t\t\t\t<\/div>\n\t\t\t\t\t\t\t\t<div class=\"elementor-field-type-email elementor-field-group elementor-column elementor-field-group-email elementor-col-50 elementor-field-required\">\n\t\t\t\t\t\t\t\t\t\t\t\t<label for=\"form-field-email\" class=\"elementor-field-label elementor-screen-only\">\n\t\t\t\t\t\t\t\tCorreo electr\u00f3nico\t\t\t\t\t\t\t<\/label>\n\t\t\t\t\t\t\t\t\t\t\t\t\t\t<input size=\"1\" type=\"email\" name=\"form_fields[email]\" id=\"form-field-email\" class=\"elementor-field elementor-size-xs  elementor-field-textual\" placeholder=\"Correo electr\u00f3nico\" required=\"required\" aria-required=\"true\">\n\t\t\t\t\t\t\t\t\t\t\t<\/div>\n\t\t\t\t\t\t\t\t<div class=\"elementor-field-type-text elementor-field-group elementor-column elementor-field-group-field_132689b elementor-col-50 elementor-field-required\">\n\t\t\t\t\t\t\t\t\t\t\t\t<label for=\"form-field-field_132689b\" class=\"elementor-field-label elementor-screen-only\">\n\t\t\t\t\t\t\t\tWhatsApp\t\t\t\t\t\t\t<\/label>\n\t\t\t\t\t\t\t\t\t\t\t\t\t\t<input size=\"1\" type=\"text\" name=\"form_fields[field_132689b]\" id=\"form-field-field_132689b\" class=\"elementor-field elementor-size-xs  elementor-field-textual\" placeholder=\"WhatsApp\" required=\"required\" aria-required=\"true\">\n\t\t\t\t\t\t\t\t\t\t\t<\/div>\n\t\t\t\t\t\t\t\t<div class=\"elementor-field-type-text elementor-field-group elementor-column elementor-field-group-field_8855b17 elementor-col-50 elementor-field-required\">\n\t\t\t\t\t\t\t\t\t\t\t\t<label for=\"form-field-field_8855b17\" class=\"elementor-field-label elementor-screen-only\">\n\t\t\t\t\t\t\t\tEmpresa\t\t\t\t\t\t\t<\/label>\n\t\t\t\t\t\t\t\t\t\t\t\t\t\t<input size=\"1\" type=\"text\" name=\"form_fields[field_8855b17]\" id=\"form-field-field_8855b17\" class=\"elementor-field elementor-size-xs  elementor-field-textual\" placeholder=\"Empresa\" required=\"required\" aria-required=\"true\">\n\t\t\t\t\t\t\t\t\t\t\t<\/div>\n\t\t\t\t\t\t\t\t<div class=\"elementor-field-type-text elementor-field-group elementor-column elementor-field-group-field_512ffa2 elementor-col-50 elementor-field-required\">\n\t\t\t\t\t\t\t\t\t\t\t\t<label for=\"form-field-field_512ffa2\" class=\"elementor-field-label elementor-screen-only\">\n\t\t\t\t\t\t\t\tCargo\t\t\t\t\t\t\t<\/label>\n\t\t\t\t\t\t\t\t\t\t\t\t\t\t<input size=\"1\" type=\"text\" name=\"form_fields[field_512ffa2]\" id=\"form-field-field_512ffa2\" class=\"elementor-field elementor-size-xs  elementor-field-textual\" placeholder=\"Cargo\" required=\"required\" aria-required=\"true\">\n\t\t\t\t\t\t\t\t\t\t\t<\/div>\n\t\t\t\t\t\t\t\t<div class=\"elementor-field-group elementor-column elementor-field-type-submit elementor-col-100 e-form__buttons\">\n\t\t\t\t\t<button class=\"elementor-button elementor-size-xs\" type=\"submit\">\n\t\t\t\t\t\t<span class=\"elementor-button-content-wrapper\">\n\t\t\t\t\t\t\t\t\t\t\t\t\t\t\t<span class=\"elementor-button-icon\">\n\t\t\t\t\t\t\t\t\t<i aria-hidden=\"true\" class=\"fas fa-envelope\"><\/i>\t\t\t\t\t\t\t\t\t\t\t\t\t\t\t\t\t<\/span>\n\t\t\t\t\t\t\t\t\t\t\t\t\t\t\t\t\t\t\t\t\t\t<span class=\"elementor-button-text\">Enviar<\/span>\n\t\t\t\t\t\t\t\t\t\t\t\t\t<\/span>\n\t\t\t\t\t<\/button>\n\t\t\t\t<\/div>\n\t\t\t<\/div>\n\t\t<\/form>\n\t\t\t\t\t\t<\/div>\n\t\t\t\t<\/div>\n\t\t\t\t\t<\/div>\n\t\t<\/div>\n\t\t\t\t\t<\/div>\n\t\t<\/section>\n\t\t\t\t<\/div>\n\t\t","protected":false},"excerpt":{"rendered":"<p>CRM Proveedores Proveedores de CRM Los sistemas CRM est\u00e1n a la orden del d\u00eda en todas las empresas, ya sean peque\u00f1as o medianas, de productos o<span class=\"excerpt-hellip\"> [\u2026]<\/span><\/p>\n","protected":false},"author":4,"featured_media":0,"parent":371378,"menu_order":0,"comment_status":"closed","ping_status":"closed","template":"","meta":{"_acf_changed":false,"footnotes":""},"class_list":["post-371572","page","type-page","status-publish","hentry"],"acf":[],"yoast_head":"<!-- This site is optimized with the Yoast SEO plugin v27.2 - https:\/\/yoast.com\/product\/yoast-seo-wordpress\/ -->\n<title>CRM Proveedores - TACTICASOFT<\/title>\n<meta name=\"robots\" content=\"index, follow, max-snippet:-1, max-image-preview:large, max-video-preview:-1\" \/>\n<link rel=\"canonical\" href=\"https:\/\/www.tacticasoft.com\/en\/erp-crm\/crm-proveedores\/\" \/>\n<meta property=\"og:locale\" content=\"en_US\" \/>\n<meta property=\"og:type\" content=\"article\" \/>\n<meta property=\"og:title\" content=\"CRM Proveedores - TACTICASOFT\" \/>\n<meta property=\"og:description\" content=\"CRM Proveedores Proveedores de CRM Los sistemas CRM est\u00e1n a la orden del d\u00eda en todas las empresas, ya sean peque\u00f1as o medianas, de productos o [\u2026]\" \/>\n<meta property=\"og:url\" content=\"https:\/\/www.tacticasoft.com\/en\/erp-crm\/crm-proveedores\/\" \/>\n<meta property=\"og:site_name\" content=\"TACTICASOFT\" \/>\n<meta property=\"article:modified_time\" content=\"2024-07-29T23:14:16+00:00\" \/>\n<meta name=\"twitter:card\" content=\"summary_large_image\" \/>\n<meta name=\"twitter:label1\" content=\"Est. reading time\" \/>\n\t<meta name=\"twitter:data1\" content=\"4 minutes\" \/>\n<script type=\"application\/ld+json\" class=\"yoast-schema-graph\">{\"@context\":\"https:\/\/schema.org\",\"@graph\":[{\"@type\":\"WebPage\",\"@id\":\"https:\/\/www.tacticasoft.com\/erp-crm\/crm-proveedores\/\",\"url\":\"https:\/\/www.tacticasoft.com\/erp-crm\/crm-proveedores\/\",\"name\":\"CRM Proveedores - TACTICASOFT\",\"isPartOf\":{\"@id\":\"https:\/\/www.tacticasoft.com\/#website\"},\"datePublished\":\"2023-12-15T04:27:27+00:00\",\"dateModified\":\"2024-07-29T23:14:16+00:00\",\"breadcrumb\":{\"@id\":\"https:\/\/www.tacticasoft.com\/erp-crm\/crm-proveedores\/#breadcrumb\"},\"inLanguage\":\"en-US\",\"potentialAction\":[{\"@type\":\"ReadAction\",\"target\":[\"https:\/\/www.tacticasoft.com\/erp-crm\/crm-proveedores\/\"]}]},{\"@type\":\"BreadcrumbList\",\"@id\":\"https:\/\/www.tacticasoft.com\/erp-crm\/crm-proveedores\/#breadcrumb\",\"itemListElement\":[{\"@type\":\"ListItem\",\"position\":1,\"name\":\"Inicio\",\"item\":\"https:\/\/www.tacticasoft.com\/\"},{\"@type\":\"ListItem\",\"position\":2,\"name\":\"ERP CRM\",\"item\":\"https:\/\/www.tacticasoft.com\/erp-crm\/\"},{\"@type\":\"ListItem\",\"position\":3,\"name\":\"CRM Proveedores\"}]},{\"@type\":\"WebSite\",\"@id\":\"https:\/\/www.tacticasoft.com\/#website\",\"url\":\"https:\/\/www.tacticasoft.com\/\",\"name\":\"TACTICASOFT\",\"description\":\"Software de CRM y ERP\",\"publisher\":{\"@id\":\"https:\/\/www.tacticasoft.com\/#organization\"},\"potentialAction\":[{\"@type\":\"SearchAction\",\"target\":{\"@type\":\"EntryPoint\",\"urlTemplate\":\"https:\/\/www.tacticasoft.com\/?s={search_term_string}\"},\"query-input\":{\"@type\":\"PropertyValueSpecification\",\"valueRequired\":true,\"valueName\":\"search_term_string\"}}],\"inLanguage\":\"en-US\"},{\"@type\":\"Organization\",\"@id\":\"https:\/\/www.tacticasoft.com\/#organization\",\"name\":\"TACTICASOFT\",\"url\":\"https:\/\/www.tacticasoft.com\/\",\"logo\":{\"@type\":\"ImageObject\",\"inLanguage\":\"en-US\",\"@id\":\"https:\/\/www.tacticasoft.com\/#\/schema\/logo\/image\/\",\"url\":\"https:\/\/www.tacticasoft.com\/wp-content\/uploads\/2023\/01\/cropped-logo.png\",\"contentUrl\":\"https:\/\/www.tacticasoft.com\/wp-content\/uploads\/2023\/01\/cropped-logo.png\",\"width\":141,\"height\":135,\"caption\":\"TACTICASOFT\"},\"image\":{\"@id\":\"https:\/\/www.tacticasoft.com\/#\/schema\/logo\/image\/\"}}]}<\/script>\n<!-- \/ Yoast SEO plugin. -->","yoast_head_json":{"title":"CRM Proveedores - TACTICASOFT","robots":{"index":"index","follow":"follow","max-snippet":"max-snippet:-1","max-image-preview":"max-image-preview:large","max-video-preview":"max-video-preview:-1"},"canonical":"https:\/\/www.tacticasoft.com\/en\/erp-crm\/crm-proveedores\/","og_locale":"en_US","og_type":"article","og_title":"CRM Proveedores - TACTICASOFT","og_description":"CRM Proveedores Proveedores de CRM Los sistemas CRM est\u00e1n a la orden del d\u00eda en todas las empresas, ya sean peque\u00f1as o medianas, de productos o [\u2026]","og_url":"https:\/\/www.tacticasoft.com\/en\/erp-crm\/crm-proveedores\/","og_site_name":"TACTICASOFT","article_modified_time":"2024-07-29T23:14:16+00:00","twitter_card":"summary_large_image","twitter_misc":{"Est. reading time":"4 minutes"},"schema":{"@context":"https:\/\/schema.org","@graph":[{"@type":"WebPage","@id":"https:\/\/www.tacticasoft.com\/erp-crm\/crm-proveedores\/","url":"https:\/\/www.tacticasoft.com\/erp-crm\/crm-proveedores\/","name":"CRM Proveedores - TACTICASOFT","isPartOf":{"@id":"https:\/\/www.tacticasoft.com\/#website"},"datePublished":"2023-12-15T04:27:27+00:00","dateModified":"2024-07-29T23:14:16+00:00","breadcrumb":{"@id":"https:\/\/www.tacticasoft.com\/erp-crm\/crm-proveedores\/#breadcrumb"},"inLanguage":"en-US","potentialAction":[{"@type":"ReadAction","target":["https:\/\/www.tacticasoft.com\/erp-crm\/crm-proveedores\/"]}]},{"@type":"BreadcrumbList","@id":"https:\/\/www.tacticasoft.com\/erp-crm\/crm-proveedores\/#breadcrumb","itemListElement":[{"@type":"ListItem","position":1,"name":"Inicio","item":"https:\/\/www.tacticasoft.com\/"},{"@type":"ListItem","position":2,"name":"ERP CRM","item":"https:\/\/www.tacticasoft.com\/erp-crm\/"},{"@type":"ListItem","position":3,"name":"CRM Proveedores"}]},{"@type":"WebSite","@id":"https:\/\/www.tacticasoft.com\/#website","url":"https:\/\/www.tacticasoft.com\/","name":"TACTICASOFT","description":"Software de CRM y ERP","publisher":{"@id":"https:\/\/www.tacticasoft.com\/#organization"},"potentialAction":[{"@type":"SearchAction","target":{"@type":"EntryPoint","urlTemplate":"https:\/\/www.tacticasoft.com\/?s={search_term_string}"},"query-input":{"@type":"PropertyValueSpecification","valueRequired":true,"valueName":"search_term_string"}}],"inLanguage":"en-US"},{"@type":"Organization","@id":"https:\/\/www.tacticasoft.com\/#organization","name":"TACTICASOFT","url":"https:\/\/www.tacticasoft.com\/","logo":{"@type":"ImageObject","inLanguage":"en-US","@id":"https:\/\/www.tacticasoft.com\/#\/schema\/logo\/image\/","url":"https:\/\/www.tacticasoft.com\/wp-content\/uploads\/2023\/01\/cropped-logo.png","contentUrl":"https:\/\/www.tacticasoft.com\/wp-content\/uploads\/2023\/01\/cropped-logo.png","width":141,"height":135,"caption":"TACTICASOFT"},"image":{"@id":"https:\/\/www.tacticasoft.com\/#\/schema\/logo\/image\/"}}]}},"_links":{"self":[{"href":"https:\/\/www.tacticasoft.com\/en\/wp-json\/wp\/v2\/pages\/371572","targetHints":{"allow":["GET"]}}],"collection":[{"href":"https:\/\/www.tacticasoft.com\/en\/wp-json\/wp\/v2\/pages"}],"about":[{"href":"https:\/\/www.tacticasoft.com\/en\/wp-json\/wp\/v2\/types\/page"}],"author":[{"embeddable":true,"href":"https:\/\/www.tacticasoft.com\/en\/wp-json\/wp\/v2\/users\/4"}],"replies":[{"embeddable":true,"href":"https:\/\/www.tacticasoft.com\/en\/wp-json\/wp\/v2\/comments?post=371572"}],"version-history":[{"count":7,"href":"https:\/\/www.tacticasoft.com\/en\/wp-json\/wp\/v2\/pages\/371572\/revisions"}],"predecessor-version":[{"id":372886,"href":"https:\/\/www.tacticasoft.com\/en\/wp-json\/wp\/v2\/pages\/371572\/revisions\/372886"}],"up":[{"embeddable":true,"href":"https:\/\/www.tacticasoft.com\/en\/wp-json\/wp\/v2\/pages\/371378"}],"wp:attachment":[{"href":"https:\/\/www.tacticasoft.com\/en\/wp-json\/wp\/v2\/media?parent=371572"}],"curies":[{"name":"wp","href":"https:\/\/api.w.org\/{rel}","templated":true}]}}