{"id":371566,"date":"2023-12-15T01:25:40","date_gmt":"2023-12-15T04:25:40","guid":{"rendered":"https:\/\/www.tacticasoft.com\/?page_id=371566"},"modified":"2024-07-29T20:17:41","modified_gmt":"2024-07-29T23:17:41","slug":"soluciones-de-crm","status":"publish","type":"page","link":"https:\/\/www.tacticasoft.com\/en\/erp-crm\/soluciones-de-crm\/","title":{"rendered":"Soluciones de CRM"},"content":{"rendered":"\t\t<div data-elementor-type=\"wp-page\" data-elementor-id=\"371566\" class=\"elementor elementor-371566\" data-elementor-post-type=\"page\">\n\t\t\t\t\t\t<section class=\"elementor-section elementor-top-section elementor-element elementor-element-698c404b elementor-section-stretched elementor-section-boxed elementor-section-height-default elementor-section-height-default\" data-id=\"698c404b\" data-element_type=\"section\" data-settings=\"{&quot;stretch_section&quot;:&quot;section-stretched&quot;}\">\n\t\t\t\t\t\t<div class=\"elementor-container elementor-column-gap-default\">\n\t\t\t\t\t<div class=\"elementor-column elementor-col-100 elementor-top-column elementor-element elementor-element-3eac3101\" data-id=\"3eac3101\" data-element_type=\"column\">\n\t\t\t<div class=\"elementor-widget-wrap elementor-element-populated\">\n\t\t\t\t\t\t<div class=\"elementor-element elementor-element-299cd1bc elementor-widget elementor-widget-heading\" data-id=\"299cd1bc\" data-element_type=\"widget\" data-widget_type=\"heading.default\">\n\t\t\t\t<div class=\"elementor-widget-container\">\n\t\t\t\t\t<h3 class=\"elementor-heading-title elementor-size-default\">Soluciones de CRM<\/h3>\t\t\t\t<\/div>\n\t\t\t\t<\/div>\n\t\t\t\t<div class=\"elementor-element elementor-element-303f1622 elementor-widget-divider--view-line elementor-widget elementor-widget-divider\" data-id=\"303f1622\" data-element_type=\"widget\" data-widget_type=\"divider.default\">\n\t\t\t\t<div class=\"elementor-widget-container\">\n\t\t\t\t\t\t\t<div class=\"elementor-divider\">\n\t\t\t<span class=\"elementor-divider-separator\">\n\t\t\t\t\t\t<\/span>\n\t\t<\/div>\n\t\t\t\t\t\t<\/div>\n\t\t\t\t<\/div>\n\t\t\t\t\t<\/div>\n\t\t<\/div>\n\t\t\t\t\t<\/div>\n\t\t<\/section>\n\t\t\t\t<section class=\"elementor-section elementor-top-section elementor-element elementor-element-545bfe7 elementor-section-stretched plantilla_contenido elementor-section-boxed elementor-section-height-default elementor-section-height-default\" data-id=\"545bfe7\" data-element_type=\"section\" data-settings=\"{&quot;stretch_section&quot;:&quot;section-stretched&quot;,&quot;background_background&quot;:&quot;classic&quot;}\">\n\t\t\t\t\t\t\t<div class=\"elementor-background-overlay\"><\/div>\n\t\t\t\t\t\t\t<div class=\"elementor-container elementor-column-gap-wider\">\n\t\t\t\t\t<div class=\"elementor-column elementor-col-100 elementor-top-column elementor-element elementor-element-c71541\" data-id=\"c71541\" data-element_type=\"column\">\n\t\t\t<div class=\"elementor-widget-wrap elementor-element-populated\">\n\t\t\t\t\t\t<div class=\"elementor-element elementor-element-2e7d486 elementor-widget elementor-widget-text-editor\" data-id=\"2e7d486\" data-element_type=\"widget\" data-widget_type=\"text-editor.default\">\n\t\t\t\t<div class=\"elementor-widget-container\">\n\t\t\t\t\t\t\t\t\t<h1>Soluciones tecnol\u00f3gicas de CRM<\/h1><p>Seguramente, usted sabe que todas las empresas deben contar, en mayor o menor medida, con soluciones tecnol\u00f3gicas que permitan la automatizaci\u00f3n de distintas actividades, ya que hacerlas de manera manual implica una p\u00e9rdida de tiempo, dinero y, adem\u00e1s, los riesgos de cometer errores son altos.<\/p><p>Dentro de las \u00e1reas que m\u00e1s se han familiarizado con la tecnolog\u00eda se encuentran aquellas que tienen que ver con la producci\u00f3n, el marketing y las ventas. Al respecto, entre las herramientas que m\u00e1s se han implementado en las organizaciones en los \u00faltimos a\u00f1os se destacan las soluciones CRM, cuyo objetivo consiste en ofrecerle a la empresa todas las funcionalidades y datos para optimizar la relaci\u00f3n con los consumidores.<\/p><p>En l\u00edneas generales, cuando una firma comienza a aumentar su cantidad de clientes, le resulta dificultoso conocer en detalle las necesidades y expectativas de cada uno. Adem\u00e1s, necesita automatizar procesos y programar alarmas. Para todo esto, existen en el mercado CRM, que son soluciones dise\u00f1adas espec\u00edficamente para este objetivo.<\/p><p>Si bien existen muchos proveedores de estas soluciones, se recomienda a la organizaci\u00f3n que desea implementar este programa que realice un examen minucioso para no comprar un producto inadecuado. Es necesario tener en cuenta que se trata de una inversi\u00f3n a largo plazo que impactar\u00e1 directamente en los ingresos y en las ventas de la compa\u00f1\u00eda.<\/p><h2>Soluciones CRM<\/h2><p>Como tantas empresas tienen la necesidad de contar con este tipo de soluci\u00f3n, durante los \u00faltimos tiempos se han multiplicado los proveedores de CRM. Lo bueno es que muchos de ellos han logrado desarrollar herramientas de <i>world-class<\/i>, pero accesibles para las pymes. Lo malo es que hay firmas que ofrecen productos que no se integran con otros, y poseen pocas funcionalidades. Por eso, como hay muchas soluciones CRM y todas son tan distintas entre s\u00ed, le aconsejamos que indague a fondo antes de invertir en una de ellas. En este sentido, puede tomar en cuenta estas recomendaciones:<\/p><p>\u2022 Que el posible proveedor lo considere como un socio de negocios y no como un cliente m\u00e1s.<br \/>\u2022 Que el desarrollador ofrezca una demo, o incluso instale alguna versi\u00f3n gratuita para que usted pueda observar c\u00f3mo funciona.<br \/>\u2022 Que la instalaci\u00f3n contemple el proceso de capacitaci\u00f3n de los empleados para que puedan aprovechar la herramienta al m\u00e1ximo.<br \/>\u2022 Que la soluci\u00f3n sea escalable. De esta manera, usted la puede expandir a medida que crece su negocio.<br \/>\u2022 Que la herramienta pueda integrarse f\u00e1cilmente con otras, por ejemplo con ERP.<br \/>\u2022 Que el software se entregue en espa\u00f1ol, y que sea capaz de adaptarse o modificarse r\u00e1pidamente.<br \/>\u2022 El servicio de postventa del proveedor.<br \/>\u2022 La trayectoria en el mercado y las empresas que ya conf\u00edan en el desarrollador le dar\u00e1n la pauta de si se trata o no de una compa\u00f1\u00eda seria.<\/p><h2>Soluci\u00f3n CRM<\/h2><p>Lejos de ser algo sofisticado o que carezca de verdadero uso o valor, las empresas saben que el futuro de su negocio depende, en parte, de la soluci\u00f3n CRM que implementen.<\/p><p>Actualmente, hasta las firmas m\u00e1s peque\u00f1as tienen alg\u00fan tipo de herramienta vinculada con el <i>Customer Relationship Management<\/i> (CRM) para llegar a los consumidores de la mejor manera posible, y para tener un panorama completo de c\u00f3mo se efect\u00faan las ventas, en tiempo real y de manera precisa.<\/p><p>\u00bfPor qu\u00e9? Distintos estudios dan cuenta de que son los clientes quienes determinan el \u00e9xito o fracaso de un negocio. Por ello, las empresas deben enfocarse en satisfacerlos y en detectar sus necesidades para ofrecerles lo que realmente necesitan.<\/p><p>Claramente, estamos hablando de que las organizaciones saben que deben enfocarse en sus usuarios, y dejar de lado las cuestiones \u00fanicamente vinculadas con la econom\u00eda. Como para lograr este objetivo es necesario conocer a fondo a los clientes, surge este tipo de software que recoge datos y los entrecruza para brindar los informes y gr\u00e1ficos m\u00e1s exactos sobre el comportamiento de las personas con la marca.<\/p><p>Este tipo de programa ha evolucionado de manera tal que ofrece recursos para segmentar al p\u00fablico, incorpora plantillas para campa\u00f1as de e-mail marketing y entregan toda clase de alertas.<\/p><p>\u00a1Realmente hay que ver para creer! Por eso, en TACTICASOFT contamos con una demo que, en cuesti\u00f3n de minutos, le permitir\u00e1 conocer en detalle c\u00f3mo funciona nuestra soluci\u00f3n CRM.<\/p><p>Con un equipo de destacados profesionales, TACTICASOFT desarrolla software de gesti\u00f3n Integral para empresas en todo el interior pa\u00eds. Contamos con clientes en Tierra del Fuego, Buenos Aires, Santa Fe, C\u00f3rdoba, Formosa, Misiones, San Juan, y en otras provincias. Adem\u00e1s, atendemos, por supuesto, a clientes de Capital Federal, as\u00ed como tambi\u00e9n de zona oeste, zona norte y sur (Gran Buenos Aires).<\/p><p>Para obtener m\u00e1s informaci\u00f3n sobre nuestras soluciones, lo invitamos a conocer nuestros casos de \u00e9xito, donde las empresas le cuentan en primera persona cu\u00e1nto han crecido desde que utilizan nuestros programas.<\/p><p>Nuestras soluciones tecnol\u00f3gicas de CRM est\u00e1n desarrolladas en un 100% por profesionales expertos, por eso garantizamos flexibilidad, agilidad y facilidad de uso, al mejor precio del mercado.<\/p>\t\t\t\t\t\t\t\t<\/div>\n\t\t\t\t<\/div>\n\t\t\t\t\t<\/div>\n\t\t<\/div>\n\t\t\t\t\t<\/div>\n\t\t<\/section>\n\t\t\t\t<section class=\"elementor-section elementor-top-section elementor-element elementor-element-150265e elementor-section-boxed elementor-section-height-default elementor-section-height-default\" data-id=\"150265e\" data-element_type=\"section\">\n\t\t\t\t\t\t<div class=\"elementor-container elementor-column-gap-default\">\n\t\t\t\t\t<div class=\"elementor-column elementor-col-100 elementor-top-column elementor-element elementor-element-62fcf1a\" data-id=\"62fcf1a\" data-element_type=\"column\">\n\t\t\t<div class=\"elementor-widget-wrap elementor-element-populated\">\n\t\t\t\t\t\t<div class=\"elementor-element elementor-element-55b5a3d elementor-widget__width-initial elementor-fixed elementor-hidden-tablet elementor-hidden-mobile elementor-button-align-stretch elementor-invisible elementor-widget elementor-widget-global elementor-global-372660 elementor-widget-form\" data-id=\"55b5a3d\" data-element_type=\"widget\" data-settings=\"{&quot;step_next_label&quot;:&quot;Siguiente&quot;,&quot;step_previous_label&quot;:&quot;Anterior&quot;,&quot;_position&quot;:&quot;fixed&quot;,&quot;sticky&quot;:&quot;top&quot;,&quot;_animation&quot;:&quot;fadeInUp&quot;,&quot;_animation_delay&quot;:5000,&quot;button_width&quot;:&quot;100&quot;,&quot;step_type&quot;:&quot;number_text&quot;,&quot;step_icon_shape&quot;:&quot;circle&quot;,&quot;sticky_on&quot;:[&quot;desktop&quot;,&quot;tablet&quot;,&quot;mobile&quot;],&quot;sticky_offset&quot;:0,&quot;sticky_effects_offset&quot;:0}\" data-widget_type=\"form.default\">\n\t\t\t\t<div class=\"elementor-widget-container\">\n\t\t\t\t\t\t\t<form class=\"elementor-form\" method=\"post\" name=\"Mini formulario\">\n\t\t\t<input type=\"hidden\" name=\"post_id\" value=\"371566\"\/>\n\t\t\t<input type=\"hidden\" name=\"form_id\" value=\"55b5a3d\"\/>\n\t\t\t<input type=\"hidden\" name=\"referer_title\" value=\"TACTICASOFT\" \/>\n\n\t\t\t\n\t\t\t<div class=\"elementor-form-fields-wrapper elementor-labels-\">\n\t\t\t\t\t\t\t\t<div class=\"elementor-field-type-text elementor-field-group elementor-column elementor-field-group-name elementor-col-50 elementor-field-required\">\n\t\t\t\t\t\t\t\t\t\t\t\t<label for=\"form-field-name\" class=\"elementor-field-label elementor-screen-only\">\n\t\t\t\t\t\t\t\tNombre\t\t\t\t\t\t\t<\/label>\n\t\t\t\t\t\t\t\t\t\t\t\t\t\t<input size=\"1\" type=\"text\" name=\"form_fields[name]\" id=\"form-field-name\" class=\"elementor-field elementor-size-xs  elementor-field-textual\" placeholder=\"Nombre\" required=\"required\" aria-required=\"true\">\n\t\t\t\t\t\t\t\t\t\t\t<\/div>\n\t\t\t\t\t\t\t\t<div class=\"elementor-field-type-text elementor-field-group elementor-column elementor-field-group-field_f549ebb elementor-col-50 elementor-field-required\">\n\t\t\t\t\t\t\t\t\t\t\t\t<label for=\"form-field-field_f549ebb\" class=\"elementor-field-label elementor-screen-only\">\n\t\t\t\t\t\t\t\tApellido\t\t\t\t\t\t\t<\/label>\n\t\t\t\t\t\t\t\t\t\t\t\t\t\t<input size=\"1\" type=\"text\" name=\"form_fields[field_f549ebb]\" id=\"form-field-field_f549ebb\" class=\"elementor-field elementor-size-xs  elementor-field-textual\" placeholder=\"Apellido\" required=\"required\" aria-required=\"true\">\n\t\t\t\t\t\t\t\t\t\t\t<\/div>\n\t\t\t\t\t\t\t\t<div class=\"elementor-field-type-email elementor-field-group elementor-column elementor-field-group-email elementor-col-50 elementor-field-required\">\n\t\t\t\t\t\t\t\t\t\t\t\t<label for=\"form-field-email\" class=\"elementor-field-label elementor-screen-only\">\n\t\t\t\t\t\t\t\tCorreo electr\u00f3nico\t\t\t\t\t\t\t<\/label>\n\t\t\t\t\t\t\t\t\t\t\t\t\t\t<input size=\"1\" type=\"email\" name=\"form_fields[email]\" id=\"form-field-email\" class=\"elementor-field elementor-size-xs  elementor-field-textual\" placeholder=\"Correo electr\u00f3nico\" required=\"required\" aria-required=\"true\">\n\t\t\t\t\t\t\t\t\t\t\t<\/div>\n\t\t\t\t\t\t\t\t<div class=\"elementor-field-type-text elementor-field-group elementor-column elementor-field-group-field_132689b elementor-col-50 elementor-field-required\">\n\t\t\t\t\t\t\t\t\t\t\t\t<label for=\"form-field-field_132689b\" class=\"elementor-field-label elementor-screen-only\">\n\t\t\t\t\t\t\t\tWhatsApp\t\t\t\t\t\t\t<\/label>\n\t\t\t\t\t\t\t\t\t\t\t\t\t\t<input size=\"1\" type=\"text\" name=\"form_fields[field_132689b]\" id=\"form-field-field_132689b\" class=\"elementor-field elementor-size-xs  elementor-field-textual\" placeholder=\"WhatsApp\" required=\"required\" aria-required=\"true\">\n\t\t\t\t\t\t\t\t\t\t\t<\/div>\n\t\t\t\t\t\t\t\t<div class=\"elementor-field-type-text elementor-field-group elementor-column elementor-field-group-field_8855b17 elementor-col-50 elementor-field-required\">\n\t\t\t\t\t\t\t\t\t\t\t\t<label for=\"form-field-field_8855b17\" class=\"elementor-field-label elementor-screen-only\">\n\t\t\t\t\t\t\t\tEmpresa\t\t\t\t\t\t\t<\/label>\n\t\t\t\t\t\t\t\t\t\t\t\t\t\t<input size=\"1\" type=\"text\" name=\"form_fields[field_8855b17]\" id=\"form-field-field_8855b17\" class=\"elementor-field elementor-size-xs  elementor-field-textual\" placeholder=\"Empresa\" required=\"required\" aria-required=\"true\">\n\t\t\t\t\t\t\t\t\t\t\t<\/div>\n\t\t\t\t\t\t\t\t<div class=\"elementor-field-type-text elementor-field-group elementor-column elementor-field-group-field_512ffa2 elementor-col-50 elementor-field-required\">\n\t\t\t\t\t\t\t\t\t\t\t\t<label for=\"form-field-field_512ffa2\" class=\"elementor-field-label elementor-screen-only\">\n\t\t\t\t\t\t\t\tCargo\t\t\t\t\t\t\t<\/label>\n\t\t\t\t\t\t\t\t\t\t\t\t\t\t<input size=\"1\" type=\"text\" name=\"form_fields[field_512ffa2]\" id=\"form-field-field_512ffa2\" class=\"elementor-field elementor-size-xs  elementor-field-textual\" placeholder=\"Cargo\" required=\"required\" aria-required=\"true\">\n\t\t\t\t\t\t\t\t\t\t\t<\/div>\n\t\t\t\t\t\t\t\t<div class=\"elementor-field-group elementor-column elementor-field-type-submit elementor-col-100 e-form__buttons\">\n\t\t\t\t\t<button class=\"elementor-button elementor-size-xs\" type=\"submit\">\n\t\t\t\t\t\t<span class=\"elementor-button-content-wrapper\">\n\t\t\t\t\t\t\t\t\t\t\t\t\t\t\t<span class=\"elementor-button-icon\">\n\t\t\t\t\t\t\t\t\t<i aria-hidden=\"true\" class=\"fas fa-envelope\"><\/i>\t\t\t\t\t\t\t\t\t\t\t\t\t\t\t\t\t<\/span>\n\t\t\t\t\t\t\t\t\t\t\t\t\t\t\t\t\t\t\t\t\t\t<span class=\"elementor-button-text\">Enviar<\/span>\n\t\t\t\t\t\t\t\t\t\t\t\t\t<\/span>\n\t\t\t\t\t<\/button>\n\t\t\t\t<\/div>\n\t\t\t<\/div>\n\t\t<\/form>\n\t\t\t\t\t\t<\/div>\n\t\t\t\t<\/div>\n\t\t\t\t\t<\/div>\n\t\t<\/div>\n\t\t\t\t\t<\/div>\n\t\t<\/section>\n\t\t\t\t<\/div>\n\t\t","protected":false},"excerpt":{"rendered":"<p>Soluciones de CRM Soluciones tecnol\u00f3gicas de CRM Seguramente, usted sabe que todas las empresas deben contar, en mayor o menor medida, con soluciones tecnol\u00f3gicas que permitan<span class=\"excerpt-hellip\"> [\u2026]<\/span><\/p>\n","protected":false},"author":4,"featured_media":0,"parent":371378,"menu_order":0,"comment_status":"closed","ping_status":"closed","template":"","meta":{"_acf_changed":false,"footnotes":""},"class_list":["post-371566","page","type-page","status-publish","hentry"],"acf":[],"yoast_head":"<!-- This site is optimized with the Yoast SEO plugin v27.3 - https:\/\/yoast.com\/product\/yoast-seo-wordpress\/ -->\n<title>Soluciones de CRM - TACTICASOFT<\/title>\n<meta name=\"robots\" content=\"index, follow, max-snippet:-1, max-image-preview:large, max-video-preview:-1\" \/>\n<link rel=\"canonical\" href=\"https:\/\/www.tacticasoft.com\/en\/erp-crm\/soluciones-de-crm\/\" \/>\n<meta property=\"og:locale\" content=\"en_US\" \/>\n<meta property=\"og:type\" content=\"article\" \/>\n<meta property=\"og:title\" content=\"Soluciones de CRM - TACTICASOFT\" \/>\n<meta property=\"og:description\" content=\"Soluciones de CRM Soluciones tecnol\u00f3gicas de CRM Seguramente, usted sabe que todas las empresas deben contar, en mayor o menor medida, con soluciones tecnol\u00f3gicas que permitan [\u2026]\" \/>\n<meta property=\"og:url\" content=\"https:\/\/www.tacticasoft.com\/en\/erp-crm\/soluciones-de-crm\/\" \/>\n<meta property=\"og:site_name\" content=\"TACTICASOFT\" \/>\n<meta property=\"article:modified_time\" content=\"2024-07-29T23:17:41+00:00\" \/>\n<meta name=\"twitter:card\" content=\"summary_large_image\" \/>\n<meta name=\"twitter:label1\" content=\"Est. reading time\" \/>\n\t<meta name=\"twitter:data1\" content=\"4 minutes\" \/>\n<script type=\"application\/ld+json\" class=\"yoast-schema-graph\">{\"@context\":\"https:\\\/\\\/schema.org\",\"@graph\":[{\"@type\":\"WebPage\",\"@id\":\"https:\\\/\\\/www.tacticasoft.com\\\/erp-crm\\\/soluciones-de-crm\\\/\",\"url\":\"https:\\\/\\\/www.tacticasoft.com\\\/erp-crm\\\/soluciones-de-crm\\\/\",\"name\":\"Soluciones de CRM - TACTICASOFT\",\"isPartOf\":{\"@id\":\"https:\\\/\\\/www.tacticasoft.com\\\/#website\"},\"datePublished\":\"2023-12-15T04:25:40+00:00\",\"dateModified\":\"2024-07-29T23:17:41+00:00\",\"breadcrumb\":{\"@id\":\"https:\\\/\\\/www.tacticasoft.com\\\/erp-crm\\\/soluciones-de-crm\\\/#breadcrumb\"},\"inLanguage\":\"en-US\",\"potentialAction\":[{\"@type\":\"ReadAction\",\"target\":[\"https:\\\/\\\/www.tacticasoft.com\\\/erp-crm\\\/soluciones-de-crm\\\/\"]}]},{\"@type\":\"BreadcrumbList\",\"@id\":\"https:\\\/\\\/www.tacticasoft.com\\\/erp-crm\\\/soluciones-de-crm\\\/#breadcrumb\",\"itemListElement\":[{\"@type\":\"ListItem\",\"position\":1,\"name\":\"Inicio\",\"item\":\"https:\\\/\\\/www.tacticasoft.com\\\/\"},{\"@type\":\"ListItem\",\"position\":2,\"name\":\"ERP CRM\",\"item\":\"https:\\\/\\\/www.tacticasoft.com\\\/erp-crm\\\/\"},{\"@type\":\"ListItem\",\"position\":3,\"name\":\"Soluciones de CRM\"}]},{\"@type\":\"WebSite\",\"@id\":\"https:\\\/\\\/www.tacticasoft.com\\\/#website\",\"url\":\"https:\\\/\\\/www.tacticasoft.com\\\/\",\"name\":\"TACTICASOFT\",\"description\":\"Software de CRM y ERP\",\"publisher\":{\"@id\":\"https:\\\/\\\/www.tacticasoft.com\\\/#organization\"},\"potentialAction\":[{\"@type\":\"SearchAction\",\"target\":{\"@type\":\"EntryPoint\",\"urlTemplate\":\"https:\\\/\\\/www.tacticasoft.com\\\/?s={search_term_string}\"},\"query-input\":{\"@type\":\"PropertyValueSpecification\",\"valueRequired\":true,\"valueName\":\"search_term_string\"}}],\"inLanguage\":\"en-US\"},{\"@type\":\"Organization\",\"@id\":\"https:\\\/\\\/www.tacticasoft.com\\\/#organization\",\"name\":\"TACTICASOFT\",\"url\":\"https:\\\/\\\/www.tacticasoft.com\\\/\",\"logo\":{\"@type\":\"ImageObject\",\"inLanguage\":\"en-US\",\"@id\":\"https:\\\/\\\/www.tacticasoft.com\\\/#\\\/schema\\\/logo\\\/image\\\/\",\"url\":\"https:\\\/\\\/www.tacticasoft.com\\\/wp-content\\\/uploads\\\/2023\\\/01\\\/cropped-logo.png\",\"contentUrl\":\"https:\\\/\\\/www.tacticasoft.com\\\/wp-content\\\/uploads\\\/2023\\\/01\\\/cropped-logo.png\",\"width\":141,\"height\":135,\"caption\":\"TACTICASOFT\"},\"image\":{\"@id\":\"https:\\\/\\\/www.tacticasoft.com\\\/#\\\/schema\\\/logo\\\/image\\\/\"}}]}<\/script>\n<!-- \/ Yoast SEO plugin. -->","yoast_head_json":{"title":"Soluciones de CRM - TACTICASOFT","robots":{"index":"index","follow":"follow","max-snippet":"max-snippet:-1","max-image-preview":"max-image-preview:large","max-video-preview":"max-video-preview:-1"},"canonical":"https:\/\/www.tacticasoft.com\/en\/erp-crm\/soluciones-de-crm\/","og_locale":"en_US","og_type":"article","og_title":"Soluciones de CRM - TACTICASOFT","og_description":"Soluciones de CRM Soluciones tecnol\u00f3gicas de CRM Seguramente, usted sabe que todas las empresas deben contar, en mayor o menor medida, con soluciones tecnol\u00f3gicas que permitan [\u2026]","og_url":"https:\/\/www.tacticasoft.com\/en\/erp-crm\/soluciones-de-crm\/","og_site_name":"TACTICASOFT","article_modified_time":"2024-07-29T23:17:41+00:00","twitter_card":"summary_large_image","twitter_misc":{"Est. reading time":"4 minutes"},"schema":{"@context":"https:\/\/schema.org","@graph":[{"@type":"WebPage","@id":"https:\/\/www.tacticasoft.com\/erp-crm\/soluciones-de-crm\/","url":"https:\/\/www.tacticasoft.com\/erp-crm\/soluciones-de-crm\/","name":"Soluciones de CRM - TACTICASOFT","isPartOf":{"@id":"https:\/\/www.tacticasoft.com\/#website"},"datePublished":"2023-12-15T04:25:40+00:00","dateModified":"2024-07-29T23:17:41+00:00","breadcrumb":{"@id":"https:\/\/www.tacticasoft.com\/erp-crm\/soluciones-de-crm\/#breadcrumb"},"inLanguage":"en-US","potentialAction":[{"@type":"ReadAction","target":["https:\/\/www.tacticasoft.com\/erp-crm\/soluciones-de-crm\/"]}]},{"@type":"BreadcrumbList","@id":"https:\/\/www.tacticasoft.com\/erp-crm\/soluciones-de-crm\/#breadcrumb","itemListElement":[{"@type":"ListItem","position":1,"name":"Inicio","item":"https:\/\/www.tacticasoft.com\/"},{"@type":"ListItem","position":2,"name":"ERP CRM","item":"https:\/\/www.tacticasoft.com\/erp-crm\/"},{"@type":"ListItem","position":3,"name":"Soluciones de CRM"}]},{"@type":"WebSite","@id":"https:\/\/www.tacticasoft.com\/#website","url":"https:\/\/www.tacticasoft.com\/","name":"TACTICASOFT","description":"Software de CRM y ERP","publisher":{"@id":"https:\/\/www.tacticasoft.com\/#organization"},"potentialAction":[{"@type":"SearchAction","target":{"@type":"EntryPoint","urlTemplate":"https:\/\/www.tacticasoft.com\/?s={search_term_string}"},"query-input":{"@type":"PropertyValueSpecification","valueRequired":true,"valueName":"search_term_string"}}],"inLanguage":"en-US"},{"@type":"Organization","@id":"https:\/\/www.tacticasoft.com\/#organization","name":"TACTICASOFT","url":"https:\/\/www.tacticasoft.com\/","logo":{"@type":"ImageObject","inLanguage":"en-US","@id":"https:\/\/www.tacticasoft.com\/#\/schema\/logo\/image\/","url":"https:\/\/www.tacticasoft.com\/wp-content\/uploads\/2023\/01\/cropped-logo.png","contentUrl":"https:\/\/www.tacticasoft.com\/wp-content\/uploads\/2023\/01\/cropped-logo.png","width":141,"height":135,"caption":"TACTICASOFT"},"image":{"@id":"https:\/\/www.tacticasoft.com\/#\/schema\/logo\/image\/"}}]}},"_links":{"self":[{"href":"https:\/\/www.tacticasoft.com\/en\/wp-json\/wp\/v2\/pages\/371566","targetHints":{"allow":["GET"]}}],"collection":[{"href":"https:\/\/www.tacticasoft.com\/en\/wp-json\/wp\/v2\/pages"}],"about":[{"href":"https:\/\/www.tacticasoft.com\/en\/wp-json\/wp\/v2\/types\/page"}],"author":[{"embeddable":true,"href":"https:\/\/www.tacticasoft.com\/en\/wp-json\/wp\/v2\/users\/4"}],"replies":[{"embeddable":true,"href":"https:\/\/www.tacticasoft.com\/en\/wp-json\/wp\/v2\/comments?post=371566"}],"version-history":[{"count":7,"href":"https:\/\/www.tacticasoft.com\/en\/wp-json\/wp\/v2\/pages\/371566\/revisions"}],"predecessor-version":[{"id":372917,"href":"https:\/\/www.tacticasoft.com\/en\/wp-json\/wp\/v2\/pages\/371566\/revisions\/372917"}],"up":[{"embeddable":true,"href":"https:\/\/www.tacticasoft.com\/en\/wp-json\/wp\/v2\/pages\/371378"}],"wp:attachment":[{"href":"https:\/\/www.tacticasoft.com\/en\/wp-json\/wp\/v2\/media?parent=371566"}],"curies":[{"name":"wp","href":"https:\/\/api.w.org\/{rel}","templated":true}]}}