{"id":371546,"date":"2023-12-15T01:19:06","date_gmt":"2023-12-15T04:19:06","guid":{"rendered":"https:\/\/www.tacticasoft.com\/?page_id=371546"},"modified":"2024-07-29T20:17:36","modified_gmt":"2024-07-29T23:17:36","slug":"crm-software","status":"publish","type":"page","link":"https:\/\/www.tacticasoft.com\/en\/erp-crm\/crm-software\/","title":{"rendered":"Software de CRM"},"content":{"rendered":"\t\t<div data-elementor-type=\"wp-page\" data-elementor-id=\"371546\" class=\"elementor elementor-371546\" data-elementor-post-type=\"page\">\n\t\t\t\t\t\t<section class=\"elementor-section elementor-top-section elementor-element elementor-element-160bad01 elementor-section-stretched elementor-section-boxed elementor-section-height-default elementor-section-height-default\" data-id=\"160bad01\" data-element_type=\"section\" data-settings=\"{&quot;stretch_section&quot;:&quot;section-stretched&quot;}\">\n\t\t\t\t\t\t<div class=\"elementor-container elementor-column-gap-default\">\n\t\t\t\t\t<div class=\"elementor-column elementor-col-100 elementor-top-column elementor-element elementor-element-7e2108ce\" data-id=\"7e2108ce\" data-element_type=\"column\">\n\t\t\t<div class=\"elementor-widget-wrap elementor-element-populated\">\n\t\t\t\t\t\t<div class=\"elementor-element elementor-element-16f18f3e elementor-widget elementor-widget-heading\" data-id=\"16f18f3e\" data-element_type=\"widget\" data-widget_type=\"heading.default\">\n\t\t\t\t<div class=\"elementor-widget-container\">\n\t\t\t\t\t<h3 class=\"elementor-heading-title elementor-size-default\">Software de CRM<\/h3>\t\t\t\t<\/div>\n\t\t\t\t<\/div>\n\t\t\t\t<div class=\"elementor-element elementor-element-29317023 elementor-widget-divider--view-line elementor-widget elementor-widget-divider\" data-id=\"29317023\" data-element_type=\"widget\" data-widget_type=\"divider.default\">\n\t\t\t\t<div class=\"elementor-widget-container\">\n\t\t\t\t\t\t\t<div class=\"elementor-divider\">\n\t\t\t<span class=\"elementor-divider-separator\">\n\t\t\t\t\t\t<\/span>\n\t\t<\/div>\n\t\t\t\t\t\t<\/div>\n\t\t\t\t<\/div>\n\t\t\t\t\t<\/div>\n\t\t<\/div>\n\t\t\t\t\t<\/div>\n\t\t<\/section>\n\t\t\t\t<section class=\"elementor-section elementor-top-section elementor-element elementor-element-1bef9d31 elementor-section-stretched plantilla_contenido elementor-section-boxed elementor-section-height-default elementor-section-height-default\" data-id=\"1bef9d31\" data-element_type=\"section\" data-settings=\"{&quot;stretch_section&quot;:&quot;section-stretched&quot;,&quot;background_background&quot;:&quot;classic&quot;}\">\n\t\t\t\t\t\t\t<div class=\"elementor-background-overlay\"><\/div>\n\t\t\t\t\t\t\t<div class=\"elementor-container elementor-column-gap-wider\">\n\t\t\t\t\t<div class=\"elementor-column elementor-col-100 elementor-top-column elementor-element elementor-element-7a4ae2d7\" data-id=\"7a4ae2d7\" data-element_type=\"column\">\n\t\t\t<div class=\"elementor-widget-wrap elementor-element-populated\">\n\t\t\t\t\t\t<div class=\"elementor-element elementor-element-58265062 elementor-widget elementor-widget-text-editor\" data-id=\"58265062\" data-element_type=\"widget\" data-widget_type=\"text-editor.default\">\n\t\t\t\t<div class=\"elementor-widget-container\">\n\t\t\t\t\t\t\t\t\t<div id=\"the_content\"><h1>Software de Customer Relationship Management<\/h1><p>Cada d\u00eda se habla m\u00e1s acerca del rol que cumple el cliente en las empresas. Por eso, las organizaciones se esfuerzan por conocer su comportamiento en profundidad, para ofrecerle servicios y productos que lo mantengan satisfecho y lo fidelicen.<\/p><p>Para lograr este cometido, las empresas utilizan software CRM, es decir, software de Customer Relationship Management. Se llaman as\u00ed a los programas que est\u00e1n especialmente dise\u00f1ados para analizar y ayudar en todos los aspectos de la relaci\u00f3n entre el consumidor y la empresa.<\/p><p>Si bien al principio estas herramientas ten\u00edan un alto costo y estaban disponibles solo para las corporaciones m\u00e1s grandes, los cierto es que hoy abundan las propuestas por mercados verticales, y tambi\u00e9n dise\u00f1adas para las peque\u00f1as y medianas empresas (PYMES). Y es que se sabe que todas las firmas deben invertir en estas soluciones para no entregarle sus clientes a la competencia por no conocerlos debidamente.<\/p><h2>Ejemplos de Software CRM<\/h2><p>Si usted ya sabe que quiere adquirir un programa de este tipo, es fundamental que analice en detalle las propuestas de los proveedores. Para eso, tenga en cuenta las siguientes caracter\u00edsticas:<\/p><p>\u2022 Los proveedores pymes ofrecen mejores precios y m\u00e1s flexibilidad. Adem\u00e1s, han desarrollado software cmr world-class, a la altura de las grandes corporaciones.<br \/>\u2022 Solicite ejemplos de software CRM para ver c\u00f3mo funcionan. En l\u00edneas generales, todas las firmas cuentan con demos, pruebas gratuitas y hasta casos de \u00e9xito en donde los clientes cuentan su experiencia con el programa.<br \/>\u2022 Analice las funcionalidades que incorpora<br \/>\u2022 F\u00edjese que el software CRM se integren f\u00e1cilmente.<br \/>\u2022 Vea si puede adquirir solo ciertos m\u00f3dulos, y luego comprar otros a medida que su negocio lo necesite.<br \/>\u2022 Que el proveedor capacite a su personal para que poder sacarle todo el provecho a la herramienta.<br \/>\u2022 Que el software CRM sea en espa\u00f1ol, realizado por profesionales que lo tengan incorporado como idioma nativo. Es realmente un problema comprar una herramienta nativa de otro idioma, a menudo traducida al castellano de forma muy pobre.<br \/>\u2022 Hay programas espec\u00edficos por mercados verticales. F\u00edjese de encontrar ejemplos de software CRM de este tipo para comprobar si realmente le servir\u00e1n o si le conviene obtener uno m\u00e1s gen\u00e9rico.<\/p><p>En definitiva, las empresas de todos los tama\u00f1os e industrias saben que tienen que cuidar al cliente conoci\u00e9ndolo a fondo y anticip\u00e1ndose a su comportamiento. Y todo esto se logra con la soluci\u00f3n inform\u00e1tica adecuada.<\/p><p>Lejos de llevar los datos en un Excel o libreta de anotaciones, como hac\u00edan las empresas en tiempos ancestrales, las empresas deben cruzar todos los datos propios y los de la competencia para que las decisiones se tomen en base a informaci\u00f3n concreta, y no de forma intuitiva.<\/p><p>Adem\u00e1s, es necesario contar con datos exactos acerca del desempe\u00f1o de cada vendedor y c\u00f3mo convertir a potenciales clientes en reales usuarios de nuestros productos.<\/p><p>Por todo esto y mucho m\u00e1s, las empresas est\u00e1n implementado un software CRM ya que saben que no pueden dejar ning\u00fan detalle que tenga que ver con los clientes librados al azar.<\/p><h2>Software CRM en espa\u00f1ol<\/h2><p>Con frecuencia algunas firmas deciden implementar soluciones desarrolladas por extranjeros, que luego son traducidas al espa\u00f1ol. Si bien la idea suena muy bien, lo cierto es que en la pr\u00e1ctica las organizaciones luego tienen serios problemas para utilizar el programa.<\/p><p>\u00bfPor qu\u00e9? En muchas ocasiones, los centros de ayuda no est\u00e1n en castellano. De esta manera, ante dudas o problemas el cliente se encuentra con personal de soporte y gu\u00edas en el idioma nativo del producto o en ingl\u00e9s. Por otra parte, a veces el software CRM se entrega con una traducci\u00f3n pobre realizada en espa\u00f1ol neutro, el cual es muy distinto al que usamos en la Argentina. Incluso hay t\u00e9rminos que no se comprenden o que para nosotros tienen otro significado.<\/p><p>Por todos estos motivos, es crucial que su empresa elija un software CRM en espa\u00f1ol, pero que tenga en cuenta las particularidades del idioma en Argentina.<\/p><h2>Software CRM<\/h2><p>En el mercado hay una importante oferta de soluciones CRM, pero no todas las alternativas son \u00f3ptimas para su empresa. Si usted a\u00fan no invirti\u00f3 en ning\u00fan tipo de herramienta de gesti\u00f3n empresarial, es importante que sepa que el software Customer Relationship Management podr\u00eda integrarse f\u00e1cilmente con una soluci\u00f3n ERP (Enterprise Resource Management).<\/p><p>Este dato es clave porque la integraci\u00f3n entre ambas le permitir\u00e1 maximizar la gesti\u00f3n, as\u00ed como la producci\u00f3n global de la empresa. Si bien las dos herramientas de gesti\u00f3n pueden adquirirse por separado, lo ideal es que luego puedan enlazarse. En este sentido, una misma aplicaci\u00f3n, con una \u00fanica forma de operar e igual interfaz son elementos que resultan de tal integraci\u00f3n. As\u00ed, se mejora la pr\u00e1ctica organizacional ya que se ponen en marcha procesos mucho m\u00e1s eficientes, se comparte informaci\u00f3n en tiempo real y se integran todas las \u00e1reas de la firma.<\/p><h2>Software CRM aqu\u00ed y ahora<\/h2><p>Si ya est\u00e1 decidido a implementar en su empresa un software CRM, lo invitamos a que se comunique con nosotros.<\/p><p>Con varios a\u00f1os de experiencia, en TACTICASOFT nos especializamos en el desarrollo de software CRM&amp;ERP. Como somos una pyme que implementa soluciones para otras peque\u00f1as y medianas empresas, conocemos tan bien como usted la realidad y las particulares de este tipo de organizaciones.<\/p><p>Actualmente, muchos clientes de todo el pa\u00eds incluyendo Mendoza, La Rioja, Rosario Santa Fe, C\u00f3rdoba, Chubut, Buenos Aires y Entre R\u00edos, por mencionar solo algunos, utilizan nuestro software CRM.<\/p><p>Para mayor informaci\u00f3n, contamos con demos, que se pueden llevar acabo en tiempo real v\u00eda Internet de nuestra soluci\u00f3n, casos de \u00e9xito y documentos que detallan las caracter\u00edsticas de nuestras herramientas. Lo invitamos a que se ponga en contacto con nosotros para despejar todas sus dudas. Estamos a su disposici\u00f3n.<\/p><\/div>\t\t\t\t\t\t\t\t<\/div>\n\t\t\t\t<\/div>\n\t\t\t\t\t<\/div>\n\t\t<\/div>\n\t\t\t\t\t<\/div>\n\t\t<\/section>\n\t\t\t\t<section class=\"elementor-section elementor-top-section elementor-element elementor-element-5031c9d elementor-section-boxed elementor-section-height-default elementor-section-height-default\" data-id=\"5031c9d\" data-element_type=\"section\">\n\t\t\t\t\t\t<div class=\"elementor-container elementor-column-gap-default\">\n\t\t\t\t\t<div class=\"elementor-column elementor-col-100 elementor-top-column elementor-element elementor-element-17d4017\" data-id=\"17d4017\" data-element_type=\"column\">\n\t\t\t<div class=\"elementor-widget-wrap elementor-element-populated\">\n\t\t\t\t\t\t<div class=\"elementor-element elementor-element-a879f3b elementor-widget__width-initial elementor-fixed elementor-hidden-tablet elementor-hidden-mobile elementor-button-align-stretch elementor-invisible elementor-widget elementor-widget-global elementor-global-372660 elementor-widget-form\" data-id=\"a879f3b\" data-element_type=\"widget\" data-settings=\"{&quot;step_next_label&quot;:&quot;Siguiente&quot;,&quot;step_previous_label&quot;:&quot;Anterior&quot;,&quot;_position&quot;:&quot;fixed&quot;,&quot;sticky&quot;:&quot;top&quot;,&quot;_animation&quot;:&quot;fadeInUp&quot;,&quot;_animation_delay&quot;:5000,&quot;button_width&quot;:&quot;100&quot;,&quot;step_type&quot;:&quot;number_text&quot;,&quot;step_icon_shape&quot;:&quot;circle&quot;,&quot;sticky_on&quot;:[&quot;desktop&quot;,&quot;tablet&quot;,&quot;mobile&quot;],&quot;sticky_offset&quot;:0,&quot;sticky_effects_offset&quot;:0}\" data-widget_type=\"form.default\">\n\t\t\t\t<div class=\"elementor-widget-container\">\n\t\t\t\t\t\t\t<form class=\"elementor-form\" method=\"post\" name=\"Mini formulario\">\n\t\t\t<input type=\"hidden\" name=\"post_id\" value=\"371546\"\/>\n\t\t\t<input type=\"hidden\" name=\"form_id\" value=\"a879f3b\"\/>\n\t\t\t<input type=\"hidden\" name=\"referer_title\" value=\"TACTICASOFT\" \/>\n\n\t\t\t\n\t\t\t<div class=\"elementor-form-fields-wrapper elementor-labels-\">\n\t\t\t\t\t\t\t\t<div class=\"elementor-field-type-text elementor-field-group elementor-column elementor-field-group-name elementor-col-50 elementor-field-required\">\n\t\t\t\t\t\t\t\t\t\t\t\t<label for=\"form-field-name\" class=\"elementor-field-label elementor-screen-only\">\n\t\t\t\t\t\t\t\tNombre\t\t\t\t\t\t\t<\/label>\n\t\t\t\t\t\t\t\t\t\t\t\t\t\t<input size=\"1\" type=\"text\" name=\"form_fields[name]\" id=\"form-field-name\" class=\"elementor-field elementor-size-xs  elementor-field-textual\" placeholder=\"Nombre\" required=\"required\" aria-required=\"true\">\n\t\t\t\t\t\t\t\t\t\t\t<\/div>\n\t\t\t\t\t\t\t\t<div class=\"elementor-field-type-text elementor-field-group elementor-column elementor-field-group-field_f549ebb elementor-col-50 elementor-field-required\">\n\t\t\t\t\t\t\t\t\t\t\t\t<label for=\"form-field-field_f549ebb\" class=\"elementor-field-label elementor-screen-only\">\n\t\t\t\t\t\t\t\tApellido\t\t\t\t\t\t\t<\/label>\n\t\t\t\t\t\t\t\t\t\t\t\t\t\t<input size=\"1\" type=\"text\" name=\"form_fields[field_f549ebb]\" id=\"form-field-field_f549ebb\" class=\"elementor-field elementor-size-xs  elementor-field-textual\" placeholder=\"Apellido\" required=\"required\" aria-required=\"true\">\n\t\t\t\t\t\t\t\t\t\t\t<\/div>\n\t\t\t\t\t\t\t\t<div class=\"elementor-field-type-email elementor-field-group elementor-column elementor-field-group-email elementor-col-50 elementor-field-required\">\n\t\t\t\t\t\t\t\t\t\t\t\t<label for=\"form-field-email\" class=\"elementor-field-label elementor-screen-only\">\n\t\t\t\t\t\t\t\tCorreo electr\u00f3nico\t\t\t\t\t\t\t<\/label>\n\t\t\t\t\t\t\t\t\t\t\t\t\t\t<input size=\"1\" type=\"email\" name=\"form_fields[email]\" id=\"form-field-email\" class=\"elementor-field elementor-size-xs  elementor-field-textual\" placeholder=\"Correo electr\u00f3nico\" required=\"required\" aria-required=\"true\">\n\t\t\t\t\t\t\t\t\t\t\t<\/div>\n\t\t\t\t\t\t\t\t<div class=\"elementor-field-type-text elementor-field-group elementor-column elementor-field-group-field_132689b elementor-col-50 elementor-field-required\">\n\t\t\t\t\t\t\t\t\t\t\t\t<label for=\"form-field-field_132689b\" class=\"elementor-field-label elementor-screen-only\">\n\t\t\t\t\t\t\t\tWhatsApp\t\t\t\t\t\t\t<\/label>\n\t\t\t\t\t\t\t\t\t\t\t\t\t\t<input size=\"1\" type=\"text\" name=\"form_fields[field_132689b]\" id=\"form-field-field_132689b\" class=\"elementor-field elementor-size-xs  elementor-field-textual\" placeholder=\"WhatsApp\" required=\"required\" aria-required=\"true\">\n\t\t\t\t\t\t\t\t\t\t\t<\/div>\n\t\t\t\t\t\t\t\t<div class=\"elementor-field-type-text elementor-field-group elementor-column elementor-field-group-field_8855b17 elementor-col-50 elementor-field-required\">\n\t\t\t\t\t\t\t\t\t\t\t\t<label for=\"form-field-field_8855b17\" class=\"elementor-field-label elementor-screen-only\">\n\t\t\t\t\t\t\t\tEmpresa\t\t\t\t\t\t\t<\/label>\n\t\t\t\t\t\t\t\t\t\t\t\t\t\t<input size=\"1\" type=\"text\" name=\"form_fields[field_8855b17]\" id=\"form-field-field_8855b17\" class=\"elementor-field elementor-size-xs  elementor-field-textual\" placeholder=\"Empresa\" required=\"required\" aria-required=\"true\">\n\t\t\t\t\t\t\t\t\t\t\t<\/div>\n\t\t\t\t\t\t\t\t<div class=\"elementor-field-type-text elementor-field-group elementor-column elementor-field-group-field_512ffa2 elementor-col-50 elementor-field-required\">\n\t\t\t\t\t\t\t\t\t\t\t\t<label for=\"form-field-field_512ffa2\" class=\"elementor-field-label elementor-screen-only\">\n\t\t\t\t\t\t\t\tCargo\t\t\t\t\t\t\t<\/label>\n\t\t\t\t\t\t\t\t\t\t\t\t\t\t<input size=\"1\" type=\"text\" name=\"form_fields[field_512ffa2]\" id=\"form-field-field_512ffa2\" class=\"elementor-field elementor-size-xs  elementor-field-textual\" placeholder=\"Cargo\" required=\"required\" aria-required=\"true\">\n\t\t\t\t\t\t\t\t\t\t\t<\/div>\n\t\t\t\t\t\t\t\t<div class=\"elementor-field-group elementor-column elementor-field-type-submit elementor-col-100 e-form__buttons\">\n\t\t\t\t\t<button class=\"elementor-button elementor-size-xs\" type=\"submit\">\n\t\t\t\t\t\t<span class=\"elementor-button-content-wrapper\">\n\t\t\t\t\t\t\t\t\t\t\t\t\t\t\t<span class=\"elementor-button-icon\">\n\t\t\t\t\t\t\t\t\t<i aria-hidden=\"true\" class=\"fas fa-envelope\"><\/i>\t\t\t\t\t\t\t\t\t\t\t\t\t\t\t\t\t<\/span>\n\t\t\t\t\t\t\t\t\t\t\t\t\t\t\t\t\t\t\t\t\t\t<span class=\"elementor-button-text\">Enviar<\/span>\n\t\t\t\t\t\t\t\t\t\t\t\t\t<\/span>\n\t\t\t\t\t<\/button>\n\t\t\t\t<\/div>\n\t\t\t<\/div>\n\t\t<\/form>\n\t\t\t\t\t\t<\/div>\n\t\t\t\t<\/div>\n\t\t\t\t\t<\/div>\n\t\t<\/div>\n\t\t\t\t\t<\/div>\n\t\t<\/section>\n\t\t\t\t<\/div>\n\t\t","protected":false},"excerpt":{"rendered":"<p>Software de CRM Software de Customer Relationship Management Cada d\u00eda se habla m\u00e1s acerca del rol que cumple el cliente en las empresas. Por eso, las<span class=\"excerpt-hellip\"> [\u2026]<\/span><\/p>\n","protected":false},"author":4,"featured_media":0,"parent":371378,"menu_order":0,"comment_status":"closed","ping_status":"closed","template":"","meta":{"_acf_changed":false,"footnotes":""},"class_list":["post-371546","page","type-page","status-publish","hentry"],"acf":[],"yoast_head":"<!-- This site is optimized with the Yoast SEO plugin v27.3 - https:\/\/yoast.com\/product\/yoast-seo-wordpress\/ -->\n<title>Software de CRM - TACTICASOFT<\/title>\n<meta name=\"robots\" content=\"index, follow, max-snippet:-1, max-image-preview:large, max-video-preview:-1\" \/>\n<link rel=\"canonical\" href=\"https:\/\/www.tacticasoft.com\/en\/erp-crm\/crm-software\/\" \/>\n<meta property=\"og:locale\" content=\"en_US\" \/>\n<meta property=\"og:type\" content=\"article\" \/>\n<meta property=\"og:title\" content=\"Software de CRM - TACTICASOFT\" \/>\n<meta property=\"og:description\" content=\"Software de CRM Software de Customer Relationship Management Cada d\u00eda se habla m\u00e1s acerca del rol que cumple el cliente en las empresas. Por eso, las [\u2026]\" \/>\n<meta property=\"og:url\" content=\"https:\/\/www.tacticasoft.com\/en\/erp-crm\/crm-software\/\" \/>\n<meta property=\"og:site_name\" content=\"TACTICASOFT\" \/>\n<meta property=\"article:modified_time\" content=\"2024-07-29T23:17:36+00:00\" \/>\n<meta name=\"twitter:card\" content=\"summary_large_image\" \/>\n<meta name=\"twitter:label1\" content=\"Est. reading time\" \/>\n\t<meta name=\"twitter:data1\" content=\"5 minutes\" \/>\n<script type=\"application\/ld+json\" class=\"yoast-schema-graph\">{\"@context\":\"https:\\\/\\\/schema.org\",\"@graph\":[{\"@type\":\"WebPage\",\"@id\":\"https:\\\/\\\/www.tacticasoft.com\\\/erp-crm\\\/crm-software\\\/\",\"url\":\"https:\\\/\\\/www.tacticasoft.com\\\/erp-crm\\\/crm-software\\\/\",\"name\":\"Software de CRM - TACTICASOFT\",\"isPartOf\":{\"@id\":\"https:\\\/\\\/www.tacticasoft.com\\\/#website\"},\"datePublished\":\"2023-12-15T04:19:06+00:00\",\"dateModified\":\"2024-07-29T23:17:36+00:00\",\"breadcrumb\":{\"@id\":\"https:\\\/\\\/www.tacticasoft.com\\\/erp-crm\\\/crm-software\\\/#breadcrumb\"},\"inLanguage\":\"en-US\",\"potentialAction\":[{\"@type\":\"ReadAction\",\"target\":[\"https:\\\/\\\/www.tacticasoft.com\\\/erp-crm\\\/crm-software\\\/\"]}]},{\"@type\":\"BreadcrumbList\",\"@id\":\"https:\\\/\\\/www.tacticasoft.com\\\/erp-crm\\\/crm-software\\\/#breadcrumb\",\"itemListElement\":[{\"@type\":\"ListItem\",\"position\":1,\"name\":\"Inicio\",\"item\":\"https:\\\/\\\/www.tacticasoft.com\\\/\"},{\"@type\":\"ListItem\",\"position\":2,\"name\":\"ERP CRM\",\"item\":\"https:\\\/\\\/www.tacticasoft.com\\\/erp-crm\\\/\"},{\"@type\":\"ListItem\",\"position\":3,\"name\":\"Software de CRM\"}]},{\"@type\":\"WebSite\",\"@id\":\"https:\\\/\\\/www.tacticasoft.com\\\/#website\",\"url\":\"https:\\\/\\\/www.tacticasoft.com\\\/\",\"name\":\"TACTICASOFT\",\"description\":\"Software de CRM y ERP\",\"publisher\":{\"@id\":\"https:\\\/\\\/www.tacticasoft.com\\\/#organization\"},\"potentialAction\":[{\"@type\":\"SearchAction\",\"target\":{\"@type\":\"EntryPoint\",\"urlTemplate\":\"https:\\\/\\\/www.tacticasoft.com\\\/?s={search_term_string}\"},\"query-input\":{\"@type\":\"PropertyValueSpecification\",\"valueRequired\":true,\"valueName\":\"search_term_string\"}}],\"inLanguage\":\"en-US\"},{\"@type\":\"Organization\",\"@id\":\"https:\\\/\\\/www.tacticasoft.com\\\/#organization\",\"name\":\"TACTICASOFT\",\"url\":\"https:\\\/\\\/www.tacticasoft.com\\\/\",\"logo\":{\"@type\":\"ImageObject\",\"inLanguage\":\"en-US\",\"@id\":\"https:\\\/\\\/www.tacticasoft.com\\\/#\\\/schema\\\/logo\\\/image\\\/\",\"url\":\"https:\\\/\\\/www.tacticasoft.com\\\/wp-content\\\/uploads\\\/2023\\\/01\\\/cropped-logo.png\",\"contentUrl\":\"https:\\\/\\\/www.tacticasoft.com\\\/wp-content\\\/uploads\\\/2023\\\/01\\\/cropped-logo.png\",\"width\":141,\"height\":135,\"caption\":\"TACTICASOFT\"},\"image\":{\"@id\":\"https:\\\/\\\/www.tacticasoft.com\\\/#\\\/schema\\\/logo\\\/image\\\/\"}}]}<\/script>\n<!-- \/ Yoast SEO plugin. -->","yoast_head_json":{"title":"Software de CRM - TACTICASOFT","robots":{"index":"index","follow":"follow","max-snippet":"max-snippet:-1","max-image-preview":"max-image-preview:large","max-video-preview":"max-video-preview:-1"},"canonical":"https:\/\/www.tacticasoft.com\/en\/erp-crm\/crm-software\/","og_locale":"en_US","og_type":"article","og_title":"Software de CRM - TACTICASOFT","og_description":"Software de CRM Software de Customer Relationship Management Cada d\u00eda se habla m\u00e1s acerca del rol que cumple el cliente en las empresas. Por eso, las [\u2026]","og_url":"https:\/\/www.tacticasoft.com\/en\/erp-crm\/crm-software\/","og_site_name":"TACTICASOFT","article_modified_time":"2024-07-29T23:17:36+00:00","twitter_card":"summary_large_image","twitter_misc":{"Est. reading time":"5 minutes"},"schema":{"@context":"https:\/\/schema.org","@graph":[{"@type":"WebPage","@id":"https:\/\/www.tacticasoft.com\/erp-crm\/crm-software\/","url":"https:\/\/www.tacticasoft.com\/erp-crm\/crm-software\/","name":"Software de CRM - TACTICASOFT","isPartOf":{"@id":"https:\/\/www.tacticasoft.com\/#website"},"datePublished":"2023-12-15T04:19:06+00:00","dateModified":"2024-07-29T23:17:36+00:00","breadcrumb":{"@id":"https:\/\/www.tacticasoft.com\/erp-crm\/crm-software\/#breadcrumb"},"inLanguage":"en-US","potentialAction":[{"@type":"ReadAction","target":["https:\/\/www.tacticasoft.com\/erp-crm\/crm-software\/"]}]},{"@type":"BreadcrumbList","@id":"https:\/\/www.tacticasoft.com\/erp-crm\/crm-software\/#breadcrumb","itemListElement":[{"@type":"ListItem","position":1,"name":"Inicio","item":"https:\/\/www.tacticasoft.com\/"},{"@type":"ListItem","position":2,"name":"ERP CRM","item":"https:\/\/www.tacticasoft.com\/erp-crm\/"},{"@type":"ListItem","position":3,"name":"Software de CRM"}]},{"@type":"WebSite","@id":"https:\/\/www.tacticasoft.com\/#website","url":"https:\/\/www.tacticasoft.com\/","name":"TACTICASOFT","description":"Software de CRM y ERP","publisher":{"@id":"https:\/\/www.tacticasoft.com\/#organization"},"potentialAction":[{"@type":"SearchAction","target":{"@type":"EntryPoint","urlTemplate":"https:\/\/www.tacticasoft.com\/?s={search_term_string}"},"query-input":{"@type":"PropertyValueSpecification","valueRequired":true,"valueName":"search_term_string"}}],"inLanguage":"en-US"},{"@type":"Organization","@id":"https:\/\/www.tacticasoft.com\/#organization","name":"TACTICASOFT","url":"https:\/\/www.tacticasoft.com\/","logo":{"@type":"ImageObject","inLanguage":"en-US","@id":"https:\/\/www.tacticasoft.com\/#\/schema\/logo\/image\/","url":"https:\/\/www.tacticasoft.com\/wp-content\/uploads\/2023\/01\/cropped-logo.png","contentUrl":"https:\/\/www.tacticasoft.com\/wp-content\/uploads\/2023\/01\/cropped-logo.png","width":141,"height":135,"caption":"TACTICASOFT"},"image":{"@id":"https:\/\/www.tacticasoft.com\/#\/schema\/logo\/image\/"}}]}},"_links":{"self":[{"href":"https:\/\/www.tacticasoft.com\/en\/wp-json\/wp\/v2\/pages\/371546","targetHints":{"allow":["GET"]}}],"collection":[{"href":"https:\/\/www.tacticasoft.com\/en\/wp-json\/wp\/v2\/pages"}],"about":[{"href":"https:\/\/www.tacticasoft.com\/en\/wp-json\/wp\/v2\/types\/page"}],"author":[{"embeddable":true,"href":"https:\/\/www.tacticasoft.com\/en\/wp-json\/wp\/v2\/users\/4"}],"replies":[{"embeddable":true,"href":"https:\/\/www.tacticasoft.com\/en\/wp-json\/wp\/v2\/comments?post=371546"}],"version-history":[{"count":8,"href":"https:\/\/www.tacticasoft.com\/en\/wp-json\/wp\/v2\/pages\/371546\/revisions"}],"predecessor-version":[{"id":372914,"href":"https:\/\/www.tacticasoft.com\/en\/wp-json\/wp\/v2\/pages\/371546\/revisions\/372914"}],"up":[{"embeddable":true,"href":"https:\/\/www.tacticasoft.com\/en\/wp-json\/wp\/v2\/pages\/371378"}],"wp:attachment":[{"href":"https:\/\/www.tacticasoft.com\/en\/wp-json\/wp\/v2\/media?parent=371546"}],"curies":[{"name":"wp","href":"https:\/\/api.w.org\/{rel}","templated":true}]}}