{"id":371520,"date":"2023-12-15T01:01:16","date_gmt":"2023-12-15T04:01:16","guid":{"rendered":"https:\/\/www.tacticasoft.com\/?page_id=371520"},"modified":"2024-07-29T20:12:37","modified_gmt":"2024-07-29T23:12:37","slug":"crm-argentina","status":"publish","type":"page","link":"https:\/\/www.tacticasoft.com\/en\/erp-crm\/crm-argentina\/","title":{"rendered":"CRM Argentina"},"content":{"rendered":"\t\t<div data-elementor-type=\"wp-page\" data-elementor-id=\"371520\" class=\"elementor elementor-371520\" data-elementor-post-type=\"page\">\n\t\t\t\t\t\t<section class=\"elementor-section elementor-top-section elementor-element elementor-element-1e7db217 elementor-section-stretched elementor-section-boxed elementor-section-height-default elementor-section-height-default\" data-id=\"1e7db217\" data-element_type=\"section\" data-settings=\"{&quot;stretch_section&quot;:&quot;section-stretched&quot;}\">\n\t\t\t\t\t\t<div class=\"elementor-container elementor-column-gap-default\">\n\t\t\t\t\t<div class=\"elementor-column elementor-col-100 elementor-top-column elementor-element elementor-element-6608c3f8\" data-id=\"6608c3f8\" data-element_type=\"column\">\n\t\t\t<div class=\"elementor-widget-wrap elementor-element-populated\">\n\t\t\t\t\t\t<div class=\"elementor-element elementor-element-7e406696 elementor-widget elementor-widget-heading\" data-id=\"7e406696\" data-element_type=\"widget\" data-widget_type=\"heading.default\">\n\t\t\t\t<div class=\"elementor-widget-container\">\n\t\t\t\t\t<h3 class=\"elementor-heading-title elementor-size-default\">CRM Argentina<\/h3>\t\t\t\t<\/div>\n\t\t\t\t<\/div>\n\t\t\t\t<div class=\"elementor-element elementor-element-8895f0f elementor-widget-divider--view-line elementor-widget elementor-widget-divider\" data-id=\"8895f0f\" data-element_type=\"widget\" data-widget_type=\"divider.default\">\n\t\t\t\t<div class=\"elementor-widget-container\">\n\t\t\t\t\t\t\t<div class=\"elementor-divider\">\n\t\t\t<span class=\"elementor-divider-separator\">\n\t\t\t\t\t\t<\/span>\n\t\t<\/div>\n\t\t\t\t\t\t<\/div>\n\t\t\t\t<\/div>\n\t\t\t\t\t<\/div>\n\t\t<\/div>\n\t\t\t\t\t<\/div>\n\t\t<\/section>\n\t\t\t\t<section class=\"elementor-section elementor-top-section elementor-element elementor-element-1487d0bd elementor-section-stretched elementor-section-boxed elementor-section-height-default elementor-section-height-default\" data-id=\"1487d0bd\" data-element_type=\"section\" data-settings=\"{&quot;stretch_section&quot;:&quot;section-stretched&quot;,&quot;background_background&quot;:&quot;classic&quot;}\">\n\t\t\t\t\t\t\t<div class=\"elementor-background-overlay\"><\/div>\n\t\t\t\t\t\t\t<div class=\"elementor-container elementor-column-gap-wider\">\n\t\t\t\t\t<div class=\"elementor-column elementor-col-100 elementor-top-column elementor-element elementor-element-4ebbe7dc\" data-id=\"4ebbe7dc\" data-element_type=\"column\">\n\t\t\t<div class=\"elementor-widget-wrap elementor-element-populated\">\n\t\t\t\t\t\t<div class=\"elementor-element elementor-element-1aa85732 elementor-widget elementor-widget-text-editor\" data-id=\"1aa85732\" data-element_type=\"widget\" data-widget_type=\"text-editor.default\">\n\t\t\t\t<div class=\"elementor-widget-container\">\n\t\t\t\t\t\t\t\t\t<div id=\"the_content\"><h1>Cada d\u00eda m\u00e1s empresas utilizan CRM en Argentina<\/h1><p>En un mundo cada vez m\u00e1s globalizado y competitivo, ninguna organizaci\u00f3n debe dejar aspectos librados al azar en todos los aspectos vinculados con la atenci\u00f3n de los clientes.<\/p><p>Por tal motivo, desde las pymes hasta las grandes corporaciones est\u00e1n implementando sistemas CRM en Argentina. \u00bfDe qu\u00e9 estamos hablando? CRM, del ingl\u00e9s <i>Customer Relationship Management<\/i>, consiste en soluciones de software desarrolladas para que las empresas puedan disponer en tiempo real de todo tipo de informaci\u00f3n vinculada con sus clientes. Por ejemplo, sus datos de contacto en forma completa. Adem\u00e1s, permiten programaciones para que se env\u00eden alertas y mantienen todo el historial de la relaci\u00f3n entre la compa\u00f1\u00eda y sus clientes.<\/p><p>Como si esto fuera poco, tambi\u00e9n ofrecen las herramientas para analizar el desempe\u00f1o propio con respecto al de los principales competidores, tanto a nivel empresarial como por producto. De esta manera, los CRM brindan una radiograf\u00eda exacta y en tiempo real para que las organizaciones puedan tomar las mejores decisiones, sin riesgo a equivocarse.<\/p><h2>Software CRM en Argentina<\/h2><p>En el mercado mundial existen numerosos proveedores de CRM y la Argentina no se queda atr\u00e1s, ya que aqu\u00ed estas soluciones han evolucionado a la par de los pa\u00edses m\u00e1s avanzados. Sucede que en un mundo global, donde todos compiten para optimizar las relaciones con sus clientes, las firmas tienen la misma necesidad de conocer en detalle qu\u00e9 sucede en sus relaciones comerciales, con el objetivo de maximizar la tasa de retenci\u00f3n.<\/p><p>Conociendo las necesidades particulares de las firmas argentinas, en funci\u00f3n de su idiosincrasia y cultura, TACTICASOFT ofrece el mejor CRM en Argentina y toda Latinoam\u00e9rica, con una soluci\u00f3n personalizable, escalable y a medida de la industria de cada empresa y de sus requerimientos.<\/p><p>De esta manera, a trav\u00e9s de una soluci\u00f3n desarrollada por expertos, las organizaciones pueden acceder, adem\u00e1s de los beneficios citados, a una interesante gama de funcionalidades tales como: calendario para coordinar reuniones, notificaciones internas y externas, gr\u00e1ficos de todo tipo, para lograr as\u00ed la automatizaci\u00f3n de varios sectores de la empresa.<\/p><p>Asimismo, permite implementar numerosas acciones v\u00eda correo electr\u00f3nico a diferentes m\u00f3dulos del sistema, con la facilidad de determinar reglas de mensaje para optimizar el funcionamiento de este tipo de comunicaci\u00f3n. Tambi\u00e9n ofrece plantillas para generaci\u00f3n de correos electr\u00f3nicos personalizados y masivos. En consecuencia, resulta simple enviar campa\u00f1as a miles de personas con un solo par de clics.<\/p><p>Con las campa\u00f1as de marketing que se pueden organizar a trav\u00e9s de TACTICA CRM, las empresas pueden optimizar sus comunicaciones por grupo objetivo, y con informaciones adicionales tales como presupuesto por campa\u00f1a, gastos por acci\u00f3n, seguimiento del comportamiento de cada persona que recibe el correo, ventas reales y estimadas.<\/p><h2>Informaci\u00f3n exacta para tomar decisiones<\/h2><p>TACTICA CRM permite generar presupuestos y cotizaciones, y adem\u00e1s sabemos exactamente c\u00f3mo hacerlo a medida de cada empresa. Pero le ofrecemos m\u00e1s, ya que nuestra herramienta permite hacer seguimientos comerciales, probabilidades de cierre, administraci\u00f3n de revisiones, y seguimiento de las oportunidades de venta. Sumado a esto, entrega an\u00e1lisis de todo tipo y numerosos gr\u00e1ficos que facilitan tomar las mejores decisiones empresariales, siempre contando con la informaci\u00f3n de los competidores para tener un escenario real de lo que est\u00e1 sucediendo en el mercado.<\/p><p>Las tablas din\u00e1micas son un plus, ya que se pueden elaborar informes gerenciales, cruzando todo tipo de informaci\u00f3n. Lo mismo sucede con las planillas en funci\u00f3n de las cuotas de venta de los vendedores, que pueden determinarse seg\u00fan el territorio y\/o el producto. De esta manera, la firma sabr\u00e1 con precisi\u00f3n el desempe\u00f1o de cada uno de sus vendedores, dondequiera que est\u00e9n.<\/p><p>Nuestro software CRM de Argentina ayuda en la generaci\u00f3n de pedidos a partir de presupuesto, efect\u00faa reserva de mercader\u00eda, y lleva un conteo perfecto de las \u00f3rdenes de compra y sus entregas, ya sean parciales o totales.<\/p><p>Los software CRM en Argentina ofrecen muchas m\u00e1s funcionalidades y se posicionan como la herramienta que, definitivamente, no puede faltar en ninguna empresa que privilegie la relaci\u00f3n con sus clientes.<\/p><h2>Software TACTICA CRM<\/h2><p>Con varios a\u00f1os de experiencia, en TACTICASOFT trabajamos para que nuestras herramientas sean una verdadera \u201cmano derecha\u201d de los empresarios.<\/p><p>Despu\u00e9s de varios a\u00f1os de investigaci\u00f3n, desarrollamos nuestra suite de CRM que incluye mejoras contundentes, compar\u00e1ndola con las otras soluciones similares que se ofrecen en el mercado.<\/p><p>TACTICA CRM les brinda a los clientes una soluci\u00f3n m\u00e1s completa, que tiene impacto directo en todas las \u00e1reas de la empresa. Es decir, nuestros sistemas permiten mejorar no solo la relaci\u00f3n con el cliente, sino tambi\u00e9n la relaci\u00f3n con los proveedores, la operatoria interna para optimizar los procesos de gesti\u00f3n y, sobre todo, mejorar la producci\u00f3n en todos sus aspectos.<\/p><p>Distintos tipos de empresas utilizan nuestro CRM en Argentina, ya que estamos en todo el pa\u00eds, desde Salta, Buenos Aires (zona oeste, sur y zona norte), Santa Fe, C\u00f3rdoba, Neuqu\u00e9n, Santa Cruz, hasta Tierra del Fuego, por mencionar solo algunas. M\u00e1s all\u00e1 de las potentes funcionalidades que ofrecemos, nuestro software es \u00e1gil, pr\u00e1ctico de implementar y sencillo de utilizar para que lo maneje desde la secretaria hasta el presidente de la empresa. Como somos argentinos, brindamos una herramienta <i>world-class<\/i>, pero con un lenguaje en espa\u00f1ol nativo.<\/p><p>Cons\u00faltenos, contamos con el software de CRM en Argentina m\u00e1s potente y flexible. Lo esperamos para sorprenderlo con nuestra calidad de atenci\u00f3n.<\/p><\/div>\t\t\t\t\t\t\t\t<\/div>\n\t\t\t\t<\/div>\n\t\t\t\t\t<\/div>\n\t\t<\/div>\n\t\t\t\t\t<\/div>\n\t\t<\/section>\n\t\t\t\t<section class=\"elementor-section elementor-top-section elementor-element elementor-element-4cf02ee elementor-section-boxed elementor-section-height-default elementor-section-height-default\" data-id=\"4cf02ee\" data-element_type=\"section\">\n\t\t\t\t\t\t<div class=\"elementor-container elementor-column-gap-default\">\n\t\t\t\t\t<div class=\"elementor-column elementor-col-100 elementor-top-column elementor-element elementor-element-f472475\" data-id=\"f472475\" data-element_type=\"column\">\n\t\t\t<div class=\"elementor-widget-wrap elementor-element-populated\">\n\t\t\t\t\t\t<div class=\"elementor-element elementor-element-101ed22 elementor-widget__width-initial elementor-fixed elementor-hidden-tablet elementor-hidden-mobile elementor-button-align-stretch elementor-invisible elementor-widget elementor-widget-global elementor-global-372660 elementor-widget-form\" data-id=\"101ed22\" data-element_type=\"widget\" data-settings=\"{&quot;step_next_label&quot;:&quot;Siguiente&quot;,&quot;step_previous_label&quot;:&quot;Anterior&quot;,&quot;_position&quot;:&quot;fixed&quot;,&quot;sticky&quot;:&quot;top&quot;,&quot;_animation&quot;:&quot;fadeInUp&quot;,&quot;_animation_delay&quot;:5000,&quot;button_width&quot;:&quot;100&quot;,&quot;step_type&quot;:&quot;number_text&quot;,&quot;step_icon_shape&quot;:&quot;circle&quot;,&quot;sticky_on&quot;:[&quot;desktop&quot;,&quot;tablet&quot;,&quot;mobile&quot;],&quot;sticky_offset&quot;:0,&quot;sticky_effects_offset&quot;:0}\" data-widget_type=\"form.default\">\n\t\t\t\t<div class=\"elementor-widget-container\">\n\t\t\t\t\t\t\t<form class=\"elementor-form\" method=\"post\" name=\"Mini formulario\">\n\t\t\t<input type=\"hidden\" name=\"post_id\" value=\"371520\"\/>\n\t\t\t<input type=\"hidden\" name=\"form_id\" value=\"101ed22\"\/>\n\t\t\t<input type=\"hidden\" name=\"referer_title\" value=\"TACTICASOFT\" \/>\n\n\t\t\t\n\t\t\t<div class=\"elementor-form-fields-wrapper elementor-labels-\">\n\t\t\t\t\t\t\t\t<div class=\"elementor-field-type-text elementor-field-group elementor-column elementor-field-group-name elementor-col-50 elementor-field-required\">\n\t\t\t\t\t\t\t\t\t\t\t\t<label for=\"form-field-name\" class=\"elementor-field-label elementor-screen-only\">\n\t\t\t\t\t\t\t\tNombre\t\t\t\t\t\t\t<\/label>\n\t\t\t\t\t\t\t\t\t\t\t\t\t\t<input size=\"1\" type=\"text\" name=\"form_fields[name]\" id=\"form-field-name\" class=\"elementor-field elementor-size-xs  elementor-field-textual\" placeholder=\"Nombre\" required=\"required\" aria-required=\"true\">\n\t\t\t\t\t\t\t\t\t\t\t<\/div>\n\t\t\t\t\t\t\t\t<div class=\"elementor-field-type-text elementor-field-group elementor-column elementor-field-group-field_f549ebb elementor-col-50 elementor-field-required\">\n\t\t\t\t\t\t\t\t\t\t\t\t<label for=\"form-field-field_f549ebb\" class=\"elementor-field-label elementor-screen-only\">\n\t\t\t\t\t\t\t\tApellido\t\t\t\t\t\t\t<\/label>\n\t\t\t\t\t\t\t\t\t\t\t\t\t\t<input size=\"1\" type=\"text\" name=\"form_fields[field_f549ebb]\" id=\"form-field-field_f549ebb\" class=\"elementor-field elementor-size-xs  elementor-field-textual\" placeholder=\"Apellido\" required=\"required\" aria-required=\"true\">\n\t\t\t\t\t\t\t\t\t\t\t<\/div>\n\t\t\t\t\t\t\t\t<div class=\"elementor-field-type-email elementor-field-group elementor-column elementor-field-group-email elementor-col-50 elementor-field-required\">\n\t\t\t\t\t\t\t\t\t\t\t\t<label for=\"form-field-email\" class=\"elementor-field-label elementor-screen-only\">\n\t\t\t\t\t\t\t\tCorreo electr\u00f3nico\t\t\t\t\t\t\t<\/label>\n\t\t\t\t\t\t\t\t\t\t\t\t\t\t<input size=\"1\" type=\"email\" name=\"form_fields[email]\" id=\"form-field-email\" class=\"elementor-field elementor-size-xs  elementor-field-textual\" placeholder=\"Correo electr\u00f3nico\" required=\"required\" aria-required=\"true\">\n\t\t\t\t\t\t\t\t\t\t\t<\/div>\n\t\t\t\t\t\t\t\t<div class=\"elementor-field-type-text elementor-field-group elementor-column elementor-field-group-field_132689b elementor-col-50 elementor-field-required\">\n\t\t\t\t\t\t\t\t\t\t\t\t<label for=\"form-field-field_132689b\" class=\"elementor-field-label elementor-screen-only\">\n\t\t\t\t\t\t\t\tWhatsApp\t\t\t\t\t\t\t<\/label>\n\t\t\t\t\t\t\t\t\t\t\t\t\t\t<input size=\"1\" type=\"text\" name=\"form_fields[field_132689b]\" id=\"form-field-field_132689b\" class=\"elementor-field elementor-size-xs  elementor-field-textual\" placeholder=\"WhatsApp\" required=\"required\" aria-required=\"true\">\n\t\t\t\t\t\t\t\t\t\t\t<\/div>\n\t\t\t\t\t\t\t\t<div class=\"elementor-field-type-text elementor-field-group elementor-column elementor-field-group-field_8855b17 elementor-col-50 elementor-field-required\">\n\t\t\t\t\t\t\t\t\t\t\t\t<label for=\"form-field-field_8855b17\" class=\"elementor-field-label elementor-screen-only\">\n\t\t\t\t\t\t\t\tEmpresa\t\t\t\t\t\t\t<\/label>\n\t\t\t\t\t\t\t\t\t\t\t\t\t\t<input size=\"1\" type=\"text\" name=\"form_fields[field_8855b17]\" id=\"form-field-field_8855b17\" class=\"elementor-field elementor-size-xs  elementor-field-textual\" placeholder=\"Empresa\" required=\"required\" aria-required=\"true\">\n\t\t\t\t\t\t\t\t\t\t\t<\/div>\n\t\t\t\t\t\t\t\t<div class=\"elementor-field-type-text elementor-field-group elementor-column elementor-field-group-field_512ffa2 elementor-col-50 elementor-field-required\">\n\t\t\t\t\t\t\t\t\t\t\t\t<label for=\"form-field-field_512ffa2\" class=\"elementor-field-label elementor-screen-only\">\n\t\t\t\t\t\t\t\tCargo\t\t\t\t\t\t\t<\/label>\n\t\t\t\t\t\t\t\t\t\t\t\t\t\t<input size=\"1\" type=\"text\" name=\"form_fields[field_512ffa2]\" id=\"form-field-field_512ffa2\" class=\"elementor-field elementor-size-xs  elementor-field-textual\" placeholder=\"Cargo\" required=\"required\" aria-required=\"true\">\n\t\t\t\t\t\t\t\t\t\t\t<\/div>\n\t\t\t\t\t\t\t\t<div class=\"elementor-field-group elementor-column elementor-field-type-submit elementor-col-100 e-form__buttons\">\n\t\t\t\t\t<button class=\"elementor-button elementor-size-xs\" type=\"submit\">\n\t\t\t\t\t\t<span class=\"elementor-button-content-wrapper\">\n\t\t\t\t\t\t\t\t\t\t\t\t\t\t\t<span class=\"elementor-button-icon\">\n\t\t\t\t\t\t\t\t\t<i aria-hidden=\"true\" class=\"fas fa-envelope\"><\/i>\t\t\t\t\t\t\t\t\t\t\t\t\t\t\t\t\t<\/span>\n\t\t\t\t\t\t\t\t\t\t\t\t\t\t\t\t\t\t\t\t\t\t<span class=\"elementor-button-text\">Enviar<\/span>\n\t\t\t\t\t\t\t\t\t\t\t\t\t<\/span>\n\t\t\t\t\t<\/button>\n\t\t\t\t<\/div>\n\t\t\t<\/div>\n\t\t<\/form>\n\t\t\t\t\t\t<\/div>\n\t\t\t\t<\/div>\n\t\t\t\t\t<\/div>\n\t\t<\/div>\n\t\t\t\t\t<\/div>\n\t\t<\/section>\n\t\t\t\t<\/div>\n\t\t","protected":false},"excerpt":{"rendered":"<p>CRM Argentina Cada d\u00eda m\u00e1s empresas utilizan CRM en Argentina En un mundo cada vez m\u00e1s globalizado y competitivo, ninguna organizaci\u00f3n debe dejar aspectos librados al<span class=\"excerpt-hellip\"> [\u2026]<\/span><\/p>\n","protected":false},"author":4,"featured_media":0,"parent":371378,"menu_order":0,"comment_status":"closed","ping_status":"closed","template":"","meta":{"_acf_changed":false,"footnotes":""},"class_list":["post-371520","page","type-page","status-publish","hentry"],"acf":[],"yoast_head":"<!-- This site is optimized with the Yoast SEO plugin v27.3 - https:\/\/yoast.com\/product\/yoast-seo-wordpress\/ -->\n<title>CRM Argentina - TACTICASOFT<\/title>\n<meta name=\"robots\" content=\"index, follow, max-snippet:-1, max-image-preview:large, max-video-preview:-1\" \/>\n<link rel=\"canonical\" href=\"https:\/\/www.tacticasoft.com\/en\/erp-crm\/crm-argentina\/\" \/>\n<meta property=\"og:locale\" content=\"en_US\" \/>\n<meta property=\"og:type\" content=\"article\" \/>\n<meta property=\"og:title\" content=\"CRM Argentina - TACTICASOFT\" \/>\n<meta property=\"og:description\" content=\"CRM Argentina Cada d\u00eda m\u00e1s empresas utilizan CRM en Argentina En un mundo cada vez m\u00e1s globalizado y competitivo, ninguna organizaci\u00f3n debe dejar aspectos librados al [\u2026]\" \/>\n<meta property=\"og:url\" content=\"https:\/\/www.tacticasoft.com\/en\/erp-crm\/crm-argentina\/\" \/>\n<meta property=\"og:site_name\" content=\"TACTICASOFT\" \/>\n<meta property=\"article:modified_time\" content=\"2024-07-29T23:12:37+00:00\" \/>\n<meta name=\"twitter:card\" content=\"summary_large_image\" \/>\n<meta name=\"twitter:label1\" content=\"Est. reading time\" \/>\n\t<meta name=\"twitter:data1\" content=\"5 minutes\" \/>\n<script type=\"application\/ld+json\" class=\"yoast-schema-graph\">{\"@context\":\"https:\\\/\\\/schema.org\",\"@graph\":[{\"@type\":\"WebPage\",\"@id\":\"https:\\\/\\\/www.tacticasoft.com\\\/erp-crm\\\/crm-argentina\\\/\",\"url\":\"https:\\\/\\\/www.tacticasoft.com\\\/erp-crm\\\/crm-argentina\\\/\",\"name\":\"CRM Argentina - TACTICASOFT\",\"isPartOf\":{\"@id\":\"https:\\\/\\\/www.tacticasoft.com\\\/#website\"},\"datePublished\":\"2023-12-15T04:01:16+00:00\",\"dateModified\":\"2024-07-29T23:12:37+00:00\",\"breadcrumb\":{\"@id\":\"https:\\\/\\\/www.tacticasoft.com\\\/erp-crm\\\/crm-argentina\\\/#breadcrumb\"},\"inLanguage\":\"en-US\",\"potentialAction\":[{\"@type\":\"ReadAction\",\"target\":[\"https:\\\/\\\/www.tacticasoft.com\\\/erp-crm\\\/crm-argentina\\\/\"]}]},{\"@type\":\"BreadcrumbList\",\"@id\":\"https:\\\/\\\/www.tacticasoft.com\\\/erp-crm\\\/crm-argentina\\\/#breadcrumb\",\"itemListElement\":[{\"@type\":\"ListItem\",\"position\":1,\"name\":\"Inicio\",\"item\":\"https:\\\/\\\/www.tacticasoft.com\\\/\"},{\"@type\":\"ListItem\",\"position\":2,\"name\":\"ERP CRM\",\"item\":\"https:\\\/\\\/www.tacticasoft.com\\\/erp-crm\\\/\"},{\"@type\":\"ListItem\",\"position\":3,\"name\":\"CRM Argentina\"}]},{\"@type\":\"WebSite\",\"@id\":\"https:\\\/\\\/www.tacticasoft.com\\\/#website\",\"url\":\"https:\\\/\\\/www.tacticasoft.com\\\/\",\"name\":\"TACTICASOFT\",\"description\":\"Software de CRM y ERP\",\"publisher\":{\"@id\":\"https:\\\/\\\/www.tacticasoft.com\\\/#organization\"},\"potentialAction\":[{\"@type\":\"SearchAction\",\"target\":{\"@type\":\"EntryPoint\",\"urlTemplate\":\"https:\\\/\\\/www.tacticasoft.com\\\/?s={search_term_string}\"},\"query-input\":{\"@type\":\"PropertyValueSpecification\",\"valueRequired\":true,\"valueName\":\"search_term_string\"}}],\"inLanguage\":\"en-US\"},{\"@type\":\"Organization\",\"@id\":\"https:\\\/\\\/www.tacticasoft.com\\\/#organization\",\"name\":\"TACTICASOFT\",\"url\":\"https:\\\/\\\/www.tacticasoft.com\\\/\",\"logo\":{\"@type\":\"ImageObject\",\"inLanguage\":\"en-US\",\"@id\":\"https:\\\/\\\/www.tacticasoft.com\\\/#\\\/schema\\\/logo\\\/image\\\/\",\"url\":\"https:\\\/\\\/www.tacticasoft.com\\\/wp-content\\\/uploads\\\/2023\\\/01\\\/cropped-logo.png\",\"contentUrl\":\"https:\\\/\\\/www.tacticasoft.com\\\/wp-content\\\/uploads\\\/2023\\\/01\\\/cropped-logo.png\",\"width\":141,\"height\":135,\"caption\":\"TACTICASOFT\"},\"image\":{\"@id\":\"https:\\\/\\\/www.tacticasoft.com\\\/#\\\/schema\\\/logo\\\/image\\\/\"}}]}<\/script>\n<!-- \/ Yoast SEO plugin. -->","yoast_head_json":{"title":"CRM Argentina - TACTICASOFT","robots":{"index":"index","follow":"follow","max-snippet":"max-snippet:-1","max-image-preview":"max-image-preview:large","max-video-preview":"max-video-preview:-1"},"canonical":"https:\/\/www.tacticasoft.com\/en\/erp-crm\/crm-argentina\/","og_locale":"en_US","og_type":"article","og_title":"CRM Argentina - TACTICASOFT","og_description":"CRM Argentina Cada d\u00eda m\u00e1s empresas utilizan CRM en Argentina En un mundo cada vez m\u00e1s globalizado y competitivo, ninguna organizaci\u00f3n debe dejar aspectos librados al [\u2026]","og_url":"https:\/\/www.tacticasoft.com\/en\/erp-crm\/crm-argentina\/","og_site_name":"TACTICASOFT","article_modified_time":"2024-07-29T23:12:37+00:00","twitter_card":"summary_large_image","twitter_misc":{"Est. reading time":"5 minutes"},"schema":{"@context":"https:\/\/schema.org","@graph":[{"@type":"WebPage","@id":"https:\/\/www.tacticasoft.com\/erp-crm\/crm-argentina\/","url":"https:\/\/www.tacticasoft.com\/erp-crm\/crm-argentina\/","name":"CRM Argentina - TACTICASOFT","isPartOf":{"@id":"https:\/\/www.tacticasoft.com\/#website"},"datePublished":"2023-12-15T04:01:16+00:00","dateModified":"2024-07-29T23:12:37+00:00","breadcrumb":{"@id":"https:\/\/www.tacticasoft.com\/erp-crm\/crm-argentina\/#breadcrumb"},"inLanguage":"en-US","potentialAction":[{"@type":"ReadAction","target":["https:\/\/www.tacticasoft.com\/erp-crm\/crm-argentina\/"]}]},{"@type":"BreadcrumbList","@id":"https:\/\/www.tacticasoft.com\/erp-crm\/crm-argentina\/#breadcrumb","itemListElement":[{"@type":"ListItem","position":1,"name":"Inicio","item":"https:\/\/www.tacticasoft.com\/"},{"@type":"ListItem","position":2,"name":"ERP CRM","item":"https:\/\/www.tacticasoft.com\/erp-crm\/"},{"@type":"ListItem","position":3,"name":"CRM Argentina"}]},{"@type":"WebSite","@id":"https:\/\/www.tacticasoft.com\/#website","url":"https:\/\/www.tacticasoft.com\/","name":"TACTICASOFT","description":"Software de CRM y ERP","publisher":{"@id":"https:\/\/www.tacticasoft.com\/#organization"},"potentialAction":[{"@type":"SearchAction","target":{"@type":"EntryPoint","urlTemplate":"https:\/\/www.tacticasoft.com\/?s={search_term_string}"},"query-input":{"@type":"PropertyValueSpecification","valueRequired":true,"valueName":"search_term_string"}}],"inLanguage":"en-US"},{"@type":"Organization","@id":"https:\/\/www.tacticasoft.com\/#organization","name":"TACTICASOFT","url":"https:\/\/www.tacticasoft.com\/","logo":{"@type":"ImageObject","inLanguage":"en-US","@id":"https:\/\/www.tacticasoft.com\/#\/schema\/logo\/image\/","url":"https:\/\/www.tacticasoft.com\/wp-content\/uploads\/2023\/01\/cropped-logo.png","contentUrl":"https:\/\/www.tacticasoft.com\/wp-content\/uploads\/2023\/01\/cropped-logo.png","width":141,"height":135,"caption":"TACTICASOFT"},"image":{"@id":"https:\/\/www.tacticasoft.com\/#\/schema\/logo\/image\/"}}]}},"_links":{"self":[{"href":"https:\/\/www.tacticasoft.com\/en\/wp-json\/wp\/v2\/pages\/371520","targetHints":{"allow":["GET"]}}],"collection":[{"href":"https:\/\/www.tacticasoft.com\/en\/wp-json\/wp\/v2\/pages"}],"about":[{"href":"https:\/\/www.tacticasoft.com\/en\/wp-json\/wp\/v2\/types\/page"}],"author":[{"embeddable":true,"href":"https:\/\/www.tacticasoft.com\/en\/wp-json\/wp\/v2\/users\/4"}],"replies":[{"embeddable":true,"href":"https:\/\/www.tacticasoft.com\/en\/wp-json\/wp\/v2\/comments?post=371520"}],"version-history":[{"count":7,"href":"https:\/\/www.tacticasoft.com\/en\/wp-json\/wp\/v2\/pages\/371520\/revisions"}],"predecessor-version":[{"id":372871,"href":"https:\/\/www.tacticasoft.com\/en\/wp-json\/wp\/v2\/pages\/371520\/revisions\/372871"}],"up":[{"embeddable":true,"href":"https:\/\/www.tacticasoft.com\/en\/wp-json\/wp\/v2\/pages\/371378"}],"wp:attachment":[{"href":"https:\/\/www.tacticasoft.com\/en\/wp-json\/wp\/v2\/media?parent=371520"}],"curies":[{"name":"wp","href":"https:\/\/api.w.org\/{rel}","templated":true}]}}